{"id":1563,"date":"2021-08-31T06:07:57","date_gmt":"2021-08-31T05:07:57","guid":{"rendered":"https:\/\/enikam.neznano.com\/?page_id=1563"},"modified":"2023-12-12T13:52:07","modified_gmt":"2023-12-12T13:52:07","slug":"politica-sulla-riservatezza","status":"publish","type":"page","link":"https:\/\/enikam.com\/it\/politica-aziendale\/politica-sulla-riservatezza\/","title":{"rendered":"Politica sulla riservatezza"},"content":{"rendered":"\t\t<div data-elementor-type=\"wp-page\" data-elementor-id=\"1563\" class=\"elementor elementor-1563\">\n\t\t\t\t\t\t<section class=\"has_eae_slider elementor-section elementor-top-section elementor-element elementor-element-1bd3700 elementor-section-boxed elementor-section-height-default elementor-section-height-default\" data-id=\"1bd3700\" data-element_type=\"section\">\n\t\t\t\t\t\t<div class=\"elementor-container elementor-column-gap-default\">\n\t\t\t\t\t<div class=\"has_eae_slider elementor-column elementor-col-100 elementor-top-column elementor-element elementor-element-f2e7bb7\" data-id=\"f2e7bb7\" data-element_type=\"column\">\n\t\t\t<div class=\"elementor-widget-wrap elementor-element-populated\">\n\t\t\t\t\t\t<div class=\"elementor-element elementor-element-f551b23 elementor-widget elementor-widget-heading\" data-id=\"f551b23\" data-element_type=\"widget\" data-widget_type=\"heading.default\">\n\t\t\t\t<div class=\"elementor-widget-container\">\n\t\t\t<style>\/*! elementor - v3.21.0 - 26-05-2024 *\/\n.elementor-heading-title{padding:0;margin:0;line-height:1}.elementor-widget-heading .elementor-heading-title[class*=elementor-size-]>a{color:inherit;font-size:inherit;line-height:inherit}.elementor-widget-heading .elementor-heading-title.elementor-size-small{font-size:15px}.elementor-widget-heading .elementor-heading-title.elementor-size-medium{font-size:19px}.elementor-widget-heading .elementor-heading-title.elementor-size-large{font-size:29px}.elementor-widget-heading .elementor-heading-title.elementor-size-xl{font-size:39px}.elementor-widget-heading .elementor-heading-title.elementor-size-xxl{font-size:59px}<\/style><h2 class=\"elementor-heading-title elementor-size-default\">POLITICA SULLA RISERVATEZZA\n<\/h2>\t\t<\/div>\n\t\t\t\t<\/div>\n\t\t\t\t<div class=\"elementor-element elementor-element-e25913c elementor-widget elementor-widget-text-editor\" data-id=\"e25913c\" data-element_type=\"widget\" data-widget_type=\"text-editor.default\">\n\t\t\t\t<div class=\"elementor-widget-container\">\n\t\t\t<style>\/*! elementor - v3.21.0 - 26-05-2024 *\/\n.elementor-widget-text-editor.elementor-drop-cap-view-stacked .elementor-drop-cap{background-color:#69727d;color:#fff}.elementor-widget-text-editor.elementor-drop-cap-view-framed .elementor-drop-cap{color:#69727d;border:3px solid;background-color:transparent}.elementor-widget-text-editor:not(.elementor-drop-cap-view-default) .elementor-drop-cap{margin-top:8px}.elementor-widget-text-editor:not(.elementor-drop-cap-view-default) .elementor-drop-cap-letter{width:1em;height:1em}.elementor-widget-text-editor .elementor-drop-cap{float:left;text-align:center;line-height:1;font-size:50px}.elementor-widget-text-editor .elementor-drop-cap-letter{display:inline-block}<\/style>\t\t\t\t<p>USO, DURATA E SCOPO DELLA CONSERVAZIONE E DEL TRATTAMENTO<\/p>\t\t\t\t\t\t<\/div>\n\t\t\t\t<\/div>\n\t\t\t\t<div class=\"elementor-element elementor-element-b36b8f4 elementor-widget elementor-widget-text-editor\" data-id=\"b36b8f4\" data-element_type=\"widget\" data-widget_type=\"text-editor.default\">\n\t\t\t\t<div class=\"elementor-widget-container\">\n\t\t\t\t\t\t\t<p>I dati personali dell\u2019utente vengono conservati ed elaborati per mantenere il contatto con il cliente, per comunicare promozioni tramite posta elettronica, per accelerare la vendita e per analizzare i profili dei clienti al fine di personalizzare le offerte ed i prodotti per i clienti nei messaggi e-mai e sul sito stesso. Nel caso in cui al cliente vengano spedite delle e-mail, possiamo registrare le visualizzazioni di questi messaggi e gli accessi ai link inclusi nei messaggi. Questi dati vengono elaborati ed analizzati automaticamente affinch\u00e9 possiamo valutare l\u2019interesse del cliente e migliorare e ottimizzare le offerte e personalizzare i messaggi futuri.<\/p><p>Al fine di comunicare col cliente tramite posta elettronica, ne conserviamo:<\/p><ul><li>l\u2019indirizzo e-mail,<\/li><li>il nome,<\/li><li>il cognome,<\/li><li>il genere.<\/li><\/ul><p>I dati personali vengono raccolti previo consenso esplicito dell\u2019utente. Il consenso viene conservato assieme al relativo testo e al modulo con il quale tale consenso \u00e8 stato comunicato.<\/p><p>Questi dati personali vengono usati dai seguenti reparti:<\/p><ul><li>vendita,<\/li><li>marketing,<\/li><li>servizio clienti,<\/li><li>contabilit\u00e0.\u00a0<\/li><\/ul>\t\t\t\t\t\t<\/div>\n\t\t\t\t<\/div>\n\t\t\t\t<div class=\"elementor-element elementor-element-5c73b41 elementor-widget elementor-widget-text-editor\" data-id=\"5c73b41\" data-element_type=\"widget\" data-widget_type=\"text-editor.default\">\n\t\t\t\t<div class=\"elementor-widget-container\">\n\t\t\t\t\t\t\t<p>ESPORTAZIONE DATI<\/p>\t\t\t\t\t\t<\/div>\n\t\t\t\t<\/div>\n\t\t\t\t<div class=\"elementor-element elementor-element-7052ad3 elementor-widget elementor-widget-text-editor\" data-id=\"7052ad3\" data-element_type=\"widget\" data-widget_type=\"text-editor.default\">\n\t\t\t\t<div class=\"elementor-widget-container\">\n\t\t\t\t\t\t\t<p>I dati personali raccolti vengono conservati sul territorio della Repubblica di Slovenia e non saranno divulgati verso altri Paesi.\u00a0<\/p>\t\t\t\t\t\t<\/div>\n\t\t\t\t<\/div>\n\t\t\t\t<div class=\"elementor-element elementor-element-96ed717 elementor-widget elementor-widget-text-editor\" data-id=\"96ed717\" data-element_type=\"widget\" data-widget_type=\"text-editor.default\">\n\t\t\t\t<div class=\"elementor-widget-container\">\n\t\t\t\t\t\t\t<p>PERIODO DI CONSERVAZIONE<\/p>\t\t\t\t\t\t<\/div>\n\t\t\t\t<\/div>\n\t\t\t\t<div class=\"elementor-element elementor-element-901212e elementor-widget elementor-widget-text-editor\" data-id=\"901212e\" data-element_type=\"widget\" data-widget_type=\"text-editor.default\">\n\t\t\t\t<div class=\"elementor-widget-container\">\n\t\t\t\t\t\t\t<p>I dati personale dell\u2019utente saranno conservati fino alla revoca del consenso alla conservazione al trattamento dei dati. Una volta revocato tale consenso, i dati personali dell\u2019utente verranno immediatamente cancellati in modo efficiente e permanente.<\/p><p>Nel caso in cui dovessero venire meno gli scopi per i quali la nostra societ\u00e0 conserva e tratta i dati personali dell\u2019utente, i dati raccolti il cui scopo non \u00e8 pi\u00f9 attuale verranno immediatamente cancellati in modo efficiente e permanente.<\/p><p>I dati relativi alle visualizzazioni dei messaggi ricevuti e i clic fatti sui link presenti nei messaggi ricevuti saranno conservati per 12 mesi dall\u2019invio dei messaggi.\u00a0<\/p>\t\t\t\t\t\t<\/div>\n\t\t\t\t<\/div>\n\t\t\t\t<div class=\"elementor-element elementor-element-e7ee51c elementor-widget elementor-widget-text-editor\" data-id=\"e7ee51c\" data-element_type=\"widget\" data-widget_type=\"text-editor.default\">\n\t\t\t\t<div class=\"elementor-widget-container\">\n\t\t\t\t\t\t\t<p>DIRITTI DELL\u2019UTENTE (PERSONE FISICHE)<\/p>\t\t\t\t\t\t<\/div>\n\t\t\t\t<\/div>\n\t\t\t\t<div class=\"elementor-element elementor-element-66e9c42 elementor-widget elementor-widget-text-editor\" data-id=\"66e9c42\" data-element_type=\"widget\" data-widget_type=\"text-editor.default\">\n\t\t\t\t<div class=\"elementor-widget-container\">\n\t\t\t\t\t\t\t<p>In merito ai propri dati personali, ogni utente pu\u00f2, in qualsiasi momento, richiedere:<\/p><ul><li>l\u2019accesso,<\/li><li>la modifica,<\/li><li>l\u2019aggiornamento,<\/li><li>la trascrizione,<\/li><li>la copia,<\/li><li>la cancellazione completa,<\/li><li>il trasferimento ad altri fornitori di servizi simili,<\/li><li>la cessazione del trattamento e della conservazione, ossia la revoca del consenso al trattamento e alla conservazione dei dati, senza che ci\u00f2 incida sulla legalit\u00e0 del trattamento avvenuto in base al precedente consenso da parte dell&#8217;utente fino alla revoca.<\/li><\/ul><p>Nel caso in cui la nostra societ\u00e0 volesse continuare a trattare i dati personali dell\u2019utente per scopi diversi da quelli per i quali tali dati erano stati raccolti, l\u2019utente sar\u00e0 informat di tali nuovi scopi e di qualsiasi altro aspetto rilevante riportato in questo testo prima che il nuovo tipo di trattamento abbia inizio.<\/p><p>Se l\u2019utente dovesse essere dell\u2019opinione che i suoi diritti in merito alla tutela della sua privacy siano stati in qualche modo violati da parte della nostra societ\u00e0, potr\u00e0 in qualsiasi momento presentare reclamo all\u2019organo competente per la tutela della privacy (garante per la protezione dei dati personali) della Repubblica di Slovenia: Informacijski poobla\u0161\u010denec, Zalo\u0161ka 59, 1000 Ljubljana, Slovenia. Faremo tutto il possibile per aiutare gli utenti nell\u2019affermare i loro diritti.<\/p>\t\t\t\t\t\t<\/div>\n\t\t\t\t<\/div>\n\t\t\t\t<div class=\"elementor-element elementor-element-62458fe elementor-widget elementor-widget-text-editor\" data-id=\"62458fe\" data-element_type=\"widget\" data-widget_type=\"text-editor.default\">\n\t\t\t\t<div class=\"elementor-widget-container\">\n\t\t\t\t\t\t\t<p>COOKIE<\/p>\t\t\t\t\t\t<\/div>\n\t\t\t\t<\/div>\n\t\t\t\t<div class=\"elementor-element elementor-element-a5f3778 elementor-widget elementor-widget-text-editor\" data-id=\"a5f3778\" data-element_type=\"widget\" data-widget_type=\"text-editor.default\">\n\t\t\t\t<div class=\"elementor-widget-container\">\n\t\t\t\t\t\t\t<p>Il sito web del titolare del trattamento utilizza i cookie per consentire all&#8217;utente di visualizzare e utilizzare al meglio tale sito web in base alle proprie preferenze. I cookie sono piccoli file di testo che vengono memorizzati sul disco rigido del computer da un server web. Lo scopo principale dei cookie \u00e8 quello di memorizzare le impostazioni e altre informazioni sul computer dell&#8217;utente, in modo che non sia necessario inserirle nuovamente alla successiva visita del sito web. Maggiori informazioni sui tipi di cookie e sulle modalit\u00e0 e finalit\u00e0 del loro utilizzo sono disponibili sul sito web del titolare del trattamento alla voce\u00a0<a href=\"https:\/\/enikam.com\/it\/cookies\/\">&#8220;<em>cookie<\/em>&#8220;<\/a>.<\/p>\t\t\t\t\t\t<\/div>\n\t\t\t\t<\/div>\n\t\t\t\t<div class=\"elementor-element elementor-element-d0735c3 elementor-widget elementor-widget-text-editor\" data-id=\"d0735c3\" data-element_type=\"widget\" data-widget_type=\"text-editor.default\">\n\t\t\t\t<div class=\"elementor-widget-container\">\n\t\t\t\t\t\t\t<p>IL TITOLARE DEL TRATTAMENTO E IL RESPONSABILE DELLA PROTEZIONE DEI DATI<\/p>\t\t\t\t\t\t<\/div>\n\t\t\t\t<\/div>\n\t\t\t\t<div class=\"elementor-element elementor-element-59b0d44 elementor-widget elementor-widget-text-editor\" data-id=\"59b0d44\" data-element_type=\"widget\" data-widget_type=\"text-editor.default\">\n\t\t\t\t<div class=\"elementor-widget-container\">\n\t\t\t\t\t\t\t<p>Il titolare del trattamento dei dati personali \u00e8 Enikam d.o.o., Cesta Andreja Bitenca 118, 1000 Lubiana. Il responsabile della protezione dei dati dell&#8217;azienda Enikam pu\u00f2 essere contattato all&#8217;indirizzo sales@enikam-oxy.com. Potete contattarci in merito al trattamento dei vostri dati personali e all&#8217;esercizio dei vostri diritti ai sensi della legge sulla protezione dei dati.<\/p>\t\t\t\t\t\t<\/div>\n\t\t\t\t<\/div>\n\t\t\t\t\t<\/div>\n\t\t<\/div>\n\t\t\t\t\t<\/div>\n\t\t<\/section>\n\t\t\t\t<\/div>\n\t\t","protected":false},"excerpt":{"rendered":"<p>\/*! elementor &#8211; v3.11.2 &#8211; 22-02-2023 *\/ .elementor-heading-title{padding:0;margin:0;line-height:1}.elementor-widget-heading .elementor-heading-title[class*=elementor-size-]&gt;a{color:inherit;font-size:inherit;line-height:inherit}.elementor-widget-heading .elementor-heading-title.elementor-size-small{font-size:15px}.elementor-widget-heading .elementor-heading-title.elementor-size-medium{font-size:19px}.elementor-widget-heading .elementor-heading-title.elementor-size-large{font-size:29px}.elementor-widget-heading .elementor-heading-title.elementor-size-xl{font-size:39px}.elementor-widget-heading .elementor-heading-title.elementor-size-xxl{font-size:59px} POLITICA SULLA RISERVATEZZA USO, DURATA E SCOPO DELLA CONSERVAZIONE E DEL TRATTAMENTO I dati personali dell\u2019utente vengono conservati ed elaborati per mantenere il contatto con il cliente, per comunicare promozioni tramite posta elettronica, per accelerare la vendita e per analizzare i [&hellip;]<\/p>\n","protected":false},"author":1,"featured_media":0,"parent":1567,"menu_order":0,"comment_status":"closed","ping_status":"closed","template":"","meta":{"footnotes":""},"class_list":["post-1563","page","type-page","status-publish","hentry","entry","owp-thumbs-layout-horizontal","owp-btn-normal","owp-tabs-layout-horizontal","has-no-thumbnails","has-product-nav"],"_links":{"self":[{"href":"https:\/\/enikam.com\/it\/wp-json\/wp\/v2\/pages\/1563","targetHints":{"allow":["GET"]}}],"collection":[{"href":"https:\/\/enikam.com\/it\/wp-json\/wp\/v2\/pages"}],"about":[{"href":"https:\/\/enikam.com\/it\/wp-json\/wp\/v2\/types\/page"}],"author":[{"embeddable":true,"href":"https:\/\/enikam.com\/it\/wp-json\/wp\/v2\/users\/1"}],"replies":[{"embeddable":true,"href":"https:\/\/enikam.com\/it\/wp-json\/wp\/v2\/comments?post=1563"}],"version-history":[{"count":6,"href":"https:\/\/enikam.com\/it\/wp-json\/wp\/v2\/pages\/1563\/revisions"}],"predecessor-version":[{"id":11097,"href":"https:\/\/enikam.com\/it\/wp-json\/wp\/v2\/pages\/1563\/revisions\/11097"}],"up":[{"embeddable":true,"href":"https:\/\/enikam.com\/it\/wp-json\/wp\/v2\/pages\/1567"}],"wp:attachment":[{"href":"https:\/\/enikam.com\/it\/wp-json\/wp\/v2\/media?parent=1563"}],"curies":[{"name":"wp","href":"https:\/\/api.w.org\/{rel}","templated":true}]}}