{"id":1558,"date":"2021-08-31T06:00:20","date_gmt":"2021-08-31T05:00:20","guid":{"rendered":"https:\/\/enikam.neznano.com\/?page_id=1558"},"modified":"2022-04-13T05:28:50","modified_gmt":"2022-04-13T05:28:50","slug":"condizioni-di-partecipazione-ai-giochi-a-premi","status":"publish","type":"page","link":"https:\/\/enikam.com\/it\/politica-aziendale\/condizioni-di-partecipazione-ai-giochi-a-premi\/","title":{"rendered":"Condizioni di partecipazione ai giochi a premi"},"content":{"rendered":"\t\t<div data-elementor-type=\"wp-page\" data-elementor-id=\"1558\" class=\"elementor elementor-1558\">\n\t\t\t\t\t\t<section class=\"has_eae_slider elementor-section elementor-top-section elementor-element elementor-element-7727425 elementor-section-boxed elementor-section-height-default elementor-section-height-default\" data-id=\"7727425\" data-element_type=\"section\">\n\t\t\t\t\t\t<div class=\"elementor-container elementor-column-gap-default\">\n\t\t\t\t\t<div class=\"has_eae_slider elementor-column elementor-col-100 elementor-top-column elementor-element elementor-element-1efe8b9\" data-id=\"1efe8b9\" data-element_type=\"column\">\n\t\t\t<div class=\"elementor-widget-wrap elementor-element-populated\">\n\t\t\t\t\t\t<div class=\"elementor-element elementor-element-2ef3a28 elementor-widget elementor-widget-heading\" data-id=\"2ef3a28\" data-element_type=\"widget\" data-widget_type=\"heading.default\">\n\t\t\t\t<div class=\"elementor-widget-container\">\n\t\t\t<style>\/*! elementor - v3.21.0 - 26-05-2024 *\/\n.elementor-heading-title{padding:0;margin:0;line-height:1}.elementor-widget-heading .elementor-heading-title[class*=elementor-size-]>a{color:inherit;font-size:inherit;line-height:inherit}.elementor-widget-heading .elementor-heading-title.elementor-size-small{font-size:15px}.elementor-widget-heading .elementor-heading-title.elementor-size-medium{font-size:19px}.elementor-widget-heading .elementor-heading-title.elementor-size-large{font-size:29px}.elementor-widget-heading .elementor-heading-title.elementor-size-xl{font-size:39px}.elementor-widget-heading .elementor-heading-title.elementor-size-xxl{font-size:59px}<\/style><h2 class=\"elementor-heading-title elementor-size-default\">CONDIZIONI DI PARTECIPAZIONE AI GIOCHI A PREMI<\/h2>\t\t<\/div>\n\t\t\t\t<\/div>\n\t\t\t\t<div class=\"elementor-element elementor-element-0809e47 elementor-widget elementor-widget-text-editor\" data-id=\"0809e47\" data-element_type=\"widget\" data-widget_type=\"text-editor.default\">\n\t\t\t\t<div class=\"elementor-widget-container\">\n\t\t\t<style>\/*! elementor - v3.21.0 - 26-05-2024 *\/\n.elementor-widget-text-editor.elementor-drop-cap-view-stacked .elementor-drop-cap{background-color:#69727d;color:#fff}.elementor-widget-text-editor.elementor-drop-cap-view-framed .elementor-drop-cap{color:#69727d;border:3px solid;background-color:transparent}.elementor-widget-text-editor:not(.elementor-drop-cap-view-default) .elementor-drop-cap{margin-top:8px}.elementor-widget-text-editor:not(.elementor-drop-cap-view-default) .elementor-drop-cap-letter{width:1em;height:1em}.elementor-widget-text-editor .elementor-drop-cap{float:left;text-align:center;line-height:1;font-size:50px}.elementor-widget-text-editor .elementor-drop-cap-letter{display:inline-block}<\/style>\t\t\t\t1. Disposizioni generali\t\t\t\t\t\t<\/div>\n\t\t\t\t<\/div>\n\t\t\t\t<div class=\"elementor-element elementor-element-e830839 elementor-widget elementor-widget-text-editor\" data-id=\"e830839\" data-element_type=\"widget\" data-widget_type=\"text-editor.default\">\n\t\t\t\t<div class=\"elementor-widget-container\">\n\t\t\t\t\t\t\t<p>Queste regole e condizioni generali determinano le modalit\u00e0 di organizzazione del \u201cGioco a premi Oxilver\u201d. L&#8217;organizzatore del gioco a premi \u00e8 Enikam d.o.o. (di seguito: l&#8217;organizzatore), Cesta Andreja Bitenca 118, 1000 Ljubljana, Slovenia, che effettua il gioco a premi, si occupa dell&#8217;estrazione e si occupa dei premi e della loro consegna a tutti i vincitori.<\/p><p>Il gioco a premi si svolger\u00e0 dal 15.12.2020 al 22.12.2020. Il gioco a premi \u00e8 pubblicato sul sito www.enikam.com\/it.<\/p>\t\t\t\t\t\t<\/div>\n\t\t\t\t<\/div>\n\t\t\t\t<div class=\"elementor-element elementor-element-ad25ae9 elementor-widget elementor-widget-text-editor\" data-id=\"ad25ae9\" data-element_type=\"widget\" data-widget_type=\"text-editor.default\">\n\t\t\t\t<div class=\"elementor-widget-container\">\n\t\t\t\t\t\t\t<p><strong>2. Condizioni per la partecipazione<\/strong><\/p>\t\t\t\t\t\t<\/div>\n\t\t\t\t<\/div>\n\t\t\t\t<div class=\"elementor-element elementor-element-7c0e977 elementor-widget elementor-widget-text-editor\" data-id=\"7c0e977\" data-element_type=\"widget\" data-widget_type=\"text-editor.default\">\n\t\t\t\t<div class=\"elementor-widget-container\">\n\t\t\t\t\t\t\t<p>All&#8217;estrazione possono partecipare le persone maggiorenne con residenza permanente o temporanea nella Repubblica di Slovenia (in Italia). I minori (di et\u00e0 inferiore ai 18 anni) devono avere il previo consenso scritto dai loro genitori o tutori legali per partecipare all&#8217;estrazione del premio. L&#8217;acquisto non \u00e8 una condizione per la partecipazione al gioco a premi e non \u00e8 addebitato dall&#8217;organizzatore. L&#8217;individuo che partecipa al gioco a premi accetta le condizioni generali pubblicate su <a href=\"http:\/\/www.enikam.si\">www.enikam.si<\/a>.<\/p><p>I dipendenti contrattuali dell&#8217;organizzatore del gioco a premi o i loro parenti stretti non possono partecipare all&#8217;estrazione del premio. Tutti i dati personali dei partecipanti sono protetti in conformit\u00e0 con l&#8217;articolo 9 del presente Regolamento e in conformit\u00e0 con gli atti generali dell&#8217;organizzatore e co-organizzatore del gioco a premi nel campo della protezione dei dati personali, in conformit\u00e0 con la legge sulla protezione dei dati personali e il Regolamento Generale sulla Protezione dei Dati (GRPD). In caso di dati (indirizzo e-mail o dati) incompleti, errati o non veritieri, l&#8217;organizzatore si riserva il diritto di negare al partecipante la partecipazione al gioco a premi o di escluderlo dal gioco a premi.<\/p><p>Il partecipante decade dal diritto al premio se l&#8217;organizzatore rileva che:<\/p><ul><li>il partecipante non ha soddisfatto le condizioni per la partecipazione;<\/li><li>il partecipante ha violato le regole e le condizioni di partecipazione al gioco a premi;<\/li><li>il partecipante non desidera adempiere agli obblighi previsti dalle presenti condizioni o dalle condizioni speciali pubblicate sul sito web o non li ha adempiuti in tempo;<\/li><li>nel caso di applicazione: se la applicazione \u00e8 in qualunque modo inappropriata. Nel caso in cui il partecipante perda il diritto al premio, l&#8217;organizzatore decide se assegnare il premio a qualcun altro.<\/li><\/ul>\t\t\t\t\t\t<\/div>\n\t\t\t\t<\/div>\n\t\t\t\t<div class=\"elementor-element elementor-element-1b71231 elementor-widget elementor-widget-text-editor\" data-id=\"1b71231\" data-element_type=\"widget\" data-widget_type=\"text-editor.default\">\n\t\t\t\t<div class=\"elementor-widget-container\">\n\t\t\t\t\t\t\t<p><strong>3. I premi<\/strong><\/p>\t\t\t\t\t\t<\/div>\n\t\t\t\t<\/div>\n\t\t\t\t<div class=\"elementor-element elementor-element-6f99f66 elementor-widget elementor-widget-text-editor\" data-id=\"6f99f66\" data-element_type=\"widget\" data-widget_type=\"text-editor.default\">\n\t\t\t\t<div class=\"elementor-widget-container\">\n\t\t\t\t\t\t\t<p>Un singolo partecipante al gioco a premi pu\u00f2 ricevere solo uno dei premi. Se un partecipante viene estratto due o pi\u00f9 volte, ricever\u00e0 il premio per il quale \u00e8 stato estratto per primo. I partecipanti al gioco a premi partecipano all&#8217;estrazione a premi per:<\/p><p>\u2013 5x pacchetto di prodotti Oxilver<\/p><p>I premi non sono scambiabili con un altro tipo di premio, pagabili in contanti o trasferibili ad altre persone. Se i vincitori non dichiarano o forniscono i propri dati o i dati sono forniti in modo incompleto o errato e\/o se i vincitori non possono essere informati e\/o se \u00e8 accertato che non hanno soddisfatto le condizioni per la partecipazione all&#8217;estrazione a premi e\/o che hanno violato tali condizioni e\/o se non vogliono adempiere agli obblighi previsti dalle presenti condizioni, tutto ci\u00f2 entro il termine stabilito dall&#8217;organizzatore, i vincitori perdono il diritto al premio.<\/p><p><strong>Valore dei premi e pagamento anticipato dell&#8217;imposta sul reddito delle persone fisiche<\/strong><\/p><p>Il valore di un singolo premio non supera i 42 euro. Per i premi fino al valore di 42 euro, l&#8217;anticipo dell&#8217;imposta sul reddito delle persone fisiche non viene detratto e il valore del premio non \u00e8 incluso nella base imponibile del destinatario.<\/p>\t\t\t\t\t\t<\/div>\n\t\t\t\t<\/div>\n\t\t\t\t<div class=\"elementor-element elementor-element-02300c9 elementor-widget elementor-widget-text-editor\" data-id=\"02300c9\" data-element_type=\"widget\" data-widget_type=\"text-editor.default\">\n\t\t\t\t<div class=\"elementor-widget-container\">\n\t\t\t\t\t\t\t4. Estrazione dei premi\t\t\t\t\t\t<\/div>\n\t\t\t\t<\/div>\n\t\t\t\t<div class=\"elementor-element elementor-element-ab44158 elementor-widget elementor-widget-text-editor\" data-id=\"ab44158\" data-element_type=\"widget\" data-widget_type=\"text-editor.default\">\n\t\t\t\t<div class=\"elementor-widget-container\">\n\t\t\t\t\t\t\t<p>L&#8217;organizzazione, l&#8217;attuazione e il controllo dello svolgimento del gioco a premi e dell&#8217;estrazione dei vincitori \u00e8 curata da una commissione composta da rappresentanti dell&#8217;organizzatore.<\/p><p>L&#8217;estrazione dei premi avverr\u00e0 entro il 23\/12\/2020 presso la sede dell&#8217;organizzatore del gioco a premi. Al sorteggio partecipano coloro che hanno correttamente compilato il modulo su www.enikam.com\/it\u00a0entro il 22\/12\/2020 fino alle ore 00.00.<\/p><p>Ogni partecipante pu\u00f2 vincere un solo premio dal montepremi. I vincitori verranno estratti con un algoritmo casuale.<\/p>\t\t\t\t\t\t<\/div>\n\t\t\t\t<\/div>\n\t\t\t\t<div class=\"elementor-element elementor-element-c3b184d elementor-widget elementor-widget-text-editor\" data-id=\"c3b184d\" data-element_type=\"widget\" data-widget_type=\"text-editor.default\">\n\t\t\t\t<div class=\"elementor-widget-container\">\n\t\t\t\t\t\t\t5. Avviso dei vincitori\t\t\t\t\t\t<\/div>\n\t\t\t\t<\/div>\n\t\t\t\t<div class=\"elementor-element elementor-element-995681e elementor-widget elementor-widget-text-editor\" data-id=\"995681e\" data-element_type=\"widget\" data-widget_type=\"text-editor.default\">\n\t\t\t\t<div class=\"elementor-widget-container\">\n\t\t\t\t\t\t\t<p>Il vincitore ricever\u00e0 una notifica del premio al proprio indirizzo di posta elettronica fornito all&#8217;inizio dell&#8217;estrazione del premio sul sito web. Partecipando a un&#8217;estrazione a premi, il partecipante accetta che in caso di estrazione l&#8217;organizzatore lo pubblichi come vincitore sul sito www.enikam.si. L&#8217;elenco dei vincitori sar\u00e0 pubblicato sul sito www.enikam.com\/it entro e non oltre sette (7) giorni dall&#8217;estrazione del premio. I risultati del sorteggio sono definitivi. Non \u00e8 possibile appellarsi contro i risultati del sorteggio.<\/p>\t\t\t\t\t\t<\/div>\n\t\t\t\t<\/div>\n\t\t\t\t<div class=\"elementor-element elementor-element-c6bbcd3 elementor-widget elementor-widget-text-editor\" data-id=\"c6bbcd3\" data-element_type=\"widget\" data-widget_type=\"text-editor.default\">\n\t\t\t\t<div class=\"elementor-widget-container\">\n\t\t\t\t\t\t\t6. La ricezione dei premi\t\t\t\t\t\t<\/div>\n\t\t\t\t<\/div>\n\t\t\t\t<div class=\"elementor-element elementor-element-4b47dc2 elementor-widget elementor-widget-text-editor\" data-id=\"4b47dc2\" data-element_type=\"widget\" data-widget_type=\"text-editor.default\">\n\t\t\t\t<div class=\"elementor-widget-container\">\n\t\t\t\t\t\t\t<p>Il vincitore ha diritto alla ricezione dei premi se l&#8217;organizzatore lo informa del premio entro il termine concordato. Per ricevere il premio, il vincitore dovr\u00e0 fornire, su richiesta scritta dell&#8217;organizzatore, i seguenti dati: nome e cognome, indirizzo esatto della residenza permanente e luogo di residenza. Ai fini dell&#8217;informazione o della ricezione del premio, il vincitore fornir\u00e0 anche un recapito telefonico. Il vincitore \u00e8 obbligato a rispondere entro e non oltre 5 giorni dalla notifica di ricezione del premio da parte dell\u2019organizzatore. Prima di ricevere il premio, il vincitore \u00e8 obbligato a firmare una dichiarazione di accettazione delle regole del gioco a premi e di conferma dell&#8217;avvenuta ricezione del premio. La firma della dichiarazione \u00e8 una condizione per ricevere il premio.<\/p><p>Se il vincitore non fornisce le informazioni necessarie entro 5 giorni dalla data della convocazione, decade dal diritto al premio senza diritto ad alcun compenso. L&#8217;organizzatore del gioco a premi informa il vincitore tramite invito scritto sulle modalit\u00e0 di ricezione del premio. Se il vincitore non accetta il premio entro cinque giorni dall&#8217;annuncio pubblico dei vincitori, perde il diritto al premio senza diritto ad alcun compenso. I minori di 18 anni devono presentare all&#8217;organizzatore il consenso scritto dei genitori o del tutore legale per poter ricevere il premio contestualmente ai dati pubblicati al comma 3 del presente articolo, e non oltre il ricevimento della premio.<\/p><p>L&#8217;organizzatore non si assume alcuna responsabilit\u00e0, n\u00e9 partecipa a controversie sulla titolarit\u00e0 dei premi estratti. In conformit\u00e0 con il regolamento, l&#8217;organizzatore consegner\u00e0 il premio alla persona che verr\u00e0 indicata con le informazioni nel modulo sul sito web o lettera o alla persona ufficialmente autorizzata. L&#8217;organizzatore del gioco a premi si riserva il diritto di integrare e modificare queste condizioni e si impegna a pubblicare ogni modifica sul sito web www.enikam.si\/condizioni-per-partecipazione-ai-giochi-a-premi. L&#8217;organizzatore non \u00e8 responsabile per eventuali danni subiti dal partecipante a causa di ostacoli logistici, problemi tecnici e altri errori.<\/p>\t\t\t\t\t\t<\/div>\n\t\t\t\t<\/div>\n\t\t\t\t<div class=\"elementor-element elementor-element-2435c95 elementor-widget elementor-widget-text-editor\" data-id=\"2435c95\" data-element_type=\"widget\" data-widget_type=\"text-editor.default\">\n\t\t\t\t<div class=\"elementor-widget-container\">\n\t\t\t\t\t\t\t7. Protezione delle informazioni e dei dati personali\t\t\t\t\t\t<\/div>\n\t\t\t\t<\/div>\n\t\t\t\t<div class=\"elementor-element elementor-element-09f488c elementor-widget elementor-widget-text-editor\" data-id=\"09f488c\" data-element_type=\"widget\" data-widget_type=\"text-editor.default\">\n\t\t\t\t<div class=\"elementor-widget-container\">\n\t\t\t\t\t\t\t<p>Partecipando al gioco a premi, il partecipante consente all&#8217;organizzatore di raccogliere, gestire elaborare e archiviare dei dati personali in conformit\u00e0 con la legge sulla protezione dei dati personali (ZVOP-1, Ur. I. RS, n. 86\/ 2004, 67\/2007 UPB1) e Regolamento Generale sulla Protezione dei Dati (GDPR). I dati personali raccolti sono: numero di telefono, indirizzo e-mail, nome e cognome e indirizzo di residenza permanente o temporanea. I dati personali acquisiti vengono utilizzati solo ai fini del gioco a premi e dell&#8217;invio di un regalo ai vincitori. I dati personali potranno essere utilizzati dall&#8217;organizzatore dell&#8217;estrazione a premi esclusivamente per gli scopi per i quali sono stati ottenuti. I dati personali saranno cancellati immediatamente dopo la revoca del consenso ai fini della pubblicit\u00e0 futura del progetto in questione o fino alla decisione sulla conclusione definitiva del progetto. Qualora sussista un obbligo della societ\u00e0 e\/o un obbligo legale (es. contabilit\u00e0 finanziaria, fiscale, ecc.) relativo alla conservazione dei dati, questi vengono cancellati dopo 5 anni, salvo che la normativa disponga diversamente. In conformit\u00e0 con ZVOP-1 e l&#8217;introduzione del GDPR, ai partecipanti \u00e8 garantito il diritto di controllare, trascrivere, copiare, integrare, correggere, bloccare e cancellare i dati personali che li riguardano. Il partecipante al gioco a premi o il suo tutore o agente pu\u00f2 in qualsiasi momento richiedere per iscritto che i suoi dati personali ottenuti nell&#8217;estrazione a premi siano sospesi temporaneamente o permanentemente a fini di marketing diretto. La richiesta viene inviata per iscritto all&#8217;indirizzo Enikam d.o.o., Cesta Andreja Bitenca 118, 1000 Ljubljana, Slovenia. Entro e non oltre 15 giorni dal ricevimento della richiesta, i dati personali del partecipante saranno cancellati definitivamente. Il vincitore consente all&#8217;organizzatore di pubblicare i propri dati personali (nome e cognome) sui media, sul sito web www.enikam.si, e sul web generale per informare sui risultati del sorteggio e la ricezione dei premi. L&#8217;organizzatore non si assume alcuna responsabilit\u00e0 per la protezione dei dati sui siti web a cui conducono determinati collegamenti sul sito web dell&#8217;organizzatore, n\u00e9 si assume responsabilit\u00e0 per eventuali errori che possono verificarsi quando si forniscono informazioni errate o false da parte dei partecipanti al gioco a premi.<\/p>\t\t\t\t\t\t<\/div>\n\t\t\t\t<\/div>\n\t\t\t\t<div class=\"elementor-element elementor-element-015b739 elementor-widget elementor-widget-text-editor\" data-id=\"015b739\" data-element_type=\"widget\" data-widget_type=\"text-editor.default\">\n\t\t\t\t<div class=\"elementor-widget-container\">\n\t\t\t\t\t\t\t8. Disposizioni finali e preliminari\t\t\t\t\t\t<\/div>\n\t\t\t\t<\/div>\n\t\t\t\t<div class=\"elementor-element elementor-element-6301d0b elementor-widget elementor-widget-text-editor\" data-id=\"6301d0b\" data-element_type=\"widget\" data-widget_type=\"text-editor.default\">\n\t\t\t\t<div class=\"elementor-widget-container\">\n\t\t\t\t\t\t\t<p>Ulteriori informazioni sul gioco a premi possono essere ottenute su www.enikam.com\/it o inviando un&#8217;e-mail a marketing@enikam-oxy.com.<\/p><p>Il regolamento del gioco a premi entrer\u00e0 in vigore il 15\/12\/2020. Durante l&#8217;estrazione a premi, il regolamento \u00e8 disponibile sul sito www.enikam.com\/it.<\/p><p>L&#8217;organizzatore si riserva il diritto di modificare i termini del premio del gioco, se richiesto da ragioni di natura tecnica o commerciale o da parte del pubblico. L&#8217;organizzatore terr\u00e0 informati i partecipanti su tutte le modifiche e novit\u00e0 dell&#8217;estrazione a premi pubblicandole sul sito web.<\/p><p>Ljubljana, Slovenia, 14\/12\/2020<\/p><p>Enikam d.o.o.<\/p>\t\t\t\t\t\t<\/div>\n\t\t\t\t<\/div>\n\t\t\t\t\t<\/div>\n\t\t<\/div>\n\t\t\t\t\t<\/div>\n\t\t<\/section>\n\t\t\t\t<\/div>\n\t\t","protected":false},"excerpt":{"rendered":"<p>CONDIZIONI DI PARTECIPAZIONE AI GIOCHI A PREMI 1. Disposizioni generali Queste regole e condizioni generali determinano le modalit\u00e0 di organizzazione del \u201cGioco a premi Oxilver\u201d. L&#8217;organizzatore del gioco a premi \u00e8 Enikam d.o.o. (di seguito: l&#8217;organizzatore), Cesta Andreja Bitenca 118, 1000 Ljubljana, Slovenia, che effettua il gioco a premi, si occupa dell&#8217;estrazione e si occupa [&hellip;]<\/p>\n","protected":false},"author":1,"featured_media":0,"parent":1567,"menu_order":0,"comment_status":"closed","ping_status":"closed","template":"","meta":{"footnotes":""},"class_list":["post-1558","page","type-page","status-publish","hentry","entry","owp-thumbs-layout-horizontal","owp-btn-normal","owp-tabs-layout-horizontal","has-no-thumbnails","has-product-nav"],"_links":{"self":[{"href":"https:\/\/enikam.com\/it\/wp-json\/wp\/v2\/pages\/1558","targetHints":{"allow":["GET"]}}],"collection":[{"href":"https:\/\/enikam.com\/it\/wp-json\/wp\/v2\/pages"}],"about":[{"href":"https:\/\/enikam.com\/it\/wp-json\/wp\/v2\/types\/page"}],"author":[{"embeddable":true,"href":"https:\/\/enikam.com\/it\/wp-json\/wp\/v2\/users\/1"}],"replies":[{"embeddable":true,"href":"https:\/\/enikam.com\/it\/wp-json\/wp\/v2\/comments?post=1558"}],"version-history":[{"count":0,"href":"https:\/\/enikam.com\/it\/wp-json\/wp\/v2\/pages\/1558\/revisions"}],"up":[{"embeddable":true,"href":"https:\/\/enikam.com\/it\/wp-json\/wp\/v2\/pages\/1567"}],"wp:attachment":[{"href":"https:\/\/enikam.com\/it\/wp-json\/wp\/v2\/media?parent=1558"}],"curies":[{"name":"wp","href":"https:\/\/api.w.org\/{rel}","templated":true}]}}