{"id":1551,"date":"2021-08-31T05:46:21","date_gmt":"2021-08-31T04:46:21","guid":{"rendered":"https:\/\/enikam.neznano.com\/?page_id=1551"},"modified":"2023-12-12T13:45:04","modified_gmt":"2023-12-12T13:45:04","slug":"condizioni-di-acquisto","status":"publish","type":"page","link":"https:\/\/enikam.com\/it\/politica-aziendale\/condizioni-di-acquisto\/","title":{"rendered":"Condizioni di acquisto"},"content":{"rendered":"\t\t<div data-elementor-type=\"wp-page\" data-elementor-id=\"1551\" class=\"elementor elementor-1551\">\n\t\t\t\t\t\t<section class=\"has_eae_slider elementor-section elementor-top-section elementor-element elementor-element-33a5cb1 elementor-section-boxed elementor-section-height-default elementor-section-height-default\" data-id=\"33a5cb1\" data-element_type=\"section\">\n\t\t\t\t\t\t<div class=\"elementor-container elementor-column-gap-default\">\n\t\t\t\t\t<div class=\"has_eae_slider elementor-column elementor-col-100 elementor-top-column elementor-element elementor-element-3635018\" data-id=\"3635018\" data-element_type=\"column\">\n\t\t\t<div class=\"elementor-widget-wrap elementor-element-populated\">\n\t\t\t\t\t\t<div class=\"elementor-element elementor-element-94d4f32 elementor-widget elementor-widget-heading\" data-id=\"94d4f32\" data-element_type=\"widget\" data-widget_type=\"heading.default\">\n\t\t\t\t<div class=\"elementor-widget-container\">\n\t\t\t<style>\/*! elementor - v3.21.0 - 26-05-2024 *\/\n.elementor-heading-title{padding:0;margin:0;line-height:1}.elementor-widget-heading .elementor-heading-title[class*=elementor-size-]>a{color:inherit;font-size:inherit;line-height:inherit}.elementor-widget-heading .elementor-heading-title.elementor-size-small{font-size:15px}.elementor-widget-heading .elementor-heading-title.elementor-size-medium{font-size:19px}.elementor-widget-heading .elementor-heading-title.elementor-size-large{font-size:29px}.elementor-widget-heading .elementor-heading-title.elementor-size-xl{font-size:39px}.elementor-widget-heading .elementor-heading-title.elementor-size-xxl{font-size:59px}<\/style><h2 class=\"elementor-heading-title elementor-size-default\">CONDIZIONI DI ACQUISTO<\/h2>\t\t<\/div>\n\t\t\t\t<\/div>\n\t\t\t\t<div class=\"elementor-element elementor-element-28fd39c elementor-widget elementor-widget-text-editor\" data-id=\"28fd39c\" data-element_type=\"widget\" data-widget_type=\"text-editor.default\">\n\t\t\t\t<div class=\"elementor-widget-container\">\n\t\t\t<style>\/*! elementor - v3.21.0 - 26-05-2024 *\/\n.elementor-widget-text-editor.elementor-drop-cap-view-stacked .elementor-drop-cap{background-color:#69727d;color:#fff}.elementor-widget-text-editor.elementor-drop-cap-view-framed .elementor-drop-cap{color:#69727d;border:3px solid;background-color:transparent}.elementor-widget-text-editor:not(.elementor-drop-cap-view-default) .elementor-drop-cap{margin-top:8px}.elementor-widget-text-editor:not(.elementor-drop-cap-view-default) .elementor-drop-cap-letter{width:1em;height:1em}.elementor-widget-text-editor .elementor-drop-cap{float:left;text-align:center;line-height:1;font-size:50px}.elementor-widget-text-editor .elementor-drop-cap-letter{display:inline-block}<\/style>\t\t\t\t<p>TERMINI E CONDIZIONI<\/p>\t\t\t\t\t\t<\/div>\n\t\t\t\t<\/div>\n\t\t\t\t<div class=\"elementor-element elementor-element-a109dfa elementor-widget elementor-widget-text-editor\" data-id=\"a109dfa\" data-element_type=\"widget\" data-widget_type=\"text-editor.default\">\n\t\t\t\t<div class=\"elementor-widget-container\">\n\t\t\t\t\t\t\t<p>Il titolare del trattamento del sito web di Enikam, accessibile all&#8217;indirizzo <a href=\"https:\/\/enikam.com\/it\">https:\/\/enikam.com\/it<\/a> , \u00e8 la societ\u00e0 ENIKAM d.o.o., Cesta Andreja Bitenca 118, 1000 Lubiana (di seguito denominata &#8220;Fornitore&#8221;).<\/p>\t\t\t\t\t\t<\/div>\n\t\t\t\t<\/div>\n\t\t\t\t<div class=\"elementor-element elementor-element-f06e617 elementor-widget elementor-widget-text-editor\" data-id=\"f06e617\" data-element_type=\"widget\" data-widget_type=\"text-editor.default\">\n\t\t\t\t<div class=\"elementor-widget-container\">\n\t\t\t\t\t\t\t<p>Informazioni sul fornitore<\/p>\t\t\t\t\t\t<\/div>\n\t\t\t\t<\/div>\n\t\t\t\t<div class=\"elementor-element elementor-element-39f0c93 elementor-widget elementor-widget-text-editor\" data-id=\"39f0c93\" data-element_type=\"widget\" data-widget_type=\"text-editor.default\">\n\t\t\t\t<div class=\"elementor-widget-container\">\n\t\t\t\t\t\t\t<p>ENIKAM D.O.O.<br \/>Cesta Andreja Bitenca 118<br \/>1000 Lubiana<br \/>P. IVA: SI15361454<br \/>Numero di registrazione: 6739946000<br \/>Telefono: +386 31 634 900<br \/>E-mail:\u00a0<a href=\"mailto:info@enikam-oxy.com\">info@enikam-oxy.com<\/a><\/p>\t\t\t\t\t\t<\/div>\n\t\t\t\t<\/div>\n\t\t\t\t<div class=\"elementor-element elementor-element-6c283c6 elementor-widget elementor-widget-text-editor\" data-id=\"6c283c6\" data-element_type=\"widget\" data-widget_type=\"text-editor.default\">\n\t\t\t\t<div class=\"elementor-widget-container\">\n\t\t\t\t\t\t\t<p>Termini di utilizzo del sito<\/p>\t\t\t\t\t\t<\/div>\n\t\t\t\t<\/div>\n\t\t\t\t<div class=\"elementor-element elementor-element-62acb4c elementor-widget elementor-widget-text-editor\" data-id=\"62acb4c\" data-element_type=\"widget\" data-widget_type=\"text-editor.default\">\n\t\t\t\t<div class=\"elementor-widget-container\">\n\t\t\t\t\t\t\t<p>Il contenuto del sito <a href=\"http:\/\/www.enikam.com\/it\">www.enikam.com\/it<\/a> ha finalit\u00e0 informative ed educative e non \u00e8 da intendersi come sostitutivo di consulenze, diagnosi o trattamenti medici. Vi consigliamo di consultare il vostro medico personale sull&#8217;utilit\u00e0 dei nostri consigli e prodotti.<\/p>\t\t\t\t\t\t<\/div>\n\t\t\t\t<\/div>\n\t\t\t\t<div class=\"elementor-element elementor-element-67e5714 elementor-widget elementor-widget-text-editor\" data-id=\"67e5714\" data-element_type=\"widget\" data-widget_type=\"text-editor.default\">\n\t\t\t\t<div class=\"elementor-widget-container\">\n\t\t\t\t\t\t\t<p>Offerta e acquisto di prodotti<\/p>\t\t\t\t\t\t<\/div>\n\t\t\t\t<\/div>\n\t\t\t\t<div class=\"elementor-element elementor-element-a4f0087 elementor-widget elementor-widget-text-editor\" data-id=\"a4f0087\" data-element_type=\"widget\" data-widget_type=\"text-editor.default\">\n\t\t\t\t<div class=\"elementor-widget-container\">\n\t\t\t\t\t\t\t<p>I prezzi dei prodotti elencati sul sito web si intendono in euro, sono comprensivi di IVA e sono validi il giorno dell&#8217;ordine. A causa della natura dell&#8217;attivit\u00e0, possono subire variazioni senza preavviso ai clienti.<\/p><p>L&#8217;ordine viene effettuato tramite un modulo apposito e il cliente deve fornire al fornitore le seguenti informazioni corrette:<\/p><ul><li>nome e cognome o ragione sociale con codice fiscale\/P.IVA,<\/li><li>indirizzo del cliente,<\/li><li>indirizzo di consegna,<\/li><li>numero di telefono,<\/li><li>indirizzo e-mail.<\/li><\/ul><p>Il modulo d&#8217;ordine deve indicare il tipo e il numero di prodotti ordinati e il metodo di pagamento.<\/p><p>Gli acquisti possono essere effettuati con o senza registrazione sul sito. Se si acquista senza creare un account utente, si dovranno inserire nuovamente tutti i dati personali necessari ad ogni acquisto. Con la registrazione nel negozio online, l&#8217;utente ottiene un nome utente e una password, che vengono impostati dall&#8217;utente stesso. Nel vostro account potete modificare i vostri dati personali, la password, seguire lo stato del vostro ordine e visualizzare gli ordini precedenti.<\/p>\t\t\t\t\t\t<\/div>\n\t\t\t\t<\/div>\n\t\t\t\t<div class=\"elementor-element elementor-element-e3107a4 elementor-widget elementor-widget-text-editor\" data-id=\"e3107a4\" data-element_type=\"widget\" data-widget_type=\"text-editor.default\">\n\t\t\t\t<div class=\"elementor-widget-container\">\n\t\t\t\t\t\t\t<p>Procedura di acquisto<\/p>\t\t\t\t\t\t<\/div>\n\t\t\t\t<\/div>\n\t\t\t\t<div class=\"elementor-element elementor-element-aaca10c elementor-widget elementor-widget-text-editor\" data-id=\"aaca10c\" data-element_type=\"widget\" data-widget_type=\"text-editor.default\">\n\t\t\t\t<div class=\"elementor-widget-container\">\n\t\t\t\t\t\t\t<p>Dopo aver effettuato l&#8217;ordine, il cliente riceve un&#8217;e-mail dal fornitore che lo informa che l&#8217;ordine \u00e8 stato accettato. Se il cliente non annulla l&#8217;ordine, quest&#8217;ultimo passer\u00e0 alla fase di elaborazione successiva. Al momento del ricevimento, il fornitore ispeziona l&#8217;ordine, verifica la condensabilit\u00e0 dei prodotti ordinati e conferma o rifiuta l&#8217;ordine indicandone la motivazione. Il fornitore pu\u00f2 anche contattare il cliente per telefono o secondo le modalit\u00e0 autorizzate dal cliente o attraverso i dati di contatto forniti dal cliente al momento dell&#8217;acquisto, al fine di verificare le informazioni o di accertarsi dell&#8217;esattezza della consegna. Al momento della conferma dell&#8217;ordine, il fornitore informer\u00e0 il cliente tramite e-mail dei tempi di consegna previsti. Il fornitore \u00e8 tenuto a preparare i prodotti ordinati entro i termini concordati e a comunicare al cliente le persone da contattare in caso di reclami o ritardi nella consegna.<\/p>\t\t\t\t\t\t<\/div>\n\t\t\t\t<\/div>\n\t\t\t\t<div class=\"elementor-element elementor-element-6ae9e2f elementor-widget elementor-widget-text-editor\" data-id=\"6ae9e2f\" data-element_type=\"widget\" data-widget_type=\"text-editor.default\">\n\t\t\t\t<div class=\"elementor-widget-container\">\n\t\t\t\t\t\t\t<p>Metodo di pagamento\u00a0<\/p>\t\t\t\t\t\t<\/div>\n\t\t\t\t<\/div>\n\t\t\t\t<div class=\"elementor-element elementor-element-74c6e2f elementor-widget elementor-widget-text-editor\" data-id=\"74c6e2f\" data-element_type=\"widget\" data-widget_type=\"text-editor.default\">\n\t\t\t\t<div class=\"elementor-widget-container\">\n\t\t\t\t\t\t\t<p>Il cliente pu\u00f2 pagare i prodotti ordinati come segue:<\/p><ul><li>con carta di credito o di debito (Mastercard, Maestro, Visa, Diners) tramite l&#8217;applicazione Quickpay<\/li><li>tramite Paypal: i fondi vengono addebitati sulla carta solo al momento della spedizione della merce.<\/li><\/ul>\t\t\t\t\t\t<\/div>\n\t\t\t\t<\/div>\n\t\t\t\t<div class=\"elementor-element elementor-element-7775d0e elementor-widget elementor-widget-text-editor\" data-id=\"7775d0e\" data-element_type=\"widget\" data-widget_type=\"text-editor.default\">\n\t\t\t\t<div class=\"elementor-widget-container\">\n\t\t\t\t\t\t\t<p>Consegna\u00a0<\/p>\t\t\t\t\t\t<\/div>\n\t\t\t\t<\/div>\n\t\t\t\t<div class=\"elementor-element elementor-element-88db2f7 elementor-widget elementor-widget-text-editor\" data-id=\"88db2f7\" data-element_type=\"widget\" data-widget_type=\"text-editor.default\">\n\t\t\t\t<div class=\"elementor-widget-container\">\n\t\t\t\t\t\t\t<p>Il fornitore \u00e8 tenuto a consegnare i prodotti ordinati all&#8217;utente (cliente) entro i tempi concordati. Il partner contrattuale per quanto riguarda la consegna delle spedizioni \u00e8 GLS. L&#8217;importo della consegna dipende dal paese in cui viene spedito l&#8217;ordine. Il fornitore si riserva il diritto di scegliere un altro servizio di consegna se ci\u00f2 consente al fornitore di eseguire l&#8217;ordine in modo pi\u00f9 efficiente. Offriamo la possibilit\u00e0 di effettuare ordini in tutti i paesi europei.<\/p>\t\t\t\t\t\t<\/div>\n\t\t\t\t<\/div>\n\t\t\t\t<div class=\"elementor-element elementor-element-8b7264e elementor-widget elementor-widget-text-editor\" data-id=\"8b7264e\" data-element_type=\"widget\" data-widget_type=\"text-editor.default\">\n\t\t\t\t<div class=\"elementor-widget-container\">\n\t\t\t\t\t\t\t<p>Consegna gratuita<\/p>\t\t\t\t\t\t<\/div>\n\t\t\t\t<\/div>\n\t\t\t\t<div class=\"elementor-element elementor-element-7d32155 elementor-widget elementor-widget-text-editor\" data-id=\"7d32155\" data-element_type=\"widget\" data-widget_type=\"text-editor.default\">\n\t\t\t\t<div class=\"elementor-widget-container\">\n\t\t\t\t\t\t\t<p>Se il valore totale dei prodotti aggiunti al carrello supera il limite indicato per la consegna gratuita, ovvero 80,00 \u20ac, la consegna non verr\u00e0 addebitata. L&#8217;importo totale dei prodotti viene calcolato tenendo conto di tutti i buoni sconto utilizzati, il che significa che per soddisfare la condizione di consegna gratuita, viene preso in considerazione il prezzo finale dei prodotti, compresi gli sconti applicati.<\/p><p>Altri costi aggiuntivi, come il costo dei metodi di pagamento o i prodotti aggiunti dopo il completamento iniziale dell&#8217;acquisto, non sono inclusi nell&#8217;importo totale dell&#8217;ordine ai fini della consegna gratuita.<\/p>\t\t\t\t\t\t<\/div>\n\t\t\t\t<\/div>\n\t\t\t\t<div class=\"elementor-element elementor-element-80deb41 elementor-widget elementor-widget-text-editor\" data-id=\"80deb41\" data-element_type=\"widget\" data-widget_type=\"text-editor.default\">\n\t\t\t\t<div class=\"elementor-widget-container\">\n\t\t\t\t\t\t\t<p>Garanzia sui prodotti<\/p>\t\t\t\t\t\t<\/div>\n\t\t\t\t<\/div>\n\t\t\t\t<div class=\"elementor-element elementor-element-8c66cb6 elementor-widget elementor-widget-text-editor\" data-id=\"8c66cb6\" data-element_type=\"widget\" data-widget_type=\"text-editor.default\">\n\t\t\t\t<div class=\"elementor-widget-container\">\n\t\t\t\t\t\t\t<p>I prodotti venduti su <a href=\"http:\/\/www.enikam.com\/it\">www.enikam.com\/it<\/a> non rappresentano beni tecnici e non necessitano di un certificato di garanzia. Le linee di prodotti OROXID e OXILVER rientrano nel gruppo di prodotti medici per uso orale e cosmetici. I prodotti si presentano sotto forma di soluzione, spray o gel, quindi non sono strumenti, apparecchi o dispositivi che necessitano di un certificato di garanzia.<\/p><p>Il fornitore garantisce che il prodotto funziona come previsto se l&#8217;utente\/cliente segue le istruzioni fornite. Per qualsiasi domanda, \u00e8 possibile rivolgersi al nostro servizio di assistenza tecnica al numero 031 634 900, o all&#8217;indirizzo e-mail: <a href=\"mailto:dominika@enikam-oxy.com\">dominika@enikam-oxy.com<\/a>, come indicato sul nostro sito web <a href=\"http:\/\/www.enikam.com\/it\">www.enikam.com\/it<\/a>.<\/p>\t\t\t\t\t\t<\/div>\n\t\t\t\t<\/div>\n\t\t\t\t<div class=\"elementor-element elementor-element-d56b709 elementor-widget elementor-widget-text-editor\" data-id=\"d56b709\" data-element_type=\"widget\" data-widget_type=\"text-editor.default\">\n\t\t\t\t<div class=\"elementor-widget-container\">\n\t\t\t\t\t\t\t<p>Diritto di recesso e restituzione dei prodotti<\/p>\t\t\t\t\t\t<\/div>\n\t\t\t\t<\/div>\n\t\t\t\t<div class=\"elementor-element elementor-element-8567db0 elementor-widget elementor-widget-text-editor\" data-id=\"8567db0\" data-element_type=\"widget\" data-widget_type=\"text-editor.default\">\n\t\t\t\t<div class=\"elementor-widget-container\">\n\t\t\t\t\t\t\t<p>Ai sensi dell&#8217;articolo 43 della legge sulla tutela dei consumatori, il cliente ha il diritto di recedere dall&#8217;ordine senza indicarne il motivo. Le spese di spedizione sostenute per la restituzione della merce saranno a carico del cliente.<\/p><p>Il cliente \u00e8 tenuto a informare per iscritto il fornitore entro 14 giorni dal ricevimento della merce e a restituire la merce, unitamente a una copia della fattura, non danneggiata e non utilizzata, entro 30 giorni dal recesso dall&#8217;ordine. La merce deve essere restituita nella sua confezione originale, non danneggiata e non utilizzata, a ENIKAM d.o.o., P.E. Stegne 33, 1000 Lubiana.<\/p><p>Al momento della restituzione della merce, il cliente \u00e8 tenuto a fornire il numero del conto corrente sul quale il fornitore trasferir\u00e0 il prezzo d&#8217;acquisto entro cinque giorni lavorativi dal ricevimento della merce restituita.<\/p>\t\t\t\t\t\t<\/div>\n\t\t\t\t<\/div>\n\t\t\t\t<div class=\"elementor-element elementor-element-0f6cbf1 elementor-widget elementor-widget-text-editor\" data-id=\"0f6cbf1\" data-element_type=\"widget\" data-widget_type=\"text-editor.default\">\n\t\t\t\t<div class=\"elementor-widget-container\">\n\t\t\t\t\t\t\t<p>Reclami<\/p>\t\t\t\t\t\t<\/div>\n\t\t\t\t<\/div>\n\t\t\t\t<div class=\"elementor-element elementor-element-14cf61b elementor-widget elementor-widget-text-editor\" data-id=\"14cf61b\" data-element_type=\"widget\" data-widget_type=\"text-editor.default\">\n\t\t\t\t<div class=\"elementor-widget-container\">\n\t\t\t\t\t\t\t<p>Il fornitore si attiene alla legislazione vigente in materia di tutela dei consumatori. Il cliente pu\u00f2 presentare un reclamo relativo al suo ordine al fornitore per iscritto al seguente indirizzo di posta elettronica: info@enikam-oxy.com. La procedura di reclamo \u00e8 riservata.<\/p><p>Il fornitore, entro 5 giorni lavorativi, confermer\u00e0 la ricezione del reclamo e informer\u00e0 il cliente sui tempi di elaborazione del reclamo, tenendolo informato durante l&#8217;intero processo. Il fornitore si impegna a fare del suo meglio per risolvere qualsiasi controversia in via amichevole. Nel caso in cui non si giunga a una risoluzione amichevole della controversia, il Tribunale di procedura civile di Lubiana \u00e8 il solo competente a dirimere tutte le controversie tra il fornitore e il cliente. Il fornitore e il cliente, in quanto coinvolti nel commercio elettronico, riconoscono reciprocamente la validit\u00e0 dei messaggi elettronici in tribunale.<\/p>\t\t\t\t\t\t<\/div>\n\t\t\t\t<\/div>\n\t\t\t\t<div class=\"elementor-element elementor-element-02ff566 elementor-widget elementor-widget-text-editor\" data-id=\"02ff566\" data-element_type=\"widget\" data-widget_type=\"text-editor.default\">\n\t\t\t\t<div class=\"elementor-widget-container\">\n\t\t\t\t\t\t\t<p>Informativa sulla privacy<\/p>\t\t\t\t\t\t<\/div>\n\t\t\t\t<\/div>\n\t\t\t\t<div class=\"elementor-element elementor-element-c2b0a55 elementor-widget elementor-widget-text-editor\" data-id=\"c2b0a55\" data-element_type=\"widget\" data-widget_type=\"text-editor.default\">\n\t\t\t\t<div class=\"elementor-widget-container\">\n\t\t\t\t\t\t\t<p>Anche l&#8217;Informativa sulla privacy fa parte dei presenti Termini e condizioni generali ed \u00e8 disponibile <a href=\"https:\/\/enikam.com\/it\/politica-aziendale\/politica-sulla-riservatezza\/\">qui<\/a>.<\/p>\t\t\t\t\t\t<\/div>\n\t\t\t\t<\/div>\n\t\t\t\t<div class=\"elementor-element elementor-element-37669aa elementor-widget elementor-widget-text-editor\" data-id=\"37669aa\" data-element_type=\"widget\" data-widget_type=\"text-editor.default\">\n\t\t\t\t<div class=\"elementor-widget-container\">\n\t\t\t\t\t\t\t<p>Responsabilit\u00e0 in caso di difetti<\/p>\t\t\t\t\t\t<\/div>\n\t\t\t\t<\/div>\n\t\t\t\t<div class=\"elementor-element elementor-element-530ceda elementor-widget elementor-widget-text-editor\" data-id=\"530ceda\" data-element_type=\"widget\" data-widget_type=\"text-editor.default\">\n\t\t\t\t<div class=\"elementor-widget-container\">\n\t\t\t\t\t\t\t<p>Su www.enikam.com\/it ci impegniamo a pubblicare solo informazioni verificate e corrette; qualora doveste trovare informazioni non veritiere o inappropriate sul nostro sito web, vi preghiamo di contattarci all&#8217;indirizzo <a href=\"mailto:info@enikam-oxy.com\">info@enikam-oxy.com<\/a>.<\/p><p>Le immagini dei prodotti presenti sul sito sono state accuratamente selezionate, ma sono da considerarsi simboliche e non garantiscono le caratteristiche del prodotto.<\/p><p>In qualit\u00e0 di fornitore, ci impegniamo a consegnare i prodotti in conformit\u00e0 ai termini del contratto. Siamo responsabili dei difetti materiali dei prodotti ai sensi della legge sulla tutela dei consumatori. IL cliente pu\u00f2 rivendicare il difetto del prodotto se lo notifica entro due mesi dalla data in cui il difetto \u00e8 stato scoperto, ma non oltre due anni dalla data di consegna del prodotto.<\/p><p>Le informazioni sul prodotto e gli altri consigli contenuti sul presente sito web hanno uno scopo puramente informativo e non intendono sostituire i consigli del medico o di un altro operatore sanitario.<\/p>\t\t\t\t\t\t<\/div>\n\t\t\t\t<\/div>\n\t\t\t\t<div class=\"elementor-element elementor-element-6e2fa6e elementor-widget elementor-widget-text-editor\" data-id=\"6e2fa6e\" data-element_type=\"widget\" data-widget_type=\"text-editor.default\">\n\t\t\t\t<div class=\"elementor-widget-container\">\n\t\t\t\t\t\t\t<p>Applicazione del diritto<\/p>\t\t\t\t\t\t<\/div>\n\t\t\t\t<\/div>\n\t\t\t\t<div class=\"elementor-element elementor-element-203726d elementor-widget elementor-widget-text-editor\" data-id=\"203726d\" data-element_type=\"widget\" data-widget_type=\"text-editor.default\">\n\t\t\t\t<div class=\"elementor-widget-container\">\n\t\t\t\t\t\t\t<p>Le condizioni generali e tutte le controversie tra il fornitore e il cliente sono disciplinate e regolate dalla legge slovena.<\/p><p>Le disposizioni del codice delle obbligazioni, della legge sul commercio elettronico, della legge sulla protezione dei dati personali e della legge sulla tutela dei consumatori si applicano mutatis mutandis a tutti i rapporti e ai diritti e agli obblighi non regolati dalle presenti condizioni generali.<\/p>\t\t\t\t\t\t<\/div>\n\t\t\t\t<\/div>\n\t\t\t\t<div class=\"elementor-element elementor-element-4c6f3f4 elementor-widget elementor-widget-text-editor\" data-id=\"4c6f3f4\" data-element_type=\"widget\" data-widget_type=\"text-editor.default\">\n\t\t\t\t<div class=\"elementor-widget-container\">\n\t\t\t\t\t\t\t<p>Modifiche alle condizioni generali<\/p>\t\t\t\t\t\t<\/div>\n\t\t\t\t<\/div>\n\t\t\t\t<div class=\"elementor-element elementor-element-8f30151 elementor-widget elementor-widget-text-editor\" data-id=\"8f30151\" data-element_type=\"widget\" data-widget_type=\"text-editor.default\">\n\t\t\t\t<div class=\"elementor-widget-container\">\n\t\t\t\t\t\t\t<p>I termini e le condizioni sono soggetti a modifiche dovute alle norme che regolano il funzionamento del sito web, la protezione dei dati personali e in caso di variazione della politica commerciale del fornitore.<\/p><p>Il fornitore si impegna a informare i clienti delle modifiche apportate alle condizioni generali di contratto pubblicandole sul sito www.enikam.si. Le modifiche o gli emendamenti alle condizioni generali entreranno in vigore immediatamente dopo la pubblicazione sul sito web del fornitore.<\/p><p>Le condizioni generali sono state approvate da Dominika Tompa Majcen, direttrice generale di Enikam d.o.o., il 14\/12\/2020.<\/p><p>16\/9\/2022 &#8211; Rettifica n. 1<\/p>\t\t\t\t\t\t<\/div>\n\t\t\t\t<\/div>\n\t\t\t\t\t<\/div>\n\t\t<\/div>\n\t\t\t\t\t<\/div>\n\t\t<\/section>\n\t\t\t\t<\/div>\n\t\t","protected":false},"excerpt":{"rendered":"<p>\/*! elementor &#8211; v3.11.2 &#8211; 22-02-2023 *\/ .elementor-heading-title{padding:0;margin:0;line-height:1}.elementor-widget-heading .elementor-heading-title[class*=elementor-size-]&gt;a{color:inherit;font-size:inherit;line-height:inherit}.elementor-widget-heading .elementor-heading-title.elementor-size-small{font-size:15px}.elementor-widget-heading .elementor-heading-title.elementor-size-medium{font-size:19px}.elementor-widget-heading .elementor-heading-title.elementor-size-large{font-size:29px}.elementor-widget-heading .elementor-heading-title.elementor-size-xl{font-size:39px}.elementor-widget-heading .elementor-heading-title.elementor-size-xxl{font-size:59px} CONDIZIONI DI ACQUISTO TERMINI E CONDIZIONI Il titolare del trattamento del sito web di Enikam, accessibile all&#8217;indirizzo https:\/\/enikam.com\/it , \u00e8 la societ\u00e0 ENIKAM d.o.o., Cesta Andreja Bitenca 118, 1000 Lubiana (di seguito denominata &#8220;Fornitore&#8221;). Informazioni sul fornitore ENIKAM D.O.O.Cesta Andreja Bitenca [&hellip;]<\/p>\n","protected":false},"author":1,"featured_media":0,"parent":1567,"menu_order":0,"comment_status":"closed","ping_status":"closed","template":"","meta":{"footnotes":""},"class_list":["post-1551","page","type-page","status-publish","hentry","entry","owp-thumbs-layout-horizontal","owp-btn-normal","owp-tabs-layout-horizontal","has-no-thumbnails","has-product-nav"],"_links":{"self":[{"href":"https:\/\/enikam.com\/it\/wp-json\/wp\/v2\/pages\/1551","targetHints":{"allow":["GET"]}}],"collection":[{"href":"https:\/\/enikam.com\/it\/wp-json\/wp\/v2\/pages"}],"about":[{"href":"https:\/\/enikam.com\/it\/wp-json\/wp\/v2\/types\/page"}],"author":[{"embeddable":true,"href":"https:\/\/enikam.com\/it\/wp-json\/wp\/v2\/users\/1"}],"replies":[{"embeddable":true,"href":"https:\/\/enikam.com\/it\/wp-json\/wp\/v2\/comments?post=1551"}],"version-history":[{"count":6,"href":"https:\/\/enikam.com\/it\/wp-json\/wp\/v2\/pages\/1551\/revisions"}],"predecessor-version":[{"id":11094,"href":"https:\/\/enikam.com\/it\/wp-json\/wp\/v2\/pages\/1551\/revisions\/11094"}],"up":[{"embeddable":true,"href":"https:\/\/enikam.com\/it\/wp-json\/wp\/v2\/pages\/1567"}],"wp:attachment":[{"href":"https:\/\/enikam.com\/it\/wp-json\/wp\/v2\/media?parent=1551"}],"curies":[{"name":"wp","href":"https:\/\/api.w.org\/{rel}","templated":true}]}}