{"id":11686,"date":"2023-01-12T22:15:17","date_gmt":"2023-01-12T22:15:17","guid":{"rendered":"https:\/\/enikam.com\/de\/?post_type=product&#038;p=11686"},"modified":"2024-10-25T12:07:39","modified_gmt":"2024-10-25T12:07:39","slug":"oroxid-sensitiv-set-mit-zahnbuerste","status":"publish","type":"product","link":"https:\/\/enikam.com\/de\/produkt\/oroxid-sensitiv-set-mit-zahnbuerste\/","title":{"rendered":"OROXID\u00ae sensitiv Set mit Zahnb\u00fcrste"},"content":{"rendered":"\t\t<div data-elementor-type=\"wp-post\" data-elementor-id=\"11717\" class=\"elementor elementor-11717\">\n\t\t\t\t\t\t<section class=\"has_eae_slider elementor-section elementor-top-section elementor-element elementor-element-f001007 elementor-section-boxed elementor-section-height-default elementor-section-height-default\" data-id=\"f001007\" data-element_type=\"section\">\n\t\t\t\t\t\t<div class=\"elementor-container elementor-column-gap-default\">\n\t\t\t\t\t<div class=\"has_eae_slider elementor-column elementor-col-100 elementor-top-column elementor-element elementor-element-e2f1c80\" data-id=\"e2f1c80\" data-element_type=\"column\">\n\t\t\t<div class=\"elementor-widget-wrap elementor-element-populated\">\n\t\t\t\t\t\t<div class=\"elementor-element elementor-element-5a75209 elementor-widget elementor-widget-heading\" data-id=\"5a75209\" data-element_type=\"widget\" data-widget_type=\"heading.default\">\n\t\t\t\t<div class=\"elementor-widget-container\">\n\t\t\t<style>\/*! elementor - v3.21.0 - 26-05-2024 *\/\n.elementor-heading-title{padding:0;margin:0;line-height:1}.elementor-widget-heading .elementor-heading-title[class*=elementor-size-]>a{color:inherit;font-size:inherit;line-height:inherit}.elementor-widget-heading .elementor-heading-title.elementor-size-small{font-size:15px}.elementor-widget-heading .elementor-heading-title.elementor-size-medium{font-size:19px}.elementor-widget-heading .elementor-heading-title.elementor-size-large{font-size:29px}.elementor-widget-heading .elementor-heading-title.elementor-size-xl{font-size:39px}.elementor-widget-heading .elementor-heading-title.elementor-size-xxl{font-size:59px}<\/style><h2 class=\"elementor-heading-title elementor-size-default\">Spray und L\u00f6sung f\u00fcr empfindliche Mundschleimhaut und VBO Zahnb\u00fcrste<\/h2>\t\t<\/div>\n\t\t\t\t<\/div>\n\t\t\t\t<div class=\"elementor-element elementor-element-e75f28b elementor-widget elementor-widget-text-editor\" data-id=\"e75f28b\" data-element_type=\"widget\" data-widget_type=\"text-editor.default\">\n\t\t\t\t<div class=\"elementor-widget-container\">\n\t\t\t<style>\/*! elementor - v3.21.0 - 26-05-2024 *\/\n.elementor-widget-text-editor.elementor-drop-cap-view-stacked .elementor-drop-cap{background-color:#69727d;color:#fff}.elementor-widget-text-editor.elementor-drop-cap-view-framed .elementor-drop-cap{color:#69727d;border:3px solid;background-color:transparent}.elementor-widget-text-editor:not(.elementor-drop-cap-view-default) .elementor-drop-cap{margin-top:8px}.elementor-widget-text-editor:not(.elementor-drop-cap-view-default) .elementor-drop-cap-letter{width:1em;height:1em}.elementor-widget-text-editor .elementor-drop-cap{float:left;text-align:center;line-height:1;font-size:50px}.elementor-widget-text-editor .elementor-drop-cap-letter{display:inline-block}<\/style>\t\t\t\t<p><strong>Das OROXID<\/strong><sup>\u00ae<\/sup> <strong>Set mit der NEUEN VBO Premium Zahnb\u00fcrste<\/strong> eignet sich f\u00fcr alle, die hochwertige und wirksame Produkte f\u00fcr die t\u00e4gliche Mundhygiene und Hilfe bei Problemen im Mundraum suchen. Wir haben 2 slowenische Innovationen in dem Paket kombiniert &#8211; <strong>die erste Orall\u00f6sung mit aktivem Sauerstoff und die weltweit erste Zahnb\u00fcrste mit Borsten aus dem schwarzen Quarz<\/strong>. Bei der Verwendung der VBO Premium Zahnb\u00fcrste ben\u00f6tigen Sie keine Zahnpasta, um wirklich saubere Z\u00e4hne zu erzielen. Um Z\u00e4hne und Mund sauber zu f\u00fchlen und Frische zu erreichen, k\u00f6nnen Sie <strong>OROXID<\/strong><sup>\u00ae <\/sup><strong>Mundl\u00f6sung<\/strong> w\u00e4hrend oder nach dem Z\u00e4hneputzen verwenden.<\/p>\t\t\t\t\t\t<\/div>\n\t\t\t\t<\/div>\n\t\t\t\t\t<\/div>\n\t\t<\/div>\n\t\t\t\t\t<\/div>\n\t\t<\/section>\n\t\t\t\t<section class=\"has_eae_slider elementor-section elementor-top-section elementor-element elementor-element-91a3c11 elementor-section-height-min-height elementor-section-boxed elementor-section-height-default elementor-section-items-middle\" data-id=\"91a3c11\" data-element_type=\"section\">\n\t\t\t\t\t\t<div class=\"elementor-container elementor-column-gap-default\">\n\t\t\t\t\t<div class=\"has_eae_slider elementor-column elementor-col-50 elementor-top-column elementor-element elementor-element-b50336b\" data-id=\"b50336b\" data-element_type=\"column\">\n\t\t\t<div class=\"elementor-widget-wrap elementor-element-populated\">\n\t\t\t\t\t\t<section class=\"has_eae_slider elementor-section elementor-inner-section elementor-element elementor-element-3802363 elementor-section-boxed elementor-section-height-default elementor-section-height-default\" data-id=\"3802363\" data-element_type=\"section\">\n\t\t\t\t\t\t<div class=\"elementor-container elementor-column-gap-default\">\n\t\t\t\t\t<div class=\"has_eae_slider elementor-column elementor-col-100 elementor-inner-column elementor-element elementor-element-a810184\" data-id=\"a810184\" data-element_type=\"column\">\n\t\t\t<div class=\"elementor-widget-wrap elementor-element-populated\">\n\t\t\t\t\t\t<div class=\"elementor-element elementor-element-e22bbce elementor-widget elementor-widget-heading\" data-id=\"e22bbce\" data-element_type=\"widget\" data-widget_type=\"heading.default\">\n\t\t\t\t<div class=\"elementor-widget-container\">\n\t\t\t<p class=\"elementor-heading-title elementor-size-default\">WANN WIRD ES EINGESETZT?<\/p>\t\t<\/div>\n\t\t\t\t<\/div>\n\t\t\t\t\t<\/div>\n\t\t<\/div>\n\t\t\t\t\t<\/div>\n\t\t<\/section>\n\t\t\t\t<section class=\"has_eae_slider elementor-section elementor-inner-section elementor-element elementor-element-5872902 elementor-section-boxed elementor-section-height-default elementor-section-height-default\" data-id=\"5872902\" data-element_type=\"section\" data-settings=\"{&quot;background_background&quot;:&quot;classic&quot;}\">\n\t\t\t\t\t\t<div class=\"elementor-container elementor-column-gap-default\">\n\t\t\t\t\t<div class=\"has_eae_slider elementor-column elementor-col-100 elementor-inner-column elementor-element elementor-element-805e167\" data-id=\"805e167\" data-element_type=\"column\">\n\t\t\t<div class=\"elementor-widget-wrap elementor-element-populated\">\n\t\t\t\t\t\t<div class=\"elementor-element elementor-element-4339473 elementor-widget elementor-widget-text-editor\" data-id=\"4339473\" data-element_type=\"widget\" data-widget_type=\"text-editor.default\">\n\t\t\t\t<div class=\"elementor-widget-container\">\n\t\t\t\t\t\t\t<ul><li>Bei\u00a0<strong>entz\u00fcndlichen Zust\u00e4nden der empfindlichen Mundschleimhaut.<\/strong><\/li><li>Bei\u00a0<strong>Problemen mit der Aufrechterhaltung einer angemessenen Mundhygiene\u00a0<\/strong>bei Personen mit Zahnersatz (Jugendliche und Kinder).<\/li><li>Als vorbeugende Ma\u00dfnahme bei\u00a0<strong>Personen, die zu entz\u00fcndlichen Ver\u00e4nderungen\u00a0<\/strong>in der Mundh\u00f6hle neigen\u00a0<strong>(Raucher, Diabetiker, immungeschw\u00e4chte Personen usw.).<\/strong><\/li><li>Bei Bel\u00e4gen auf der Zunge, die in der Regel auf das Vorhandensein von Pilzerregern zur\u00fcckzuf\u00fchren sind.<\/li><li>Bei\u00a0<strong>Mundgeruch, Zahnbelag und Zahnstein.<\/strong><\/li><\/ul>\t\t\t\t\t\t<\/div>\n\t\t\t\t<\/div>\n\t\t\t\t\t<\/div>\n\t\t<\/div>\n\t\t\t\t\t<\/div>\n\t\t<\/section>\n\t\t\t\t\t<\/div>\n\t\t<\/div>\n\t\t\t\t<div class=\"has_eae_slider elementor-column elementor-col-50 elementor-top-column elementor-element elementor-element-8185ea8\" data-id=\"8185ea8\" data-element_type=\"column\">\n\t\t\t<div class=\"elementor-widget-wrap elementor-element-populated\">\n\t\t\t\t\t\t<div class=\"elementor-element elementor-element-2b1bb5d elementor-widget elementor-widget-image\" data-id=\"2b1bb5d\" data-element_type=\"widget\" data-widget_type=\"image.default\">\n\t\t\t\t<div class=\"elementor-widget-container\">\n\t\t\t<style>\/*! elementor - v3.21.0 - 26-05-2024 *\/\n.elementor-widget-image{text-align:center}.elementor-widget-image a{display:inline-block}.elementor-widget-image a img[src$=\".svg\"]{width:48px}.elementor-widget-image img{vertical-align:middle;display:inline-block}<\/style>\t\t\t\t\t\t\t\t\t\t\t<a href=\"https:\/\/enikam.com\/de\/wp-content\/uploads\/sites\/2\/2023\/01\/Kdaj-uporabiti-oroxid-sensitiv.jpg\" data-elementor-open-lightbox=\"yes\" data-elementor-lightbox-title=\"Kdaj uporabiti oroxid sensitiv\" data-e-action-hash=\"#elementor-action%3Aaction%3Dlightbox%26settings%3DeyJpZCI6MTE3MjEsInVybCI6Imh0dHBzOlwvXC9lbmlrYW0uY29tXC9kZVwvd3AtY29udGVudFwvdXBsb2Fkc1wvc2l0ZXNcLzJcLzIwMjNcLzAxXC9LZGFqLXVwb3JhYml0aS1vcm94aWQtc2Vuc2l0aXYuanBnIn0%3D\">\n\t\t\t\t\t\t\t<img fetchpriority=\"high\" decoding=\"async\" width=\"630\" height=\"341\" src=\"https:\/\/enikam.com\/de\/wp-content\/uploads\/sites\/2\/2023\/01\/Kdaj-uporabiti-oroxid-sensitiv.jpg\" class=\"attachment-large size-large wp-image-11721\" alt=\"\" srcset=\"https:\/\/enikam.com\/de\/wp-content\/uploads\/sites\/2\/2023\/01\/Kdaj-uporabiti-oroxid-sensitiv.jpg 630w, https:\/\/enikam.com\/de\/wp-content\/uploads\/sites\/2\/2023\/01\/Kdaj-uporabiti-oroxid-sensitiv-300x162.jpg 300w, https:\/\/enikam.com\/de\/wp-content\/uploads\/sites\/2\/2023\/01\/Kdaj-uporabiti-oroxid-sensitiv-24x13.jpg 24w, https:\/\/enikam.com\/de\/wp-content\/uploads\/sites\/2\/2023\/01\/Kdaj-uporabiti-oroxid-sensitiv-36x19.jpg 36w, https:\/\/enikam.com\/de\/wp-content\/uploads\/sites\/2\/2023\/01\/Kdaj-uporabiti-oroxid-sensitiv-48x26.jpg 48w, https:\/\/enikam.com\/de\/wp-content\/uploads\/sites\/2\/2023\/01\/Kdaj-uporabiti-oroxid-sensitiv-600x325.jpg 600w\" sizes=\"(max-width: 630px) 100vw, 630px\" \/>\t\t\t\t\t\t\t\t<\/a>\n\t\t\t\t\t\t\t\t\t\t\t\t\t<\/div>\n\t\t\t\t<\/div>\n\t\t\t\t\t<\/div>\n\t\t<\/div>\n\t\t\t\t\t<\/div>\n\t\t<\/section>\n\t\t\t\t<section class=\"has_eae_slider elementor-section elementor-top-section elementor-element elementor-element-21bd3c4 elementor-section-height-min-height elementor-hidden-mobile elementor-section-boxed elementor-section-height-default elementor-section-items-middle\" data-id=\"21bd3c4\" data-element_type=\"section\">\n\t\t\t\t\t\t<div class=\"elementor-container elementor-column-gap-default\">\n\t\t\t\t\t<div class=\"has_eae_slider elementor-column elementor-col-50 elementor-top-column elementor-element elementor-element-1cadb8f\" data-id=\"1cadb8f\" data-element_type=\"column\">\n\t\t\t<div class=\"elementor-widget-wrap elementor-element-populated\">\n\t\t\t\t\t\t<div class=\"elementor-element elementor-element-d126ddd elementor-widget elementor-widget-image\" data-id=\"d126ddd\" data-element_type=\"widget\" data-widget_type=\"image.default\">\n\t\t\t\t<div class=\"elementor-widget-container\">\n\t\t\t\t\t\t\t\t\t\t\t\t\t\t<a href=\"https:\/\/enikam.com\/de\/wp-content\/uploads\/sites\/2\/2023\/01\/11_Bozic_banner_FB-Insta1.jpg\" data-elementor-open-lightbox=\"yes\" data-elementor-lightbox-title=\"11_Bozic_banner_FB-Insta1\" data-e-action-hash=\"#elementor-action%3Aaction%3Dlightbox%26settings%3DeyJpZCI6MTE3MjIsInVybCI6Imh0dHBzOlwvXC9lbmlrYW0uY29tXC9kZVwvd3AtY29udGVudFwvdXBsb2Fkc1wvc2l0ZXNcLzJcLzIwMjNcLzAxXC8xMV9Cb3ppY19iYW5uZXJfRkItSW5zdGExLmpwZyJ9\">\n\t\t\t\t\t\t\t<img decoding=\"async\" src=\"https:\/\/enikam.com\/de\/wp-content\/uploads\/sites\/2\/elementor\/thumbs\/11_Bozic_banner_FB-Insta1-q0wtu6bxtu3ftr5ak9d35godxhk5krbpaez3nk34aw.jpg\" title=\"11_Bozic_banner_FB-Insta1\" alt=\"11_Bozic_banner_FB-Insta1\" loading=\"lazy\" \/>\t\t\t\t\t\t\t\t<\/a>\n\t\t\t\t\t\t\t\t\t\t\t\t\t<\/div>\n\t\t\t\t<\/div>\n\t\t\t\t\t<\/div>\n\t\t<\/div>\n\t\t\t\t<div class=\"has_eae_slider elementor-column elementor-col-50 elementor-top-column elementor-element elementor-element-9c994ea\" data-id=\"9c994ea\" data-element_type=\"column\">\n\t\t\t<div class=\"elementor-widget-wrap elementor-element-populated\">\n\t\t\t\t\t\t<section class=\"has_eae_slider elementor-section elementor-inner-section elementor-element elementor-element-7ef9b66 elementor-section-boxed elementor-section-height-default elementor-section-height-default\" data-id=\"7ef9b66\" data-element_type=\"section\">\n\t\t\t\t\t\t<div class=\"elementor-container elementor-column-gap-default\">\n\t\t\t\t\t<div class=\"has_eae_slider elementor-column elementor-col-100 elementor-inner-column elementor-element elementor-element-56538b6\" data-id=\"56538b6\" data-element_type=\"column\">\n\t\t\t<div class=\"elementor-widget-wrap elementor-element-populated\">\n\t\t\t\t\t\t<div class=\"elementor-element elementor-element-47d7cad elementor-widget elementor-widget-heading\" data-id=\"47d7cad\" data-element_type=\"widget\" data-widget_type=\"heading.default\">\n\t\t\t\t<div class=\"elementor-widget-container\">\n\t\t\t<p class=\"elementor-heading-title elementor-size-default\">WAS ENTH\u00c4LT DAS OROXID<sup>\u00ae<\/sup>-SET?<\/p>\t\t<\/div>\n\t\t\t\t<\/div>\n\t\t\t\t\t<\/div>\n\t\t<\/div>\n\t\t\t\t\t<\/div>\n\t\t<\/section>\n\t\t\t\t<section class=\"has_eae_slider elementor-section elementor-inner-section elementor-element elementor-element-2e8f087 elementor-section-boxed elementor-section-height-default elementor-section-height-default\" data-id=\"2e8f087\" data-element_type=\"section\" data-settings=\"{&quot;background_background&quot;:&quot;classic&quot;}\">\n\t\t\t\t\t\t<div class=\"elementor-container elementor-column-gap-default\">\n\t\t\t\t\t<div class=\"has_eae_slider elementor-column elementor-col-100 elementor-inner-column elementor-element elementor-element-4e76344\" data-id=\"4e76344\" data-element_type=\"column\">\n\t\t\t<div class=\"elementor-widget-wrap elementor-element-populated\">\n\t\t\t\t\t\t<div class=\"elementor-element elementor-element-48b91e5 elementor-widget elementor-widget-text-editor\" data-id=\"48b91e5\" data-element_type=\"widget\" data-widget_type=\"text-editor.default\">\n\t\t\t\t<div class=\"elementor-widget-container\">\n\t\t\t\t\t\t\t<ol>\n \t<b><li>OROXID<sup>\u00ae<\/sup> sensitiv Mundl\u00f6sung 250 ml<\/li><\/b>\n<\/ol>\nDie L\u00f6sung eignet sich zur Anwendung zu Hause und als Hilfsmittel bei der Behandlung von Problemen in der Mundh\u00f6hle, da wir dann eine gr\u00f6\u00dfere Menge L\u00f6sung zum Einnehmen ben\u00f6tigen.\n<ol start=\"2\">\n \t<b><li>OROXID<sup>\u00ae<\/sup> sensitiv Mundspray 100 ml<\/li><\/b>\n<\/ol>\nDas Spray soll das Tragen des Produkts f\u00fcr Personen erleichtern, die auch tags\u00fcber die Mundh\u00f6hle reinigen und sp\u00fclen m\u00fcssen. Dies sind: Menschen mit Implantaten, Prothesen, zahn\u00e4rztlichen Ger\u00e4ten, Menschen mit Mundgeruch, Aphten. In Form einer 100 ml Flasche ist es auch f\u00fcr Flugreisen geeignet.\n<ol start=\"3\">\n \t<b><li>VBO Premium Zahnb\u00fcrste f\u00fcr Erwachsene<\/li><\/b>\n<\/ol>\nDie Oberfl\u00e4chen der Borsten der Premium VBO Zahnb\u00fcrste sind durch den impr\u00e4gnierten schwarzen Quarz rau und entfernen daher Plaque 40 % effektiver als herk\u00f6mmliche Zahnb\u00fcrsten.\t\t\t\t\t\t<\/div>\n\t\t\t\t<\/div>\n\t\t\t\t\t<\/div>\n\t\t<\/div>\n\t\t\t\t\t<\/div>\n\t\t<\/section>\n\t\t\t\t\t<\/div>\n\t\t<\/div>\n\t\t\t\t\t<\/div>\n\t\t<\/section>\n\t\t\t\t<section class=\"has_eae_slider elementor-section elementor-top-section elementor-element elementor-element-828333c elementor-section-height-min-height elementor-hidden-desktop elementor-hidden-tablet elementor-section-boxed elementor-section-height-default elementor-section-items-middle\" data-id=\"828333c\" data-element_type=\"section\">\n\t\t\t\t\t\t<div class=\"elementor-container elementor-column-gap-default\">\n\t\t\t\t\t<div class=\"has_eae_slider elementor-column elementor-col-50 elementor-top-column elementor-element elementor-element-8537027\" data-id=\"8537027\" data-element_type=\"column\">\n\t\t\t<div class=\"elementor-widget-wrap elementor-element-populated\">\n\t\t\t\t\t\t<section class=\"has_eae_slider elementor-section elementor-inner-section elementor-element elementor-element-312986a elementor-section-boxed elementor-section-height-default elementor-section-height-default\" data-id=\"312986a\" data-element_type=\"section\">\n\t\t\t\t\t\t<div class=\"elementor-container elementor-column-gap-default\">\n\t\t\t\t\t<div class=\"has_eae_slider elementor-column elementor-col-100 elementor-inner-column elementor-element elementor-element-3bbfc31\" data-id=\"3bbfc31\" data-element_type=\"column\">\n\t\t\t<div class=\"elementor-widget-wrap elementor-element-populated\">\n\t\t\t\t\t\t<div class=\"elementor-element elementor-element-fd8fade elementor-widget elementor-widget-heading\" data-id=\"fd8fade\" data-element_type=\"widget\" data-widget_type=\"heading.default\">\n\t\t\t\t<div class=\"elementor-widget-container\">\n\t\t\t<p class=\"elementor-heading-title elementor-size-default\">WAS ENTH\u00c4LT DAS OROXID<sup>\u00ae<\/sup>-SET?<\/p>\t\t<\/div>\n\t\t\t\t<\/div>\n\t\t\t\t\t<\/div>\n\t\t<\/div>\n\t\t\t\t\t<\/div>\n\t\t<\/section>\n\t\t\t\t<section class=\"has_eae_slider elementor-section elementor-inner-section elementor-element elementor-element-5ba5fd3 elementor-section-boxed elementor-section-height-default elementor-section-height-default\" data-id=\"5ba5fd3\" data-element_type=\"section\" data-settings=\"{&quot;background_background&quot;:&quot;classic&quot;}\">\n\t\t\t\t\t\t<div class=\"elementor-container elementor-column-gap-default\">\n\t\t\t\t\t<div class=\"has_eae_slider elementor-column elementor-col-100 elementor-inner-column elementor-element elementor-element-bbe4543\" data-id=\"bbe4543\" data-element_type=\"column\">\n\t\t\t<div class=\"elementor-widget-wrap elementor-element-populated\">\n\t\t\t\t\t\t<div class=\"elementor-element elementor-element-70db772 elementor-widget elementor-widget-text-editor\" data-id=\"70db772\" data-element_type=\"widget\" data-widget_type=\"text-editor.default\">\n\t\t\t\t<div class=\"elementor-widget-container\">\n\t\t\t\t\t\t\t<ol>\n \t<b><li>OROXID<sup>\u00ae<\/sup> sensitiv Mundl\u00f6sung 250 ml<\/li><\/b>\n<\/ol>\nDie L\u00f6sung eignet sich zur Anwendung zu Hause und als Hilfsmittel bei der Behandlung von Problemen in der Mundh\u00f6hle, da wir dann eine gr\u00f6\u00dfere Menge L\u00f6sung zum Einnehmen ben\u00f6tigen.\n<ol start=\"2\">\n \t<b><li>OROXID<sup>\u00ae<\/sup> sensitiv Mundspray 100 ml<\/li><\/b>\n<\/ol>\nDas Spray soll das Tragen des Produkts f\u00fcr Personen erleichtern, die auch tags\u00fcber die Mundh\u00f6hle reinigen und sp\u00fclen m\u00fcssen. Dies sind: Menschen mit Implantaten, Prothesen, zahn\u00e4rztlichen Ger\u00e4ten, Menschen mit Mundgeruch, Aphten. In Form einer 100 ml Flasche ist es auch f\u00fcr Flugreisen geeignet.\n<ol start=\"3\">\n \t<b><li>VBO Premium Zahnb\u00fcrste f\u00fcr Erwachsene<\/li><\/b>\n<\/ol>\nDie Oberfl\u00e4chen der Borsten der Premium VBO Zahnb\u00fcrste sind durch den impr\u00e4gnierten schwarzen Quarz rau und entfernen daher Plaque 40 % effektiver als herk\u00f6mmliche Zahnb\u00fcrsten.\t\t\t\t\t\t<\/div>\n\t\t\t\t<\/div>\n\t\t\t\t\t<\/div>\n\t\t<\/div>\n\t\t\t\t\t<\/div>\n\t\t<\/section>\n\t\t\t\t\t<\/div>\n\t\t<\/div>\n\t\t\t\t<div class=\"has_eae_slider elementor-column elementor-col-50 elementor-top-column elementor-element elementor-element-5874316\" data-id=\"5874316\" data-element_type=\"column\">\n\t\t\t<div class=\"elementor-widget-wrap elementor-element-populated\">\n\t\t\t\t\t\t<div class=\"elementor-element elementor-element-e3cf427 elementor-widget elementor-widget-image\" data-id=\"e3cf427\" data-element_type=\"widget\" data-widget_type=\"image.default\">\n\t\t\t\t<div class=\"elementor-widget-container\">\n\t\t\t\t\t\t\t\t\t\t\t\t\t\t<a href=\"https:\/\/enikam.com\/de\/wp-content\/uploads\/sites\/2\/2023\/01\/11_Bozic_banner_FB-Insta1.jpg\" data-elementor-open-lightbox=\"yes\" data-elementor-lightbox-title=\"11_Bozic_banner_FB-Insta1\" data-e-action-hash=\"#elementor-action%3Aaction%3Dlightbox%26settings%3DeyJpZCI6MTE3MjIsInVybCI6Imh0dHBzOlwvXC9lbmlrYW0uY29tXC9kZVwvd3AtY29udGVudFwvdXBsb2Fkc1wvc2l0ZXNcLzJcLzIwMjNcLzAxXC8xMV9Cb3ppY19iYW5uZXJfRkItSW5zdGExLmpwZyJ9\">\n\t\t\t\t\t\t\t<img decoding=\"async\" src=\"https:\/\/enikam.com\/de\/wp-content\/uploads\/sites\/2\/elementor\/thumbs\/11_Bozic_banner_FB-Insta1-q0wtu6bxtu3ftr5ak9d35godxhk5krbpaez3nk34aw.jpg\" title=\"11_Bozic_banner_FB-Insta1\" alt=\"11_Bozic_banner_FB-Insta1\" loading=\"lazy\" \/>\t\t\t\t\t\t\t\t<\/a>\n\t\t\t\t\t\t\t\t\t\t\t\t\t<\/div>\n\t\t\t\t<\/div>\n\t\t\t\t\t<\/div>\n\t\t<\/div>\n\t\t\t\t\t<\/div>\n\t\t<\/section>\n\t\t\t\t<section class=\"has_eae_slider elementor-section elementor-top-section elementor-element elementor-element-df4ed6b elementor-section-full_width elementor-section-height-min-height presek2 elementor-hidden-tablet elementor-hidden-mobile elementor-section-height-default elementor-section-items-middle\" data-id=\"df4ed6b\" data-element_type=\"section\" id=\"presek1\" data-settings=\"{&quot;background_background&quot;:&quot;classic&quot;}\">\n\t\t\t\t\t\t<div class=\"elementor-container elementor-column-gap-no\">\n\t\t\t\t\t<div class=\"has_eae_slider elementor-column elementor-col-100 elementor-top-column elementor-element elementor-element-14f6d03\" data-id=\"14f6d03\" data-element_type=\"column\">\n\t\t\t<div class=\"elementor-widget-wrap elementor-element-populated\">\n\t\t\t\t\t\t<div class=\"elementor-element elementor-element-bc78a8e elementor-widget elementor-widget-text-editor\" data-id=\"bc78a8e\" data-element_type=\"widget\" data-widget_type=\"text-editor.default\">\n\t\t\t\t<div class=\"elementor-widget-container\">\n\t\t\t\t\t\t\t<p>.<\/p>\t\t\t\t\t\t<\/div>\n\t\t\t\t<\/div>\n\t\t\t\t\t<\/div>\n\t\t<\/div>\n\t\t\t\t\t<\/div>\n\t\t<\/section>\n\t\t\t\t<\/div>\n\t\t\n","protected":false},"excerpt":{"rendered":"<div class=\"product_primary\">\n<div class=\"povzetek1\">Spray und L\u00f6sung f\u00fcr empfindliche Mundschleimhaut und VBO Zahnb\u00fcrste. empty1 empty1 empty1 empty1 empty1 empty1 empty1 empty1 empty1 empty1 empty1 empty1 empty1 empty1 empty1<\/div>\n<div class=\"povzetek2\">\n<p><b>Paket f\u00fcr die t\u00e4gliche Mundhygiene und Hilfe bei entz\u00fcndetem, empfindlichem Zahnfleisch. Das Set enth\u00e4lt:<\/b><br \/>\n\u2714 OROXID<sup>\u00ae<\/sup> sensitiv Mundl\u00f6sung 250 ml<br \/>\n\u2714 OROXID<sup>\u00ae<\/sup> sensitiv Mundspray 100 ml<br \/>\n\u2714 Premium Zahnb\u00fcrste VBO (rosa Farbe)<\/p>\n<p>Das Set dient der Zahnreinigung, der Aufrechterhaltung einer hervorragenden Mundhygiene und der Hilfe bei entz\u00fcndetem Zahnfleisch.<\/p>\n<\/div>\n<\/div>\n<div id=\"povezava\" class=\"povezava\"><\/div>\n","protected":false},"featured_media":11742,"comment_status":"open","ping_status":"closed","template":"","meta":[],"product_cat":[20,22,26,24],"product_tag":[],"class_list":{"0":"post-11686","1":"product","2":"type-product","3":"status-publish","4":"has-post-thumbnail","6":"product_cat-oroxid","7":"product_cat-produkte-fur-die-mundpflege","8":"product_cat-top-verkaufen","9":"product_cat-trgowina","11":"entry","12":"has-media","14":"first","15":"instock","16":"sale","17":"shipping-taxable","18":"purchasable","19":"product-type-simple","20":"has-product-nav","21":"col","22":"span_1_of_3","23":"owp-content-center","24":"owp-thumbs-layout-horizontal","25":"owp-btn-normal","26":"owp-tabs-layout-horizontal"},"_links":{"self":[{"href":"https:\/\/enikam.com\/de\/wp-json\/wp\/v2\/product\/11686","targetHints":{"allow":["GET"]}}],"collection":[{"href":"https:\/\/enikam.com\/de\/wp-json\/wp\/v2\/product"}],"about":[{"href":"https:\/\/enikam.com\/de\/wp-json\/wp\/v2\/types\/product"}],"replies":[{"embeddable":true,"href":"https:\/\/enikam.com\/de\/wp-json\/wp\/v2\/comments?post=11686"}],"wp:featuredmedia":[{"embeddable":true,"href":"https:\/\/enikam.com\/de\/wp-json\/wp\/v2\/media\/11742"}],"wp:attachment":[{"href":"https:\/\/enikam.com\/de\/wp-json\/wp\/v2\/media?parent=11686"}],"wp:term":[{"taxonomy":"product_cat","embeddable":true,"href":"https:\/\/enikam.com\/de\/wp-json\/wp\/v2\/product_cat?post=11686"},{"taxonomy":"product_tag","embeddable":true,"href":"https:\/\/enikam.com\/de\/wp-json\/wp\/v2\/product_tag?post=11686"}],"curies":[{"name":"wp","href":"https:\/\/api.w.org\/{rel}","templated":true}]}}