{"id":11682,"date":"2023-01-12T22:08:13","date_gmt":"2023-01-12T22:08:13","guid":{"rendered":"https:\/\/enikam.com\/de\/?post_type=product&#038;p=11682"},"modified":"2024-10-25T12:08:16","modified_gmt":"2024-10-25T12:08:16","slug":"oroxid-forte-set-mit-zahnbuerste","status":"publish","type":"product","link":"https:\/\/enikam.com\/de\/produkt\/oroxid-forte-set-mit-zahnbuerste\/","title":{"rendered":"OROXID\u00ae forte Set mit Zahnb\u00fcrste"},"content":{"rendered":"\t\t<div data-elementor-type=\"wp-post\" data-elementor-id=\"11707\" class=\"elementor elementor-11707\">\n\t\t\t\t\t\t<section class=\"has_eae_slider elementor-section elementor-top-section elementor-element elementor-element-9df5edd elementor-section-boxed elementor-section-height-default elementor-section-height-default\" data-id=\"9df5edd\" data-element_type=\"section\">\n\t\t\t\t\t\t<div class=\"elementor-container elementor-column-gap-default\">\n\t\t\t\t\t<div class=\"has_eae_slider elementor-column elementor-col-100 elementor-top-column elementor-element elementor-element-5c80d44\" data-id=\"5c80d44\" data-element_type=\"column\">\n\t\t\t<div class=\"elementor-widget-wrap elementor-element-populated\">\n\t\t\t\t\t\t<div class=\"elementor-element elementor-element-a4cb32c elementor-widget elementor-widget-heading\" data-id=\"a4cb32c\" data-element_type=\"widget\" data-widget_type=\"heading.default\">\n\t\t\t\t<div class=\"elementor-widget-container\">\n\t\t\t<style>\/*! elementor - v3.21.0 - 26-05-2024 *\/\n.elementor-heading-title{padding:0;margin:0;line-height:1}.elementor-widget-heading .elementor-heading-title[class*=elementor-size-]>a{color:inherit;font-size:inherit;line-height:inherit}.elementor-widget-heading .elementor-heading-title.elementor-size-small{font-size:15px}.elementor-widget-heading .elementor-heading-title.elementor-size-medium{font-size:19px}.elementor-widget-heading .elementor-heading-title.elementor-size-large{font-size:29px}.elementor-widget-heading .elementor-heading-title.elementor-size-xl{font-size:39px}.elementor-widget-heading .elementor-heading-title.elementor-size-xxl{font-size:59px}<\/style><h2 class=\"elementor-heading-title elementor-size-default\">Behandlungsspray und Behandlungsl\u00f6sung sowie VBO-Zahnb\u00fcrste<\/h2>\t\t<\/div>\n\t\t\t\t<\/div>\n\t\t\t\t<div class=\"elementor-element elementor-element-a60ef4b elementor-widget elementor-widget-text-editor\" data-id=\"a60ef4b\" data-element_type=\"widget\" data-widget_type=\"text-editor.default\">\n\t\t\t\t<div class=\"elementor-widget-container\">\n\t\t\t<style>\/*! elementor - v3.21.0 - 26-05-2024 *\/\n.elementor-widget-text-editor.elementor-drop-cap-view-stacked .elementor-drop-cap{background-color:#69727d;color:#fff}.elementor-widget-text-editor.elementor-drop-cap-view-framed .elementor-drop-cap{color:#69727d;border:3px solid;background-color:transparent}.elementor-widget-text-editor:not(.elementor-drop-cap-view-default) .elementor-drop-cap{margin-top:8px}.elementor-widget-text-editor:not(.elementor-drop-cap-view-default) .elementor-drop-cap-letter{width:1em;height:1em}.elementor-widget-text-editor .elementor-drop-cap{float:left;text-align:center;line-height:1;font-size:50px}.elementor-widget-text-editor .elementor-drop-cap-letter{display:inline-block}<\/style>\t\t\t\t<p><strong>Das OROXID<\/strong><sup>\u00ae<\/sup> <strong>Set mit der NEUEN VBO Premium Zahnb\u00fcrste<\/strong> eignet sich f\u00fcr alle, die hochwertige und wirksame Produkte f\u00fcr die t\u00e4gliche Mundhygiene und Hilfe bei Problemen im Mundraum suchen. Wir haben 2 slowenische Innovationen in dem Paket kombiniert &#8211; <strong>die erste Orall\u00f6sung mit aktivem Sauerstoff und die weltweit erste Zahnb\u00fcrste mit Borsten aus dem schwarzen Quarz<\/strong>. Bei der Verwendung der VBO Premium Zahnb\u00fcrste ben\u00f6tigen Sie keine Zahnpasta, um wirklich saubere Z\u00e4hne zu erzielen. Um Z\u00e4hne und Mund sauber zu f\u00fchlen und Frische zu erreichen, k\u00f6nnen Sie <strong>OROXID<\/strong><sup>\u00ae<\/sup> <strong>Mundl\u00f6sung<\/strong> w\u00e4hrend oder nach dem Z\u00e4hneputzen verwenden.<\/p>\t\t\t\t\t\t<\/div>\n\t\t\t\t<\/div>\n\t\t\t\t\t<\/div>\n\t\t<\/div>\n\t\t\t\t\t<\/div>\n\t\t<\/section>\n\t\t\t\t<section class=\"has_eae_slider elementor-section elementor-top-section elementor-element elementor-element-a6a104b elementor-section-height-min-height elementor-section-boxed elementor-section-height-default elementor-section-items-middle\" data-id=\"a6a104b\" data-element_type=\"section\">\n\t\t\t\t\t\t<div class=\"elementor-container elementor-column-gap-default\">\n\t\t\t\t\t<div class=\"has_eae_slider elementor-column elementor-col-50 elementor-top-column elementor-element elementor-element-5f79f59\" data-id=\"5f79f59\" data-element_type=\"column\">\n\t\t\t<div class=\"elementor-widget-wrap elementor-element-populated\">\n\t\t\t\t\t\t<section class=\"has_eae_slider elementor-section elementor-inner-section elementor-element elementor-element-5afbad4 elementor-section-boxed elementor-section-height-default elementor-section-height-default\" data-id=\"5afbad4\" data-element_type=\"section\">\n\t\t\t\t\t\t<div class=\"elementor-container elementor-column-gap-default\">\n\t\t\t\t\t<div class=\"has_eae_slider elementor-column elementor-col-100 elementor-inner-column elementor-element elementor-element-a721e54\" data-id=\"a721e54\" data-element_type=\"column\">\n\t\t\t<div class=\"elementor-widget-wrap elementor-element-populated\">\n\t\t\t\t\t\t<div class=\"elementor-element elementor-element-dba3244 elementor-widget elementor-widget-heading\" data-id=\"dba3244\" data-element_type=\"widget\" data-widget_type=\"heading.default\">\n\t\t\t\t<div class=\"elementor-widget-container\">\n\t\t\t<p class=\"elementor-heading-title elementor-size-default\">WANN WIRD ES EINGESETZT?<\/p>\t\t<\/div>\n\t\t\t\t<\/div>\n\t\t\t\t\t<\/div>\n\t\t<\/div>\n\t\t\t\t\t<\/div>\n\t\t<\/section>\n\t\t\t\t<section class=\"has_eae_slider elementor-section elementor-inner-section elementor-element elementor-element-a35de9b elementor-section-boxed elementor-section-height-default elementor-section-height-default\" data-id=\"a35de9b\" data-element_type=\"section\" data-settings=\"{&quot;background_background&quot;:&quot;classic&quot;}\">\n\t\t\t\t\t\t<div class=\"elementor-container elementor-column-gap-default\">\n\t\t\t\t\t<div class=\"has_eae_slider elementor-column elementor-col-100 elementor-inner-column elementor-element elementor-element-885ee1e\" data-id=\"885ee1e\" data-element_type=\"column\">\n\t\t\t<div class=\"elementor-widget-wrap elementor-element-populated\">\n\t\t\t\t\t\t<div class=\"elementor-element elementor-element-2552381 elementor-widget elementor-widget-text-editor\" data-id=\"2552381\" data-element_type=\"widget\" data-widget_type=\"text-editor.default\">\n\t\t\t\t<div class=\"elementor-widget-container\">\n\t\t\t\t\t\t\t<ul><li>Bei\u00a0<strong>Erkrankungen des Zahnfleischgewebes, Gingivitis, Parodontitis,\u00a0<\/strong>chirurgisch bedingten\u00a0<strong>Zahnfleischsch\u00e4den<\/strong>.<\/li><li>Bei\u00a0<strong>Problemen mit der Mundhygiene\u00a0<\/strong>aufgrund von prothetischen Versorgungen (Br\u00fccken, Prothesen, Implantate, Zahnersatz).<\/li><li>Als\u00a0<strong>vorbeugende Ma\u00dfnahme bei Personen, die zu entz\u00fcndlichen Ver\u00e4nderungen\u00a0<\/strong>in der Mundh\u00f6hle\u00a0<strong>neigen\u00a0<\/strong>(Raucher, Personen mit kieferorthop\u00e4dischen Anomalien, die eine normale Zahnpflege erschweren).<\/li><li><strong>Bei Bel\u00e4gen auf der Zunge<\/strong>, die meist durch Pilzerreger verursacht werden.<\/li><li>Gegen\u00a0<strong>Mundgeruch, Zahnbelag und Zahnstein<\/strong>.<\/li><\/ul>\t\t\t\t\t\t<\/div>\n\t\t\t\t<\/div>\n\t\t\t\t\t<\/div>\n\t\t<\/div>\n\t\t\t\t\t<\/div>\n\t\t<\/section>\n\t\t\t\t\t<\/div>\n\t\t<\/div>\n\t\t\t\t<div class=\"has_eae_slider elementor-column elementor-col-50 elementor-top-column elementor-element elementor-element-19a6e16\" data-id=\"19a6e16\" data-element_type=\"column\">\n\t\t\t<div class=\"elementor-widget-wrap elementor-element-populated\">\n\t\t\t\t\t\t<div class=\"elementor-element elementor-element-6c3ad2a elementor-widget elementor-widget-image\" data-id=\"6c3ad2a\" data-element_type=\"widget\" data-widget_type=\"image.default\">\n\t\t\t\t<div class=\"elementor-widget-container\">\n\t\t\t<style>\/*! elementor - v3.21.0 - 26-05-2024 *\/\n.elementor-widget-image{text-align:center}.elementor-widget-image a{display:inline-block}.elementor-widget-image a img[src$=\".svg\"]{width:48px}.elementor-widget-image img{vertical-align:middle;display:inline-block}<\/style>\t\t\t\t\t\t\t\t\t\t\t<a href=\"https:\/\/enikam.com\/de\/wp-content\/uploads\/sites\/2\/2023\/01\/Kdaj-uporabiti.jpg\" data-elementor-open-lightbox=\"yes\" data-elementor-lightbox-title=\"Kdaj uporabiti\" data-e-action-hash=\"#elementor-action%3Aaction%3Dlightbox%26settings%3DeyJpZCI6MTE3MTAsInVybCI6Imh0dHBzOlwvXC9lbmlrYW0uY29tXC9kZVwvd3AtY29udGVudFwvdXBsb2Fkc1wvc2l0ZXNcLzJcLzIwMjNcLzAxXC9LZGFqLXVwb3JhYml0aS5qcGcifQ%3D%3D\">\n\t\t\t\t\t\t\t<img fetchpriority=\"high\" decoding=\"async\" width=\"640\" height=\"341\" src=\"https:\/\/enikam.com\/de\/wp-content\/uploads\/sites\/2\/2023\/01\/Kdaj-uporabiti.jpg\" class=\"attachment-large size-large wp-image-11710\" alt=\"\" srcset=\"https:\/\/enikam.com\/de\/wp-content\/uploads\/sites\/2\/2023\/01\/Kdaj-uporabiti.jpg 640w, https:\/\/enikam.com\/de\/wp-content\/uploads\/sites\/2\/2023\/01\/Kdaj-uporabiti-300x160.jpg 300w, https:\/\/enikam.com\/de\/wp-content\/uploads\/sites\/2\/2023\/01\/Kdaj-uporabiti-24x13.jpg 24w, https:\/\/enikam.com\/de\/wp-content\/uploads\/sites\/2\/2023\/01\/Kdaj-uporabiti-36x19.jpg 36w, https:\/\/enikam.com\/de\/wp-content\/uploads\/sites\/2\/2023\/01\/Kdaj-uporabiti-48x26.jpg 48w, https:\/\/enikam.com\/de\/wp-content\/uploads\/sites\/2\/2023\/01\/Kdaj-uporabiti-600x320.jpg 600w\" sizes=\"(max-width: 640px) 100vw, 640px\" \/>\t\t\t\t\t\t\t\t<\/a>\n\t\t\t\t\t\t\t\t\t\t\t\t\t<\/div>\n\t\t\t\t<\/div>\n\t\t\t\t\t<\/div>\n\t\t<\/div>\n\t\t\t\t\t<\/div>\n\t\t<\/section>\n\t\t\t\t<section class=\"has_eae_slider elementor-section elementor-top-section elementor-element elementor-element-4064409 elementor-section-height-min-height elementor-hidden-mobile elementor-section-boxed elementor-section-height-default elementor-section-items-middle\" data-id=\"4064409\" data-element_type=\"section\">\n\t\t\t\t\t\t<div class=\"elementor-container elementor-column-gap-default\">\n\t\t\t\t\t<div class=\"has_eae_slider elementor-column elementor-col-50 elementor-top-column elementor-element elementor-element-078f9c5\" data-id=\"078f9c5\" data-element_type=\"column\">\n\t\t\t<div class=\"elementor-widget-wrap elementor-element-populated\">\n\t\t\t\t\t\t<div class=\"elementor-element elementor-element-74566c6 elementor-widget elementor-widget-image\" data-id=\"74566c6\" data-element_type=\"widget\" data-widget_type=\"image.default\">\n\t\t\t\t<div class=\"elementor-widget-container\">\n\t\t\t\t\t\t\t\t\t\t\t\t\t\t<a href=\"https:\/\/enikam.com\/de\/wp-content\/uploads\/sites\/2\/2023\/01\/11_Bozic_banner_FB-Insta21.jpg\" data-elementor-open-lightbox=\"yes\" data-elementor-lightbox-title=\"11_Bozic_banner_FB-Insta21\" data-e-action-hash=\"#elementor-action%3Aaction%3Dlightbox%26settings%3DeyJpZCI6MTE3MTIsInVybCI6Imh0dHBzOlwvXC9lbmlrYW0uY29tXC9kZVwvd3AtY29udGVudFwvdXBsb2Fkc1wvc2l0ZXNcLzJcLzIwMjNcLzAxXC8xMV9Cb3ppY19iYW5uZXJfRkItSW5zdGEyMS5qcGcifQ%3D%3D\">\n\t\t\t\t\t\t\t<img decoding=\"async\" src=\"https:\/\/enikam.com\/de\/wp-content\/uploads\/sites\/2\/elementor\/thumbs\/11_Bozic_banner_FB-Insta21-q0wt7gkcnyzz90557fvnw71d49itk3585zeo4trmo8.jpg\" title=\"11_Bozic_banner_FB-Insta21\" alt=\"11_Bozic_banner_FB-Insta21\" loading=\"lazy\" \/>\t\t\t\t\t\t\t\t<\/a>\n\t\t\t\t\t\t\t\t\t\t\t\t\t<\/div>\n\t\t\t\t<\/div>\n\t\t\t\t\t<\/div>\n\t\t<\/div>\n\t\t\t\t<div class=\"has_eae_slider elementor-column elementor-col-50 elementor-top-column elementor-element elementor-element-ba85519\" data-id=\"ba85519\" data-element_type=\"column\">\n\t\t\t<div class=\"elementor-widget-wrap elementor-element-populated\">\n\t\t\t\t\t\t<section class=\"has_eae_slider elementor-section elementor-inner-section elementor-element elementor-element-50d7573 elementor-section-boxed elementor-section-height-default elementor-section-height-default\" data-id=\"50d7573\" data-element_type=\"section\">\n\t\t\t\t\t\t<div class=\"elementor-container elementor-column-gap-default\">\n\t\t\t\t\t<div class=\"has_eae_slider elementor-column elementor-col-100 elementor-inner-column elementor-element elementor-element-cd26e84\" data-id=\"cd26e84\" data-element_type=\"column\">\n\t\t\t<div class=\"elementor-widget-wrap elementor-element-populated\">\n\t\t\t\t\t\t<div class=\"elementor-element elementor-element-c67714b elementor-widget elementor-widget-heading\" data-id=\"c67714b\" data-element_type=\"widget\" data-widget_type=\"heading.default\">\n\t\t\t\t<div class=\"elementor-widget-container\">\n\t\t\t<p class=\"elementor-heading-title elementor-size-default\">WAS ENTH\u00c4LT DAS OROXID<sup>\u00ae<\/sup> - SET?<\/p>\t\t<\/div>\n\t\t\t\t<\/div>\n\t\t\t\t\t<\/div>\n\t\t<\/div>\n\t\t\t\t\t<\/div>\n\t\t<\/section>\n\t\t\t\t<section class=\"has_eae_slider elementor-section elementor-inner-section elementor-element elementor-element-89563d0 elementor-section-boxed elementor-section-height-default elementor-section-height-default\" data-id=\"89563d0\" data-element_type=\"section\" data-settings=\"{&quot;background_background&quot;:&quot;classic&quot;}\">\n\t\t\t\t\t\t<div class=\"elementor-container elementor-column-gap-default\">\n\t\t\t\t\t<div class=\"has_eae_slider elementor-column elementor-col-100 elementor-inner-column elementor-element elementor-element-10fbe8b\" data-id=\"10fbe8b\" data-element_type=\"column\">\n\t\t\t<div class=\"elementor-widget-wrap elementor-element-populated\">\n\t\t\t\t\t\t<div class=\"elementor-element elementor-element-e2841cf elementor-widget elementor-widget-text-editor\" data-id=\"e2841cf\" data-element_type=\"widget\" data-widget_type=\"text-editor.default\">\n\t\t\t\t<div class=\"elementor-widget-container\">\n\t\t\t\t\t\t\t<ol>\n \t<b><li>OROXID<sup>\u00ae<\/sup> forte Mundl\u00f6sung 250 ml<\/li><\/b>\n<\/ol>\nDie L\u00f6sung eignet sich zur Anwendung zu Hause und als Hilfsmittel bei der Behandlung von Problemen in der Mundh\u00f6hle, da wir dann eine gr\u00f6\u00dfere Menge L\u00f6sung zum Einnehmen ben\u00f6tigen.\n<ol start=\"2\">\n \t<b><li>OROXID<sup>\u00ae<\/sup> forte Mundspray 100 ml<\/li><\/b>\n<\/ol>\nDas Spray soll das Tragen des Produkts f\u00fcr Personen erleichtern, die auch tags\u00fcber die Mundh\u00f6hle reinigen und sp\u00fclen m\u00fcssen. Dies sind: Menschen mit Implantaten, Prothesen, zahn\u00e4rztlichen Ger\u00e4ten, Menschen mit Mundgeruch, Aphten. In Form einer 100 ml Flasche ist es auch f\u00fcr Flugreisen geeignet.\n<ol start=\"3\">\n \t<b><li>VBO Premium Zahnb\u00fcrste f\u00fcr Erwachsene<\/li><\/b>\n<\/ol>\nDie Oberfl\u00e4chen der Borsten der Premium VBO Zahnb\u00fcrste sind durch den impr\u00e4gnierten schwarzen Quarz rau und entfernen daher Plaque 40 % effektiver als herk\u00f6mmliche Zahnb\u00fcrsten.\t\t\t\t\t\t<\/div>\n\t\t\t\t<\/div>\n\t\t\t\t\t<\/div>\n\t\t<\/div>\n\t\t\t\t\t<\/div>\n\t\t<\/section>\n\t\t\t\t\t<\/div>\n\t\t<\/div>\n\t\t\t\t\t<\/div>\n\t\t<\/section>\n\t\t\t\t<section class=\"has_eae_slider elementor-section elementor-top-section elementor-element elementor-element-1ad858e elementor-section-height-min-height elementor-hidden-desktop elementor-hidden-tablet elementor-section-boxed elementor-section-height-default elementor-section-items-middle\" data-id=\"1ad858e\" data-element_type=\"section\">\n\t\t\t\t\t\t<div class=\"elementor-container elementor-column-gap-default\">\n\t\t\t\t\t<div class=\"has_eae_slider elementor-column elementor-col-50 elementor-top-column elementor-element elementor-element-193998a\" data-id=\"193998a\" data-element_type=\"column\">\n\t\t\t<div class=\"elementor-widget-wrap elementor-element-populated\">\n\t\t\t\t\t\t<section class=\"has_eae_slider elementor-section elementor-inner-section elementor-element elementor-element-1497670 elementor-section-boxed elementor-section-height-default elementor-section-height-default\" data-id=\"1497670\" data-element_type=\"section\">\n\t\t\t\t\t\t<div class=\"elementor-container elementor-column-gap-default\">\n\t\t\t\t\t<div class=\"has_eae_slider elementor-column elementor-col-100 elementor-inner-column elementor-element elementor-element-9cb6a32\" data-id=\"9cb6a32\" data-element_type=\"column\">\n\t\t\t<div class=\"elementor-widget-wrap elementor-element-populated\">\n\t\t\t\t\t\t<div class=\"elementor-element elementor-element-8056301 elementor-widget elementor-widget-heading\" data-id=\"8056301\" data-element_type=\"widget\" data-widget_type=\"heading.default\">\n\t\t\t\t<div class=\"elementor-widget-container\">\n\t\t\t<p class=\"elementor-heading-title elementor-size-default\">WAS ENTH\u00c4LT DAS OROXID<sup>\u00ae<\/sup> - SET?<\/p>\t\t<\/div>\n\t\t\t\t<\/div>\n\t\t\t\t\t<\/div>\n\t\t<\/div>\n\t\t\t\t\t<\/div>\n\t\t<\/section>\n\t\t\t\t<section class=\"has_eae_slider elementor-section elementor-inner-section elementor-element elementor-element-d226299 elementor-section-boxed elementor-section-height-default elementor-section-height-default\" data-id=\"d226299\" data-element_type=\"section\" data-settings=\"{&quot;background_background&quot;:&quot;classic&quot;}\">\n\t\t\t\t\t\t<div class=\"elementor-container elementor-column-gap-default\">\n\t\t\t\t\t<div class=\"has_eae_slider elementor-column elementor-col-100 elementor-inner-column elementor-element elementor-element-cabd513\" data-id=\"cabd513\" data-element_type=\"column\">\n\t\t\t<div class=\"elementor-widget-wrap elementor-element-populated\">\n\t\t\t\t\t\t<div class=\"elementor-element elementor-element-a5e13f7 elementor-widget elementor-widget-text-editor\" data-id=\"a5e13f7\" data-element_type=\"widget\" data-widget_type=\"text-editor.default\">\n\t\t\t\t<div class=\"elementor-widget-container\">\n\t\t\t\t\t\t\t<ol>\n \t<b><li>OROXID<sup>\u00ae<\/sup> forte Mundl\u00f6sung 250 ml<\/li><\/b>\n<\/ol>\nDie L\u00f6sung eignet sich zur Anwendung zu Hause und als Hilfsmittel bei der Behandlung von Problemen in der Mundh\u00f6hle, da wir dann eine gr\u00f6\u00dfere Menge L\u00f6sung zum Einnehmen ben\u00f6tigen.\n<ol start=\"2\">\n \t<b><li>OROXID<sup>\u00ae<\/sup> forte Mundspray 100 ml<\/li><\/b>\n<\/ol>\nDas Spray soll das Tragen des Produkts f\u00fcr Personen erleichtern, die auch tags\u00fcber die Mundh\u00f6hle reinigen und sp\u00fclen m\u00fcssen. Dies sind: Menschen mit Implantaten, Prothesen, zahn\u00e4rztlichen Ger\u00e4ten, Menschen mit Mundgeruch, Aphten. In Form einer 100 ml Flasche ist es auch f\u00fcr Flugreisen geeignet.\n<ol start=\"3\">\n \t<b><li>VBO Premium Zahnb\u00fcrste f\u00fcr Erwachsene<\/li><\/b>\n<\/ol>\nDie Oberfl\u00e4chen der Borsten der Premium VBO Zahnb\u00fcrste sind durch den impr\u00e4gnierten schwarzen Quarz rau und entfernen daher Plaque 40 % effektiver als herk\u00f6mmliche Zahnb\u00fcrsten.\t\t\t\t\t\t<\/div>\n\t\t\t\t<\/div>\n\t\t\t\t\t<\/div>\n\t\t<\/div>\n\t\t\t\t\t<\/div>\n\t\t<\/section>\n\t\t\t\t\t<\/div>\n\t\t<\/div>\n\t\t\t\t<div class=\"has_eae_slider elementor-column elementor-col-50 elementor-top-column elementor-element elementor-element-c2a423d\" data-id=\"c2a423d\" data-element_type=\"column\">\n\t\t\t<div class=\"elementor-widget-wrap elementor-element-populated\">\n\t\t\t\t\t\t<div class=\"elementor-element elementor-element-8f274ea elementor-widget elementor-widget-image\" data-id=\"8f274ea\" data-element_type=\"widget\" data-widget_type=\"image.default\">\n\t\t\t\t<div class=\"elementor-widget-container\">\n\t\t\t\t\t\t\t\t\t\t\t\t\t\t<a href=\"https:\/\/enikam.com\/de\/wp-content\/uploads\/sites\/2\/2023\/01\/11_Bozic_banner_FB-Insta21.jpg\" data-elementor-open-lightbox=\"yes\" data-elementor-lightbox-title=\"11_Bozic_banner_FB-Insta21\" data-e-action-hash=\"#elementor-action%3Aaction%3Dlightbox%26settings%3DeyJpZCI6MTE3MTIsInVybCI6Imh0dHBzOlwvXC9lbmlrYW0uY29tXC9kZVwvd3AtY29udGVudFwvdXBsb2Fkc1wvc2l0ZXNcLzJcLzIwMjNcLzAxXC8xMV9Cb3ppY19iYW5uZXJfRkItSW5zdGEyMS5qcGcifQ%3D%3D\">\n\t\t\t\t\t\t\t<img decoding=\"async\" src=\"https:\/\/enikam.com\/de\/wp-content\/uploads\/sites\/2\/elementor\/thumbs\/11_Bozic_banner_FB-Insta21-q0wt7gkcnyzz90557fvnw71d49itk3585zeo4trmo8.jpg\" title=\"11_Bozic_banner_FB-Insta21\" alt=\"11_Bozic_banner_FB-Insta21\" loading=\"lazy\" \/>\t\t\t\t\t\t\t\t<\/a>\n\t\t\t\t\t\t\t\t\t\t\t\t\t<\/div>\n\t\t\t\t<\/div>\n\t\t\t\t\t<\/div>\n\t\t<\/div>\n\t\t\t\t\t<\/div>\n\t\t<\/section>\n\t\t\t\t<section class=\"has_eae_slider elementor-section elementor-top-section elementor-element elementor-element-169f533 elementor-section-full_width elementor-section-height-min-height presek2 elementor-hidden-tablet elementor-hidden-mobile elementor-section-height-default elementor-section-items-middle\" data-id=\"169f533\" data-element_type=\"section\" id=\"presek1\" data-settings=\"{&quot;background_background&quot;:&quot;classic&quot;}\">\n\t\t\t\t\t\t<div class=\"elementor-container elementor-column-gap-no\">\n\t\t\t\t\t<div class=\"has_eae_slider elementor-column elementor-col-100 elementor-top-column elementor-element elementor-element-eb84eb7\" data-id=\"eb84eb7\" data-element_type=\"column\">\n\t\t\t<div class=\"elementor-widget-wrap elementor-element-populated\">\n\t\t\t\t\t\t<div class=\"elementor-element elementor-element-9c32bcc elementor-widget elementor-widget-text-editor\" data-id=\"9c32bcc\" data-element_type=\"widget\" data-widget_type=\"text-editor.default\">\n\t\t\t\t<div class=\"elementor-widget-container\">\n\t\t\t\t\t\t\t<p>.<\/p>\t\t\t\t\t\t<\/div>\n\t\t\t\t<\/div>\n\t\t\t\t\t<\/div>\n\t\t<\/div>\n\t\t\t\t\t<\/div>\n\t\t<\/section>\n\t\t\t\t<\/div>\n\t\t\n","protected":false},"excerpt":{"rendered":"<div class=\"product_primary\">\n<div class=\"povzetek1\">Behandlungsspray und Behandlungsl\u00f6sung sowie VBO-Zahnb\u00fcrste. empty1 empty1 empty1 empty1 empty1 empty1 empty1 empty1 empty1 empty1 empty1 empty1 empty1 empty1 empty1<\/div>\n<div class=\"povzetek2\">\n<p><b>Paket f\u00fcr intensive Mundhygiene und Hilfe bei schwereren Formen parodontaler Gewebeentz\u00fcndungen. Das Set enth\u00e4lt:<\/b><br \/>\n\u2714 OROXID\u00ae forte Mundl\u00f6sung 250 ml<br \/>\n\u2714 OROXID\u00ae forte Mundspray 100 ml<br \/>\n\u2714 Premium Zahnb\u00fcrste VBO (blaue Fabre)<\/p>\n<p>Das Set ist f\u00fcr die Reinigung der Z\u00e4hne, die Aufrechterhaltung einer hervorragenden Mundhygiene und die Unterst\u00fctzung bei parodontalen Gewebeerkrankungen bestimmt.<\/p>\n<\/div>\n<\/div>\n<div id=\"povezava\" class=\"povezava\"><\/div>\n","protected":false},"featured_media":11743,"comment_status":"open","ping_status":"closed","template":"","meta":[],"product_cat":[20,22,26,24],"product_tag":[],"class_list":{"0":"post-11682","1":"product","2":"type-product","3":"status-publish","4":"has-post-thumbnail","6":"product_cat-oroxid","7":"product_cat-produkte-fur-die-mundpflege","8":"product_cat-top-verkaufen","9":"product_cat-trgowina","11":"entry","12":"has-media","14":"first","15":"instock","16":"sale","17":"shipping-taxable","18":"purchasable","19":"product-type-simple","20":"has-product-nav","21":"col","22":"span_1_of_3","23":"owp-content-center","24":"owp-thumbs-layout-horizontal","25":"owp-btn-normal","26":"owp-tabs-layout-horizontal"},"_links":{"self":[{"href":"https:\/\/enikam.com\/de\/wp-json\/wp\/v2\/product\/11682","targetHints":{"allow":["GET"]}}],"collection":[{"href":"https:\/\/enikam.com\/de\/wp-json\/wp\/v2\/product"}],"about":[{"href":"https:\/\/enikam.com\/de\/wp-json\/wp\/v2\/types\/product"}],"replies":[{"embeddable":true,"href":"https:\/\/enikam.com\/de\/wp-json\/wp\/v2\/comments?post=11682"}],"wp:featuredmedia":[{"embeddable":true,"href":"https:\/\/enikam.com\/de\/wp-json\/wp\/v2\/media\/11743"}],"wp:attachment":[{"href":"https:\/\/enikam.com\/de\/wp-json\/wp\/v2\/media?parent=11682"}],"wp:term":[{"taxonomy":"product_cat","embeddable":true,"href":"https:\/\/enikam.com\/de\/wp-json\/wp\/v2\/product_cat?post=11682"},{"taxonomy":"product_tag","embeddable":true,"href":"https:\/\/enikam.com\/de\/wp-json\/wp\/v2\/product_tag?post=11682"}],"curies":[{"name":"wp","href":"https:\/\/api.w.org\/{rel}","templated":true}]}}