{"id":11381,"date":"2022-11-26T14:19:56","date_gmt":"2022-11-26T14:19:56","guid":{"rendered":"https:\/\/enikam.com\/de\/?post_type=product&#038;p=11381"},"modified":"2023-01-19T22:38:48","modified_gmt":"2023-01-19T22:38:48","slug":"vbo-premium-zahnbuerste-fuer-erwachsene-blau","status":"publish","type":"product","link":"https:\/\/enikam.com\/de\/produkt\/vbo-premium-zahnbuerste-fuer-erwachsene-blau\/","title":{"rendered":"VBO Premium Zahnb\u00fcrste f\u00fcr Erwachsene \u2013 blau"},"content":{"rendered":"\t\t<div data-elementor-type=\"wp-post\" data-elementor-id=\"11693\" class=\"elementor elementor-11693\">\n\t\t\t\t\t\t<section class=\"has_eae_slider elementor-section elementor-top-section elementor-element elementor-element-baf0d66 elementor-section-boxed elementor-section-height-default elementor-section-height-default\" data-id=\"baf0d66\" data-element_type=\"section\">\n\t\t\t\t\t\t<div class=\"elementor-container elementor-column-gap-default\">\n\t\t\t\t\t<div class=\"has_eae_slider elementor-column elementor-col-100 elementor-top-column elementor-element elementor-element-5ebacf8\" data-id=\"5ebacf8\" data-element_type=\"column\">\n\t\t\t<div class=\"elementor-widget-wrap elementor-element-populated\">\n\t\t\t\t\t\t<div class=\"elementor-element elementor-element-fcf7b23 elementor-widget elementor-widget-heading\" data-id=\"fcf7b23\" data-element_type=\"widget\" data-widget_type=\"heading.default\">\n\t\t\t\t<div class=\"elementor-widget-container\">\n\t\t\t<style>\/*! elementor - v3.21.0 - 26-05-2024 *\/\n.elementor-heading-title{padding:0;margin:0;line-height:1}.elementor-widget-heading .elementor-heading-title[class*=elementor-size-]>a{color:inherit;font-size:inherit;line-height:inherit}.elementor-widget-heading .elementor-heading-title.elementor-size-small{font-size:15px}.elementor-widget-heading .elementor-heading-title.elementor-size-medium{font-size:19px}.elementor-widget-heading .elementor-heading-title.elementor-size-large{font-size:29px}.elementor-widget-heading .elementor-heading-title.elementor-size-xl{font-size:39px}.elementor-widget-heading .elementor-heading-title.elementor-size-xxl{font-size:59px}<\/style><h2 class=\"elementor-heading-title elementor-size-default\">VBO Premium Zahnb\u00fcrste f\u00fcr Erwachsene<\/h2>\t\t<\/div>\n\t\t\t\t<\/div>\n\t\t\t\t<div class=\"elementor-element elementor-element-6e0a739 elementor-widget elementor-widget-text-editor\" data-id=\"6e0a739\" data-element_type=\"widget\" data-widget_type=\"text-editor.default\">\n\t\t\t\t<div class=\"elementor-widget-container\">\n\t\t\t<style>\/*! elementor - v3.21.0 - 26-05-2024 *\/\n.elementor-widget-text-editor.elementor-drop-cap-view-stacked .elementor-drop-cap{background-color:#69727d;color:#fff}.elementor-widget-text-editor.elementor-drop-cap-view-framed .elementor-drop-cap{color:#69727d;border:3px solid;background-color:transparent}.elementor-widget-text-editor:not(.elementor-drop-cap-view-default) .elementor-drop-cap{margin-top:8px}.elementor-widget-text-editor:not(.elementor-drop-cap-view-default) .elementor-drop-cap-letter{width:1em;height:1em}.elementor-widget-text-editor .elementor-drop-cap{float:left;text-align:center;line-height:1;font-size:50px}.elementor-widget-text-editor .elementor-drop-cap-letter{display:inline-block}<\/style>\t\t\t\t<p>Die VBO Premium Zahnb\u00fcrste entfernt dank ihrer einzigartigen schwarzen Borsten aus Quarz Plaque 40 % effektiver als herk\u00f6mmliche Zahnb\u00fcrsten (Forschung der Kanagawa Dental University, Japan). Nach dem Putzen sind die Z\u00e4hne glatter und das Gef\u00fchl von sauberen Z\u00e4hnen und Mund h\u00e4lt deutlich l\u00e4nger an.<\/p>\t\t\t\t\t\t<\/div>\n\t\t\t\t<\/div>\n\t\t\t\t\t<\/div>\n\t\t<\/div>\n\t\t\t\t\t<\/div>\n\t\t<\/section>\n\t\t\t\t<section class=\"has_eae_slider elementor-section elementor-top-section elementor-element elementor-element-205e4b7 elementor-section-height-min-height elementor-section-boxed elementor-section-height-default elementor-section-items-middle\" data-id=\"205e4b7\" data-element_type=\"section\">\n\t\t\t\t\t\t<div class=\"elementor-container elementor-column-gap-default\">\n\t\t\t\t\t<div class=\"has_eae_slider elementor-column elementor-col-50 elementor-top-column elementor-element elementor-element-30f19e0\" data-id=\"30f19e0\" data-element_type=\"column\">\n\t\t\t<div class=\"elementor-widget-wrap elementor-element-populated\">\n\t\t\t\t\t\t<section class=\"has_eae_slider elementor-section elementor-inner-section elementor-element elementor-element-e5bfc9e elementor-section-boxed elementor-section-height-default elementor-section-height-default\" data-id=\"e5bfc9e\" data-element_type=\"section\">\n\t\t\t\t\t\t<div class=\"elementor-container elementor-column-gap-default\">\n\t\t\t\t\t<div class=\"has_eae_slider elementor-column elementor-col-100 elementor-inner-column elementor-element elementor-element-30f189c\" data-id=\"30f189c\" data-element_type=\"column\">\n\t\t\t<div class=\"elementor-widget-wrap elementor-element-populated\">\n\t\t\t\t\t\t<div class=\"elementor-element elementor-element-7f05995 elementor-widget elementor-widget-heading\" data-id=\"7f05995\" data-element_type=\"widget\" data-widget_type=\"heading.default\">\n\t\t\t\t<div class=\"elementor-widget-container\">\n\t\t\t<p class=\"elementor-heading-title elementor-size-default\">DIE EINZIGARTIGKEIT VON SCHWARZEM QUARZ<\/p>\t\t<\/div>\n\t\t\t\t<\/div>\n\t\t\t\t\t<\/div>\n\t\t<\/div>\n\t\t\t\t\t<\/div>\n\t\t<\/section>\n\t\t\t\t<section class=\"has_eae_slider elementor-section elementor-inner-section elementor-element elementor-element-92921db elementor-section-boxed elementor-section-height-default elementor-section-height-default\" data-id=\"92921db\" data-element_type=\"section\" data-settings=\"{&quot;background_background&quot;:&quot;classic&quot;}\">\n\t\t\t\t\t\t<div class=\"elementor-container elementor-column-gap-default\">\n\t\t\t\t\t<div class=\"has_eae_slider elementor-column elementor-col-100 elementor-inner-column elementor-element elementor-element-996128e\" data-id=\"996128e\" data-element_type=\"column\">\n\t\t\t<div class=\"elementor-widget-wrap elementor-element-populated\">\n\t\t\t\t\t\t<div class=\"elementor-element elementor-element-4b2a468 elementor-widget elementor-widget-text-editor\" data-id=\"4b2a468\" data-element_type=\"widget\" data-widget_type=\"text-editor.default\">\n\t\t\t\t<div class=\"elementor-widget-container\">\n\t\t\t\t\t\t\t<ul><li>Die Oberfl\u00e4chen der Borsten der Premium VBO Zahnb\u00fcrste sind durch den impr\u00e4gnierten schwarzen Quarz rau (auf mikroskopischer Ebene) und entfernen daher Plaque effektiver als die klassischen glatten Borsten.<\/li><li>Beim Putzen werden negative Ionen aus den Borsten freigesetzt, was nachweislich* den Putzeffekt verl\u00e4ngert, da sich weniger Bakterien im Speichel entwickeln.<\/li><li>Die Premium-Zahnb\u00fcrste wurde in Zusammenarbeit mit der Kanagawa Dental University in Japan von Dr. Vesna Kaloh, eine weltbekannte Spezialistin f\u00fcr die Begradigung von Z\u00e4hnen.<\/li><\/ul><p>* Forschung der Kanagawa Dental University, Japan<\/p>\t\t\t\t\t\t<\/div>\n\t\t\t\t<\/div>\n\t\t\t\t\t<\/div>\n\t\t<\/div>\n\t\t\t\t\t<\/div>\n\t\t<\/section>\n\t\t\t\t\t<\/div>\n\t\t<\/div>\n\t\t\t\t<div class=\"has_eae_slider elementor-column elementor-col-50 elementor-top-column elementor-element elementor-element-85cbf4a\" data-id=\"85cbf4a\" data-element_type=\"column\">\n\t\t\t<div class=\"elementor-widget-wrap elementor-element-populated\">\n\t\t\t\t\t\t<div class=\"elementor-element elementor-element-204f31d elementor-widget elementor-widget-image\" data-id=\"204f31d\" data-element_type=\"widget\" data-widget_type=\"image.default\">\n\t\t\t\t<div class=\"elementor-widget-container\">\n\t\t\t<style>\/*! elementor - v3.21.0 - 26-05-2024 *\/\n.elementor-widget-image{text-align:center}.elementor-widget-image a{display:inline-block}.elementor-widget-image a img[src$=\".svg\"]{width:48px}.elementor-widget-image img{vertical-align:middle;display:inline-block}<\/style>\t\t\t\t\t\t\t\t\t\t<img fetchpriority=\"high\" decoding=\"async\" width=\"400\" height=\"400\" src=\"https:\/\/enikam.com\/de\/wp-content\/uploads\/sites\/2\/2023\/01\/Slika-zobne-scetke-py83mwlt0lxiw9nvkoquqyrukhompdh3pbu0n1ko0w.jpg\" class=\"attachment-large size-large wp-image-11698\" alt=\"\" srcset=\"https:\/\/enikam.com\/de\/wp-content\/uploads\/sites\/2\/2023\/01\/Slika-zobne-scetke-py83mwlt0lxiw9nvkoquqyrukhompdh3pbu0n1ko0w.jpg 400w, https:\/\/enikam.com\/de\/wp-content\/uploads\/sites\/2\/2023\/01\/Slika-zobne-scetke-py83mwlt0lxiw9nvkoquqyrukhompdh3pbu0n1ko0w-300x300.jpg 300w, https:\/\/enikam.com\/de\/wp-content\/uploads\/sites\/2\/2023\/01\/Slika-zobne-scetke-py83mwlt0lxiw9nvkoquqyrukhompdh3pbu0n1ko0w-150x150.jpg 150w, https:\/\/enikam.com\/de\/wp-content\/uploads\/sites\/2\/2023\/01\/Slika-zobne-scetke-py83mwlt0lxiw9nvkoquqyrukhompdh3pbu0n1ko0w-24x24.jpg 24w, https:\/\/enikam.com\/de\/wp-content\/uploads\/sites\/2\/2023\/01\/Slika-zobne-scetke-py83mwlt0lxiw9nvkoquqyrukhompdh3pbu0n1ko0w-36x36.jpg 36w, https:\/\/enikam.com\/de\/wp-content\/uploads\/sites\/2\/2023\/01\/Slika-zobne-scetke-py83mwlt0lxiw9nvkoquqyrukhompdh3pbu0n1ko0w-48x48.jpg 48w, https:\/\/enikam.com\/de\/wp-content\/uploads\/sites\/2\/2023\/01\/Slika-zobne-scetke-py83mwlt0lxiw9nvkoquqyrukhompdh3pbu0n1ko0w-100x100.jpg 100w\" sizes=\"(max-width: 400px) 100vw, 400px\" \/>\t\t\t\t\t\t\t\t\t\t\t\t\t<\/div>\n\t\t\t\t<\/div>\n\t\t\t\t\t<\/div>\n\t\t<\/div>\n\t\t\t\t\t<\/div>\n\t\t<\/section>\n\t\t\t\t<section class=\"has_eae_slider elementor-section elementor-top-section elementor-element elementor-element-23ceb17 elementor-section-height-min-height elementor-hidden-mobile elementor-section-boxed elementor-section-height-default elementor-section-items-middle\" data-id=\"23ceb17\" data-element_type=\"section\">\n\t\t\t\t\t\t<div class=\"elementor-container elementor-column-gap-default\">\n\t\t\t\t\t<div class=\"has_eae_slider elementor-column elementor-col-50 elementor-top-column elementor-element elementor-element-5e70148\" data-id=\"5e70148\" data-element_type=\"column\">\n\t\t\t<div class=\"elementor-widget-wrap elementor-element-populated\">\n\t\t\t\t\t\t<div class=\"elementor-element elementor-element-4cc1d26 elementor-widget elementor-widget-image\" data-id=\"4cc1d26\" data-element_type=\"widget\" data-widget_type=\"image.default\">\n\t\t\t\t<div class=\"elementor-widget-container\">\n\t\t\t\t\t\t\t\t\t\t\t\t\t<img decoding=\"async\" width=\"400\" height=\"400\" src=\"https:\/\/enikam.com\/de\/wp-content\/uploads\/sites\/2\/2023\/01\/Zobna-scetka-prikaz-pya5z0zyq1c9dig2wgesmnlzqvf3evhsawiaddnt0g.jpg\" class=\"attachment-large size-large wp-image-11699\" alt=\"\" srcset=\"https:\/\/enikam.com\/de\/wp-content\/uploads\/sites\/2\/2023\/01\/Zobna-scetka-prikaz-pya5z0zyq1c9dig2wgesmnlzqvf3evhsawiaddnt0g.jpg 400w, https:\/\/enikam.com\/de\/wp-content\/uploads\/sites\/2\/2023\/01\/Zobna-scetka-prikaz-pya5z0zyq1c9dig2wgesmnlzqvf3evhsawiaddnt0g-300x300.jpg 300w, https:\/\/enikam.com\/de\/wp-content\/uploads\/sites\/2\/2023\/01\/Zobna-scetka-prikaz-pya5z0zyq1c9dig2wgesmnlzqvf3evhsawiaddnt0g-150x150.jpg 150w, https:\/\/enikam.com\/de\/wp-content\/uploads\/sites\/2\/2023\/01\/Zobna-scetka-prikaz-pya5z0zyq1c9dig2wgesmnlzqvf3evhsawiaddnt0g-24x24.jpg 24w, https:\/\/enikam.com\/de\/wp-content\/uploads\/sites\/2\/2023\/01\/Zobna-scetka-prikaz-pya5z0zyq1c9dig2wgesmnlzqvf3evhsawiaddnt0g-36x36.jpg 36w, https:\/\/enikam.com\/de\/wp-content\/uploads\/sites\/2\/2023\/01\/Zobna-scetka-prikaz-pya5z0zyq1c9dig2wgesmnlzqvf3evhsawiaddnt0g-48x48.jpg 48w, https:\/\/enikam.com\/de\/wp-content\/uploads\/sites\/2\/2023\/01\/Zobna-scetka-prikaz-pya5z0zyq1c9dig2wgesmnlzqvf3evhsawiaddnt0g-100x100.jpg 100w\" sizes=\"(max-width: 400px) 100vw, 400px\" \/>\t\t\t\t\t\t\t\t\t\t\t\t\t<\/div>\n\t\t\t\t<\/div>\n\t\t\t\t\t<\/div>\n\t\t<\/div>\n\t\t\t\t<div class=\"has_eae_slider elementor-column elementor-col-50 elementor-top-column elementor-element elementor-element-0029902\" data-id=\"0029902\" data-element_type=\"column\">\n\t\t\t<div class=\"elementor-widget-wrap elementor-element-populated\">\n\t\t\t\t\t\t<section class=\"has_eae_slider elementor-section elementor-inner-section elementor-element elementor-element-46114c1 elementor-section-boxed elementor-section-height-default elementor-section-height-default\" data-id=\"46114c1\" data-element_type=\"section\">\n\t\t\t\t\t\t<div class=\"elementor-container elementor-column-gap-default\">\n\t\t\t\t\t<div class=\"has_eae_slider elementor-column elementor-col-100 elementor-inner-column elementor-element elementor-element-6f722e5\" data-id=\"6f722e5\" data-element_type=\"column\">\n\t\t\t<div class=\"elementor-widget-wrap elementor-element-populated\">\n\t\t\t\t\t\t<div class=\"elementor-element elementor-element-be1fb12 elementor-widget elementor-widget-heading\" data-id=\"be1fb12\" data-element_type=\"widget\" data-widget_type=\"heading.default\">\n\t\t\t\t<div class=\"elementor-widget-container\">\n\t\t\t<p class=\"elementor-heading-title elementor-size-default\">EINE ZAHNB\u00dcRSTE, DIE ALLE ZAHNFL\u00c4CHEN REINIGT<\/p>\t\t<\/div>\n\t\t\t\t<\/div>\n\t\t\t\t\t<\/div>\n\t\t<\/div>\n\t\t\t\t\t<\/div>\n\t\t<\/section>\n\t\t\t\t<section class=\"has_eae_slider elementor-section elementor-inner-section elementor-element elementor-element-c526ae2 elementor-section-boxed elementor-section-height-default elementor-section-height-default\" data-id=\"c526ae2\" data-element_type=\"section\" data-settings=\"{&quot;background_background&quot;:&quot;classic&quot;}\">\n\t\t\t\t\t\t<div class=\"elementor-container elementor-column-gap-default\">\n\t\t\t\t\t<div class=\"has_eae_slider elementor-column elementor-col-100 elementor-inner-column elementor-element elementor-element-bdac438\" data-id=\"bdac438\" data-element_type=\"column\">\n\t\t\t<div class=\"elementor-widget-wrap elementor-element-populated\">\n\t\t\t\t\t\t<div class=\"elementor-element elementor-element-25fa92b elementor-widget elementor-widget-text-editor\" data-id=\"25fa92b\" data-element_type=\"widget\" data-widget_type=\"text-editor.default\">\n\t\t\t\t<div class=\"elementor-widget-container\">\n\t\t\t\t\t\t\t<ol>\n \t<b><li><strong> Optimale L\u00e4nge, Dicke und Weichheit der Borsten<\/strong><\/li><\/b>\n<\/ol>\nDie seitlichen Borsten sind an den Spitzen schmaler und verl\u00e4ngert, um in die Zwischenr\u00e4ume zwischen den Z\u00e4hnen und unter den Zahnfleischrand zu gelangen und so schwer zug\u00e4ngliche Stellen zu reinigen. Die B\u00fcrste ist optimal weich f\u00fcr eine sanfte, aber effektive Reinigung der Z\u00e4hne. Es ist auch f\u00fcr Menschen mit empfindlichen Z\u00e4hnen geeignet.\n<ol start=\"2\">\n \t<b><li><strong> Einzigartiges B\u00fcrstenkopfdesign<\/strong><\/li><\/b>\n<\/ol>\nDer B\u00fcrstenkopf erreicht auch unregelm\u00e4\u00dfig stehende und teilweise durchgebrochene Z\u00e4hne. Es kann auch von Personen mit einem schmaleren Kiefer sehr effektiv verwendet werden.\n<ol start=\"3\">\n \t<b><li><strong> Ergonomisch gestalteter Griff<\/strong><\/li><\/b>\n<\/ol>\nDer durchdacht gestaltete Griff sorgt f\u00fcr optimale Ergonomie und damit f\u00fcr pr\u00e4ziseres Putzen.\t\t\t\t\t\t<\/div>\n\t\t\t\t<\/div>\n\t\t\t\t\t<\/div>\n\t\t<\/div>\n\t\t\t\t\t<\/div>\n\t\t<\/section>\n\t\t\t\t\t<\/div>\n\t\t<\/div>\n\t\t\t\t\t<\/div>\n\t\t<\/section>\n\t\t\t\t<section class=\"has_eae_slider elementor-section elementor-top-section elementor-element elementor-element-cdde5fb elementor-section-height-min-height elementor-hidden-desktop elementor-hidden-tablet elementor-section-boxed elementor-section-height-default elementor-section-items-middle\" data-id=\"cdde5fb\" data-element_type=\"section\">\n\t\t\t\t\t\t<div class=\"elementor-container elementor-column-gap-default\">\n\t\t\t\t\t<div class=\"has_eae_slider elementor-column elementor-col-50 elementor-top-column elementor-element elementor-element-88b0305\" data-id=\"88b0305\" data-element_type=\"column\">\n\t\t\t<div class=\"elementor-widget-wrap elementor-element-populated\">\n\t\t\t\t\t\t<section class=\"has_eae_slider elementor-section elementor-inner-section elementor-element elementor-element-08bfd29 elementor-section-boxed elementor-section-height-default elementor-section-height-default\" data-id=\"08bfd29\" data-element_type=\"section\">\n\t\t\t\t\t\t<div class=\"elementor-container elementor-column-gap-default\">\n\t\t\t\t\t<div class=\"has_eae_slider elementor-column elementor-col-100 elementor-inner-column elementor-element elementor-element-03aeff0\" data-id=\"03aeff0\" data-element_type=\"column\">\n\t\t\t<div class=\"elementor-widget-wrap elementor-element-populated\">\n\t\t\t\t\t\t<div class=\"elementor-element elementor-element-730f30f elementor-widget elementor-widget-heading\" data-id=\"730f30f\" data-element_type=\"widget\" data-widget_type=\"heading.default\">\n\t\t\t\t<div class=\"elementor-widget-container\">\n\t\t\t<p class=\"elementor-heading-title elementor-size-default\">EINE ZAHNB\u00dcRSTE, DIE ALLE ZAHNFL\u00c4CHEN REINIGT<\/p>\t\t<\/div>\n\t\t\t\t<\/div>\n\t\t\t\t\t<\/div>\n\t\t<\/div>\n\t\t\t\t\t<\/div>\n\t\t<\/section>\n\t\t\t\t<section class=\"has_eae_slider elementor-section elementor-inner-section elementor-element elementor-element-5fbe3a5 elementor-section-boxed elementor-section-height-default elementor-section-height-default\" data-id=\"5fbe3a5\" data-element_type=\"section\" data-settings=\"{&quot;background_background&quot;:&quot;classic&quot;}\">\n\t\t\t\t\t\t<div class=\"elementor-container elementor-column-gap-default\">\n\t\t\t\t\t<div class=\"has_eae_slider elementor-column elementor-col-100 elementor-inner-column elementor-element elementor-element-5544f6f\" data-id=\"5544f6f\" data-element_type=\"column\">\n\t\t\t<div class=\"elementor-widget-wrap elementor-element-populated\">\n\t\t\t\t\t\t<div class=\"elementor-element elementor-element-c0fec19 elementor-widget elementor-widget-text-editor\" data-id=\"c0fec19\" data-element_type=\"widget\" data-widget_type=\"text-editor.default\">\n\t\t\t\t<div class=\"elementor-widget-container\">\n\t\t\t\t\t\t\t<ol>\n \t<b><li><strong> Optimale L\u00e4nge, Dicke und Weichheit der Borsten<\/strong><\/li><\/b>\n<\/ol>\nDie seitlichen Borsten sind an den Spitzen schmaler und verl\u00e4ngert, um in die Zwischenr\u00e4ume zwischen den Z\u00e4hnen und unter den Zahnfleischrand zu gelangen und so schwer zug\u00e4ngliche Stellen zu reinigen. Die B\u00fcrste ist optimal weich f\u00fcr eine sanfte, aber effektive Reinigung der Z\u00e4hne. Es ist auch f\u00fcr Menschen mit empfindlichen Z\u00e4hnen geeignet.\n<ol start=\"2\">\n \t<b><li><strong> Einzigartiges B\u00fcrstenkopfdesign<\/strong><\/li><\/b>\n<\/ol>\nDer B\u00fcrstenkopf erreicht auch unregelm\u00e4\u00dfig stehende und teilweise durchgebrochene Z\u00e4hne. Es kann auch von Personen mit einem schmaleren Kiefer sehr effektiv verwendet werden.\n<ol start=\"3\">\n \t<b><li><strong> Ergonomisch gestalteter Griff<\/strong><\/li><\/b>\n<\/ol>\nDer durchdacht gestaltete Griff sorgt f\u00fcr optimale Ergonomie und damit f\u00fcr pr\u00e4ziseres Putzen.\t\t\t\t\t\t<\/div>\n\t\t\t\t<\/div>\n\t\t\t\t\t<\/div>\n\t\t<\/div>\n\t\t\t\t\t<\/div>\n\t\t<\/section>\n\t\t\t\t\t<\/div>\n\t\t<\/div>\n\t\t\t\t<div class=\"has_eae_slider elementor-column elementor-col-50 elementor-top-column elementor-element elementor-element-346da54\" data-id=\"346da54\" data-element_type=\"column\">\n\t\t\t<div class=\"elementor-widget-wrap elementor-element-populated\">\n\t\t\t\t\t\t<div class=\"elementor-element elementor-element-c3125e6 elementor-widget elementor-widget-image\" data-id=\"c3125e6\" data-element_type=\"widget\" data-widget_type=\"image.default\">\n\t\t\t\t<div class=\"elementor-widget-container\">\n\t\t\t\t\t\t\t\t\t\t\t\t\t<img decoding=\"async\" width=\"400\" height=\"400\" src=\"https:\/\/enikam.com\/de\/wp-content\/uploads\/sites\/2\/2023\/01\/Zobna-scetka-prikaz-pya5z0zyq1c9dig2wgesmnlzqvf3evhsawiaddnt0g.jpg\" class=\"attachment-large size-large wp-image-11699\" alt=\"\" srcset=\"https:\/\/enikam.com\/de\/wp-content\/uploads\/sites\/2\/2023\/01\/Zobna-scetka-prikaz-pya5z0zyq1c9dig2wgesmnlzqvf3evhsawiaddnt0g.jpg 400w, https:\/\/enikam.com\/de\/wp-content\/uploads\/sites\/2\/2023\/01\/Zobna-scetka-prikaz-pya5z0zyq1c9dig2wgesmnlzqvf3evhsawiaddnt0g-300x300.jpg 300w, https:\/\/enikam.com\/de\/wp-content\/uploads\/sites\/2\/2023\/01\/Zobna-scetka-prikaz-pya5z0zyq1c9dig2wgesmnlzqvf3evhsawiaddnt0g-150x150.jpg 150w, https:\/\/enikam.com\/de\/wp-content\/uploads\/sites\/2\/2023\/01\/Zobna-scetka-prikaz-pya5z0zyq1c9dig2wgesmnlzqvf3evhsawiaddnt0g-24x24.jpg 24w, https:\/\/enikam.com\/de\/wp-content\/uploads\/sites\/2\/2023\/01\/Zobna-scetka-prikaz-pya5z0zyq1c9dig2wgesmnlzqvf3evhsawiaddnt0g-36x36.jpg 36w, https:\/\/enikam.com\/de\/wp-content\/uploads\/sites\/2\/2023\/01\/Zobna-scetka-prikaz-pya5z0zyq1c9dig2wgesmnlzqvf3evhsawiaddnt0g-48x48.jpg 48w, https:\/\/enikam.com\/de\/wp-content\/uploads\/sites\/2\/2023\/01\/Zobna-scetka-prikaz-pya5z0zyq1c9dig2wgesmnlzqvf3evhsawiaddnt0g-100x100.jpg 100w\" sizes=\"(max-width: 400px) 100vw, 400px\" \/>\t\t\t\t\t\t\t\t\t\t\t\t\t<\/div>\n\t\t\t\t<\/div>\n\t\t\t\t\t<\/div>\n\t\t<\/div>\n\t\t\t\t\t<\/div>\n\t\t<\/section>\n\t\t\t\t<section class=\"has_eae_slider elementor-section elementor-top-section elementor-element elementor-element-6c0c5f3 elementor-section-full_width elementor-section-height-min-height presek2 elementor-hidden-tablet elementor-hidden-mobile elementor-section-height-default elementor-section-items-middle\" data-id=\"6c0c5f3\" data-element_type=\"section\" id=\"presek1\" data-settings=\"{&quot;background_background&quot;:&quot;classic&quot;}\">\n\t\t\t\t\t\t<div class=\"elementor-container elementor-column-gap-no\">\n\t\t\t\t\t<div class=\"has_eae_slider elementor-column elementor-col-100 elementor-top-column elementor-element elementor-element-ab50d34\" data-id=\"ab50d34\" data-element_type=\"column\">\n\t\t\t<div class=\"elementor-widget-wrap elementor-element-populated\">\n\t\t\t\t\t\t<div class=\"elementor-element elementor-element-11efd3a elementor-widget elementor-widget-text-editor\" data-id=\"11efd3a\" data-element_type=\"widget\" data-widget_type=\"text-editor.default\">\n\t\t\t\t<div class=\"elementor-widget-container\">\n\t\t\t\t\t\t\t<p>.<\/p>\t\t\t\t\t\t<\/div>\n\t\t\t\t<\/div>\n\t\t\t\t\t<\/div>\n\t\t<\/div>\n\t\t\t\t\t<\/div>\n\t\t<\/section>\n\t\t\t\t<\/div>\n\t\t\n","protected":false},"excerpt":{"rendered":"<div class=\"product_primary\">\n<div class=\"povzetek1\">Die weltweit erste Zahnb\u00fcrste mit Borsten aus dem schwarzen Quarz. empty1 empty1 empty1 empty1 empty1 empty1 empty1 empty1 empty1 empty1 empty1 empty1 empty1 empty1 empty1<\/div>\n<div class=\"povzetek2\">\n<p>\u2714 Die weltweit erste Zahnb\u00fcrste mit Borsten aus dem schwarzen Quarz.<br \/>\n\u2714 Eine Zahnb\u00fcrste, die Ihre Z\u00e4hne wirklich reinigt.<br \/>\n\u2714 Nach dem Putzen mit der VBO Premium Zahnb\u00fcrste sind die Z\u00e4hne glatter und das Gef\u00fchl von sauberen Z\u00e4hnen und Mund h\u00e4lt deutlich l\u00e4nger an als bei der Verwendung klassischer Zahnb\u00fcrsten.<br \/>\n\u2714 Bei Verwendung der VBO Premium Zahnb\u00fcrste ben\u00f6tigen Sie keine Zahnpasta, um wirklich saubere Z\u00e4hne zu erzielen. Um Frische zu erreichen, k\u00f6nnen Sie OROXID\u00ae L\u00f6sung zum Einnehmen nach dem Z\u00e4hneputzen verwenden.<\/p>\n<\/div>\n<\/div>\n<div id=\"povezava\" class=\"povezava\"><\/div>\n","protected":false},"featured_media":11382,"comment_status":"open","ping_status":"closed","template":"","meta":[],"product_cat":[22,24],"product_tag":[],"class_list":{"0":"post-11381","1":"product","2":"type-product","3":"status-publish","4":"has-post-thumbnail","6":"product_cat-produkte-fur-die-mundpflege","7":"product_cat-trgowina","9":"entry","10":"has-media","12":"first","13":"instock","14":"shipping-taxable","15":"purchasable","16":"product-type-simple","17":"has-product-nav","18":"col","19":"span_1_of_3","20":"owp-content-center","21":"owp-thumbs-layout-horizontal","22":"owp-btn-normal","23":"owp-tabs-layout-horizontal"},"_links":{"self":[{"href":"https:\/\/enikam.com\/de\/wp-json\/wp\/v2\/product\/11381","targetHints":{"allow":["GET"]}}],"collection":[{"href":"https:\/\/enikam.com\/de\/wp-json\/wp\/v2\/product"}],"about":[{"href":"https:\/\/enikam.com\/de\/wp-json\/wp\/v2\/types\/product"}],"replies":[{"embeddable":true,"href":"https:\/\/enikam.com\/de\/wp-json\/wp\/v2\/comments?post=11381"}],"wp:featuredmedia":[{"embeddable":true,"href":"https:\/\/enikam.com\/de\/wp-json\/wp\/v2\/media\/11382"}],"wp:attachment":[{"href":"https:\/\/enikam.com\/de\/wp-json\/wp\/v2\/media?parent=11381"}],"wp:term":[{"taxonomy":"product_cat","embeddable":true,"href":"https:\/\/enikam.com\/de\/wp-json\/wp\/v2\/product_cat?post=11381"},{"taxonomy":"product_tag","embeddable":true,"href":"https:\/\/enikam.com\/de\/wp-json\/wp\/v2\/product_tag?post=11381"}],"curies":[{"name":"wp","href":"https:\/\/api.w.org\/{rel}","templated":true}]}}