{"id":62,"date":"2021-08-13T11:36:35","date_gmt":"2021-08-13T10:36:35","guid":{"rendered":"https:\/\/enikam.neznano.com\/?page_id=62"},"modified":"2023-01-11T10:36:08","modified_gmt":"2023-01-11T10:36:08","slug":"unsere-geschichte","status":"publish","type":"page","link":"https:\/\/enikam.com\/de\/unsere-geschichte\/","title":{"rendered":"Unsere Geschichte"},"content":{"rendered":"\t\t<div data-elementor-type=\"wp-page\" data-elementor-id=\"62\" class=\"elementor elementor-62\">\n\t\t\t\t\t\t<section class=\"has_eae_slider elementor-section elementor-top-section elementor-element elementor-element-1c0c6d2 elementor-section-boxed elementor-section-height-default elementor-section-height-default\" data-id=\"1c0c6d2\" data-element_type=\"section\">\n\t\t\t\t\t\t<div class=\"elementor-container elementor-column-gap-default\">\n\t\t\t\t\t<div class=\"has_eae_slider elementor-column elementor-col-100 elementor-top-column elementor-element elementor-element-b03b231\" data-id=\"b03b231\" data-element_type=\"column\">\n\t\t\t<div class=\"elementor-widget-wrap elementor-element-populated\">\n\t\t\t\t\t\t<div class=\"elementor-element elementor-element-b93a67c elementor-widget elementor-widget-heading\" data-id=\"b93a67c\" data-element_type=\"widget\" data-widget_type=\"heading.default\">\n\t\t\t\t<div class=\"elementor-widget-container\">\n\t\t\t<style>\/*! elementor - v3.21.0 - 26-05-2024 *\/\n.elementor-heading-title{padding:0;margin:0;line-height:1}.elementor-widget-heading .elementor-heading-title[class*=elementor-size-]>a{color:inherit;font-size:inherit;line-height:inherit}.elementor-widget-heading .elementor-heading-title.elementor-size-small{font-size:15px}.elementor-widget-heading .elementor-heading-title.elementor-size-medium{font-size:19px}.elementor-widget-heading .elementor-heading-title.elementor-size-large{font-size:29px}.elementor-widget-heading .elementor-heading-title.elementor-size-xl{font-size:39px}.elementor-widget-heading .elementor-heading-title.elementor-size-xxl{font-size:59px}<\/style><h2 class=\"elementor-heading-title elementor-size-default\">UNSERE GESCHICHTE<\/h2>\t\t<\/div>\n\t\t\t\t<\/div>\n\t\t\t\t<section class=\"has_eae_slider elementor-section elementor-inner-section elementor-element elementor-element-c36d844 elementor-section-boxed elementor-section-height-default elementor-section-height-default\" data-id=\"c36d844\" data-element_type=\"section\">\n\t\t\t\t\t\t<div class=\"elementor-container elementor-column-gap-default\">\n\t\t\t\t\t<div class=\"has_eae_slider elementor-column elementor-col-50 elementor-inner-column elementor-element elementor-element-4afe02e\" data-id=\"4afe02e\" data-element_type=\"column\">\n\t\t\t<div class=\"elementor-widget-wrap elementor-element-populated\">\n\t\t\t\t\t\t<div class=\"elementor-element elementor-element-ffab292 elementor-hidden-mobile elementor-widget elementor-widget-image\" data-id=\"ffab292\" data-element_type=\"widget\" data-widget_type=\"image.default\">\n\t\t\t\t<div class=\"elementor-widget-container\">\n\t\t\t<style>\/*! elementor - v3.21.0 - 26-05-2024 *\/\n.elementor-widget-image{text-align:center}.elementor-widget-image a{display:inline-block}.elementor-widget-image a img[src$=\".svg\"]{width:48px}.elementor-widget-image img{vertical-align:middle;display:inline-block}<\/style>\t\t\t\t\t\t\t\t\t\t<img decoding=\"async\" src=\"http:\/\/enikam.neznano.com\/wp-content\/uploads\/2021\/08\/2021-06-08_12-03.png\" title=\"\" alt=\"\" loading=\"lazy\" \/>\t\t\t\t\t\t\t\t\t\t\t\t\t<\/div>\n\t\t\t\t<\/div>\n\t\t\t\t<div class=\"elementor-element elementor-element-4d1655d elementor-hidden-mobile elementor-widget elementor-widget-image\" data-id=\"4d1655d\" data-element_type=\"widget\" data-widget_type=\"image.default\">\n\t\t\t\t<div class=\"elementor-widget-container\">\n\t\t\t\t\t\t\t\t\t\t\t\t\t<img decoding=\"async\" src=\"https:\/\/enikam.com\/wp-content\/uploads\/2021\/12\/2021-06-08_12-03.png\" title=\"\" alt=\"\" loading=\"lazy\" \/>\t\t\t\t\t\t\t\t\t\t\t\t\t<\/div>\n\t\t\t\t<\/div>\n\t\t\t\t\t<\/div>\n\t\t<\/div>\n\t\t\t\t<div class=\"has_eae_slider elementor-column elementor-col-50 elementor-inner-column elementor-element elementor-element-515d13b\" data-id=\"515d13b\" data-element_type=\"column\">\n\t\t\t<div class=\"elementor-widget-wrap elementor-element-populated\">\n\t\t\t\t\t\t<div class=\"elementor-element elementor-element-091c1c8 elementor-widget elementor-widget-text-editor\" data-id=\"091c1c8\" data-element_type=\"widget\" data-widget_type=\"text-editor.default\">\n\t\t\t\t<div class=\"elementor-widget-container\">\n\t\t\t<style>\/*! elementor - v3.21.0 - 26-05-2024 *\/\n.elementor-widget-text-editor.elementor-drop-cap-view-stacked .elementor-drop-cap{background-color:#69727d;color:#fff}.elementor-widget-text-editor.elementor-drop-cap-view-framed .elementor-drop-cap{color:#69727d;border:3px solid;background-color:transparent}.elementor-widget-text-editor:not(.elementor-drop-cap-view-default) .elementor-drop-cap{margin-top:8px}.elementor-widget-text-editor:not(.elementor-drop-cap-view-default) .elementor-drop-cap-letter{width:1em;height:1em}.elementor-widget-text-editor .elementor-drop-cap{float:left;text-align:center;line-height:1;font-size:50px}.elementor-widget-text-editor .elementor-drop-cap-letter{display:inline-block}<\/style>\t\t\t\t<p><strong>ENIKAM ist ein slowenisches Entwicklungsunternehmen mit eigenen innovativen Produkten auf der Basis von aktiven Sauerstoffverbindungen.<\/strong><\/p><p>Die Idee und der Beginn der Suche nach einer Rezeptur entsprangen dem Bed\u00fcrfnis der Menschen und dem Wunsch, Produkte anbieten zu k\u00f6nnen, die <strong>Menschen mit Haut-, Nagel- und Mundproblemen wirklich helfen<\/strong> und L\u00f6sungen bieten k\u00f6nnen.<\/p><p>Wenn wir die Statistiken betrachten, k\u00f6nnen wir sehen, dass\u00a0<strong>mehr als 35 % der Bev\u00f6lkerung an Nagelproblemen und -erkrankungen leiden<\/strong>\u00a0(Pilzinfektionen, Schuppenflechte an den N\u00e4geln, verletzte oder eingewachsene N\u00e4gel),\u00a0<strong>Hautprobleme hingegen haben 45%\u00a0<\/strong>(Dermatitis, Ekzeme, Schuppenflechte, Akne, ger\u00f6tete, irritierte oder verletzte Haut) und an<strong>\u00a0Beschwerden im Mundraum leiden sogar 55%<\/strong>\u00a0<strong>aller Menschen<\/strong>\u00a0(Parodontose, Gingivitis, Zahnfleischbluten, Probleme durch Implantate, postoperative Heilungsprozesse\u2026).<\/p><p>Wir sind uns bewusst, dass immer mehr Menschen Probleme mit Haut- und N\u00e4geln sowie Mundraumbeschwerden haben und dass den Betroffenen nur wenige Medikamente oder Produkte zur Verf\u00fcgung stehen, die \u00fcber die \u00c4rzte oder im freien Verkauf erh\u00e4ltlich sind. Au\u00dferdem verschaffen medizinische Cremes und Salben nur vor\u00fcbergehend Erleichterung, da, wie allgemein bekannt ist, Antibiotika, Antimykotika und Corticosteroide nur kurzfristig helfen. Wegen der Nebenwirkungen und der Entstehung von Resistenzen (Unempfindlichkeit gegen bestimmte Wirkstoffe) k\u00f6nnen sie nur \u00fcber einen k\u00fcrzeren Zeitraum wirksam und sicher angewandt werden.<\/p><p><strong>Aktive Sauerstoffverbindungen bieten einen v\u00f6llig neuen Wirkmechanismus und ein neues Konzept f\u00fcr Gesundheit und Sch\u00f6nheit.<\/strong> An den Anwendungsstellen werden die Zellen gen\u00e4hrt, mit Sauerstoff versorgt und regeneriert. Sie k\u00f6nnen allein oder in Kombination mit bereits verschriebenen oder ausgew\u00e4hlten Produkten oder Methoden (Ultraschall, Laser usw.) verwendet werden.<\/p><p>Aktive Sauerstoffverbindungen entstehen in einem speziellen Herstellungsverfahren und werden mit einem sog. \u2018Food Grade\u2019-Stabilisator zugesetzt, was eine hohe Reinheit und Sicherheit gew\u00e4hrleistet. Auf diese Weise erhalten wir die<strong>\u00a0beste Ann\u00e4herung an die biologische Form des von unseren Immunzellen gebildeten Oxids.<\/strong>\u00a0Unsere Zellen k\u00f6nnen es erkennen und nehmen es als k\u00f6rpereigen an<strong>.\u00a0Sobald das Produkt mit der Haut in Kontakt kommt, wird die aktive Form von Sauerstoff<\/strong>\u00a0<strong>freigesetzt, der die Zelle oxygeniert und den Regenerationsprozess aktiviert.<\/strong><\/p><p><strong>Die Innovation und Unvergleichbarkeit der Produkte OXILVER und OROXID verdanken wir ihrer revolution\u00e4ren Zusammensetzung, die auf der komplement\u00e4ren Wirkung von Aktivsauerstoff mit zus\u00e4tzlichen Inhaltsstoffen basiert, was eine hohe Reinheit, Sicherheit und eine \u00e4hnliche Wirkung wie das biologische System unseres K\u00f6rpers gew\u00e4hrleistet.<\/strong><\/p>\t\t\t\t\t\t<\/div>\n\t\t\t\t<\/div>\n\t\t\t\t<div class=\"elementor-element elementor-element-9257f88 elementor-hidden-desktop elementor-hidden-tablet elementor-widget elementor-widget-image\" data-id=\"9257f88\" data-element_type=\"widget\" data-widget_type=\"image.default\">\n\t\t\t\t<div class=\"elementor-widget-container\">\n\t\t\t\t\t\t\t\t\t\t\t\t\t<img decoding=\"async\" src=\"https:\/\/enikam.com\/wp-content\/uploads\/2021\/12\/2021-06-08_12-03.png\" title=\"\" alt=\"\" loading=\"lazy\" \/>\t\t\t\t\t\t\t\t\t\t\t\t\t<\/div>\n\t\t\t\t<\/div>\n\t\t\t\t\t<\/div>\n\t\t<\/div>\n\t\t\t\t\t<\/div>\n\t\t<\/section>\n\t\t\t\t\t<\/div>\n\t\t<\/div>\n\t\t\t\t\t<\/div>\n\t\t<\/section>\n\t\t\t\t<section class=\"has_eae_slider elementor-section elementor-top-section elementor-element elementor-element-ab40ca3 elementor-section-boxed elementor-section-height-default elementor-section-height-default\" data-id=\"ab40ca3\" data-element_type=\"section\">\n\t\t\t\t\t\t<div class=\"elementor-container elementor-column-gap-default\">\n\t\t\t\t\t<div class=\"has_eae_slider elementor-column elementor-col-100 elementor-top-column elementor-element elementor-element-ca48d6d\" data-id=\"ca48d6d\" data-element_type=\"column\" data-settings=\"{&quot;background_background&quot;:&quot;classic&quot;}\">\n\t\t\t<div class=\"elementor-widget-wrap elementor-element-populated\">\n\t\t\t\t\t\t<div class=\"elementor-element elementor-element-2c46da9 elementor-widget elementor-widget-text-editor\" data-id=\"2c46da9\" data-element_type=\"widget\" data-widget_type=\"text-editor.default\">\n\t\t\t\t<div class=\"elementor-widget-container\">\n\t\t\t\t\t\t\tDie Innovation und Unvergleichbarkeit der Produkte OXILVER und OROXID verdanken wir ihrer revolution\u00e4ren Zusammensetzung, die auf der komplement\u00e4ren Wirkung von Aktivsauerstoff mit zus\u00e4tzlichen Inhaltsstoffen basiert, was eine hohe Reinheit, Sicherheit und eine \u00e4hnliche Wirkung wie das biologische System unseres K\u00f6rpers gew\u00e4hrleistet.\t\t\t\t\t\t<\/div>\n\t\t\t\t<\/div>\n\t\t\t\t\t<\/div>\n\t\t<\/div>\n\t\t\t\t\t<\/div>\n\t\t<\/section>\n\t\t\t\t<section class=\"has_eae_slider elementor-section elementor-top-section elementor-element elementor-element-e8da121 elementor-section-boxed elementor-section-height-default elementor-section-height-default\" data-id=\"e8da121\" data-element_type=\"section\">\n\t\t\t\t\t\t<div class=\"elementor-container elementor-column-gap-default\">\n\t\t\t\t\t<div class=\"has_eae_slider elementor-column elementor-col-50 elementor-top-column elementor-element elementor-element-3ed38ff\" data-id=\"3ed38ff\" data-element_type=\"column\">\n\t\t\t<div class=\"elementor-widget-wrap elementor-element-populated\">\n\t\t\t\t\t\t<div class=\"elementor-element elementor-element-b52b83e elementor-widget elementor-widget-text-editor\" data-id=\"b52b83e\" data-element_type=\"widget\" data-widget_type=\"text-editor.default\">\n\t\t\t\t<div class=\"elementor-widget-container\">\n\t\t\t\t\t\t\t<p>Adresse:<\/p>\t\t\t\t\t\t<\/div>\n\t\t\t\t<\/div>\n\t\t\t\t<div class=\"elementor-element elementor-element-63cd455 elementor-widget elementor-widget-text-editor\" data-id=\"63cd455\" data-element_type=\"widget\" data-widget_type=\"text-editor.default\">\n\t\t\t\t<div class=\"elementor-widget-container\">\n\t\t\t\t\t\t\t<p>Enikam d.o.o., Stegne 33, 1000 Ljubljana, Slowenien<\/p>\t\t\t\t\t\t<\/div>\n\t\t\t\t<\/div>\n\t\t\t\t<div class=\"elementor-element elementor-element-89c4601 elementor-widget elementor-widget-text-editor\" data-id=\"89c4601\" data-element_type=\"widget\" data-widget_type=\"text-editor.default\">\n\t\t\t\t<div class=\"elementor-widget-container\">\n\t\t\t\t\t\t\t<p>\u00d6ffnungszeiten:<\/p>\t\t\t\t\t\t<\/div>\n\t\t\t\t<\/div>\n\t\t\t\t<div class=\"elementor-element elementor-element-6e6127d elementor-widget elementor-widget-text-editor\" data-id=\"6e6127d\" data-element_type=\"widget\" data-widget_type=\"text-editor.default\">\n\t\t\t\t<div class=\"elementor-widget-container\">\n\t\t\t\t\t\t\t<p>Mo. &#8211; Fr. \/ 08.00 &#8211; 16.00 Uhr<br \/>Sa., So. und Feiertage geschlossen<\/p>\t\t\t\t\t\t<\/div>\n\t\t\t\t<\/div>\n\t\t\t\t<div class=\"elementor-element elementor-element-f14d2c3 elementor-widget elementor-widget-text-editor\" data-id=\"f14d2c3\" data-element_type=\"widget\" data-widget_type=\"text-editor.default\">\n\t\t\t\t<div class=\"elementor-widget-container\">\n\t\t\t\t\t\t\t<p>Kontakt:<\/p>\t\t\t\t\t\t<\/div>\n\t\t\t\t<\/div>\n\t\t\t\t<div class=\"elementor-element elementor-element-caefff8 elementor-widget elementor-widget-text-editor\" data-id=\"caefff8\" data-element_type=\"widget\" data-widget_type=\"text-editor.default\">\n\t\t\t\t<div class=\"elementor-widget-container\">\n\t\t\t\t\t\t\t<p>Telefon + 38 6 (0) 31 634 900<br \/>E-Mail:\u00a0info@enikam-oxy.com<\/p>\t\t\t\t\t\t<\/div>\n\t\t\t\t<\/div>\n\t\t\t\t<div class=\"elementor-element elementor-element-e444547 elementor-widget elementor-widget-text-editor\" data-id=\"e444547\" data-element_type=\"widget\" data-widget_type=\"text-editor.default\">\n\t\t\t\t<div class=\"elementor-widget-container\">\n\t\t\t\t\t\t\t<p>Schreiben Sie uns:<\/p>\t\t\t\t\t\t<\/div>\n\t\t\t\t<\/div>\n\t\t\t\t<div class=\"elementor-element elementor-element-2c50511 elementor-widget elementor-widget-text-editor\" data-id=\"2c50511\" data-element_type=\"widget\" data-widget_type=\"text-editor.default\">\n\t\t\t\t<div class=\"elementor-widget-container\">\n\t\t\t\t\t\t\t<p><div class=\"cf7sg-container\"><div id=\"cf7sg-form-kontakt-1_splosno\" class=\"cf7-smart-grid has-grid key_kontakt-1_splosno\">\n<div class=\"wpcf7 no-js\" id=\"wpcf7-f1015-o1\" lang=\"en-US\" dir=\"ltr\" data-wpcf7-id=\"1015\">\n<div class=\"screen-reader-response\"><p role=\"status\" aria-live=\"polite\" aria-atomic=\"true\"><\/p> <ul><\/ul><\/div>\n<form action=\"\/de\/wp-json\/wp\/v2\/pages\/62#wpcf7-f1015-o1\" method=\"post\" class=\"wpcf7-form init\" aria-label=\"Contact form\" novalidate=\"novalidate\" data-status=\"init\">\n<fieldset class=\"hidden-fields-container\"><input type=\"hidden\" name=\"_wpcf7\" value=\"1015\" \/><input type=\"hidden\" name=\"_wpcf7_version\" value=\"6.1.5\" \/><input type=\"hidden\" name=\"_wpcf7_locale\" value=\"en_US\" \/><input type=\"hidden\" name=\"_wpcf7_unit_tag\" value=\"wpcf7-f1015-o1\" \/><input type=\"hidden\" name=\"_wpcf7_container_post\" value=\"0\" \/><input type=\"hidden\" name=\"_wpcf7_posted_data_hash\" value=\"\" \/><input type=\"hidden\" name=\"_wpcf7_key\" value=\"kontakt-1_splosno\" \/><input type=\"hidden\" name=\"_cf7sg_toggles\" value=\"\" \/><input type=\"hidden\" name=\"_cf7sg_version\" value=\"4.16.0\" \/><input type=\"hidden\" name=\"_wpnonce\" value=\"f0b4a43601\" \/>\n<\/fieldset>\n<div class=\"container\">\n  <div class=\"row\">\n    <div class=\"columns one-half\">\n      <div class=\"field text required\"><label>Name &amp; Nachname:<em>*<\/em><\/label><span class=\"wpcf7-form-control-wrap\" data-name=\"user_name\"><input size=\"40\" maxlength=\"400\" class=\"wpcf7-form-control wpcf7-text wpcf7-validates-as-required\" aria-required=\"true\" aria-invalid=\"false\" value=\"\" type=\"text\" name=\"user_name\" \/><\/span>\n        <p class=\"info-tip\"><\/p>\n      <\/div>\n    <\/div>\n    <div class=\"columns one-half\">\n      <div class=\"field email required\"><label>E-Mail:<em>*<\/em><\/label><span class=\"wpcf7-form-control-wrap\" data-name=\"email\"><input size=\"40\" maxlength=\"400\" class=\"wpcf7-form-control wpcf7-email wpcf7-validates-as-required wpcf7-text wpcf7-validates-as-email\" aria-required=\"true\" aria-invalid=\"false\" value=\"\" type=\"email\" name=\"email\" \/><\/span>\n        <p class=\"info-tip\"><\/p>\n      <\/div>\n    <\/div>\n  <\/div>\n<\/div>\n<div class=\"container\">\n  <div class=\"row\">\n    <div class=\"columns full\">\n      <div class=\"field text required\"><label>Textnachricht:<em>*<\/em><\/label><span class=\"wpcf7-form-control-wrap\" data-name=\"message\"><input size=\"40\" maxlength=\"400\" class=\"wpcf7-form-control wpcf7-text wpcf7-validates-as-required\" aria-required=\"true\" aria-invalid=\"false\" value=\"\" type=\"text\" name=\"message\" \/><\/span>\n        <p class=\"info-tip\"><\/p>\n      <\/div>\n    <\/div>\n  <\/div>\n<\/div>\n<div class=\"container\">\n  <div class=\"row\">\n    <div class=\"columns full\">\n      <div class=\"field\"><label><\/label><input class=\"wpcf7-form-control wpcf7-submit has-spinner\" type=\"submit\" value=\"Senden\" \/>\n        <p class=\"info-tip\"><\/p>\n      <\/div>\n    <\/div>\n  <\/div>\n<\/div><div class=\"wpcf7-response-output\" aria-hidden=\"true\"><\/div>\n<\/form>\n<\/div>\n<\/div><\/div><\/p>\t\t\t\t\t\t<\/div>\n\t\t\t\t<\/div>\n\t\t\t\t\t<\/div>\n\t\t<\/div>\n\t\t\t\t<div class=\"has_eae_slider elementor-column elementor-col-50 elementor-top-column elementor-element elementor-element-392177d\" data-id=\"392177d\" data-element_type=\"column\">\n\t\t\t<div class=\"elementor-widget-wrap elementor-element-populated\">\n\t\t\t\t\t\t<div class=\"elementor-element elementor-element-f1c55d2 elementor-widget elementor-widget-google_maps\" data-id=\"f1c55d2\" data-element_type=\"widget\" data-widget_type=\"google_maps.default\">\n\t\t\t\t<div class=\"elementor-widget-container\">\n\t\t\t<style>\/*! elementor - v3.21.0 - 26-05-2024 *\/\n.elementor-widget-google_maps .elementor-widget-container{overflow:hidden}.elementor-widget-google_maps .elementor-custom-embed{line-height:0}.elementor-widget-google_maps iframe{height:300px}<\/style>\t\t<div class=\"elementor-custom-embed\">\n\t\t\t<iframe loading=\"lazy\"\n\t\t\t\t\tsrc=\"https:\/\/maps.google.com\/maps?q=Stegne%2033%201000%20Ljubljana&#038;t=m&#038;z=12&#038;output=embed&#038;iwloc=near\"\n\t\t\t\t\ttitle=\"Stegne 33 1000 Ljubljana\"\n\t\t\t\t\taria-label=\"Stegne 33 1000 Ljubljana\"\n\t\t\t><\/iframe>\n\t\t<\/div>\n\t\t\t\t<\/div>\n\t\t\t\t<\/div>\n\t\t\t\t\t<\/div>\n\t\t<\/div>\n\t\t\t\t\t<\/div>\n\t\t<\/section>\n\t\t\t\t<\/div>\n\t\t","protected":false},"excerpt":{"rendered":"<p>UNSERE GESCHICHTE ENIKAM ist ein slowenisches Entwicklungsunternehmen mit eigenen innovativen Produkten auf der Basis von aktiven Sauerstoffverbindungen. Die Idee und der Beginn der Suche nach einer Rezeptur entsprangen dem Bed\u00fcrfnis der Menschen und dem Wunsch, Produkte anbieten zu k\u00f6nnen, die Menschen mit Haut-, Nagel- und Mundproblemen wirklich helfen und L\u00f6sungen bieten k\u00f6nnen. Wenn wir die [&hellip;]<\/p>\n","protected":false},"author":1,"featured_media":0,"parent":0,"menu_order":0,"comment_status":"closed","ping_status":"closed","template":"","meta":{"footnotes":""},"class_list":["post-62","page","type-page","status-publish","hentry","entry","owp-thumbs-layout-horizontal","owp-btn-normal","owp-tabs-layout-horizontal","has-no-thumbnails","has-product-nav"],"_links":{"self":[{"href":"https:\/\/enikam.com\/de\/wp-json\/wp\/v2\/pages\/62","targetHints":{"allow":["GET"]}}],"collection":[{"href":"https:\/\/enikam.com\/de\/wp-json\/wp\/v2\/pages"}],"about":[{"href":"https:\/\/enikam.com\/de\/wp-json\/wp\/v2\/types\/page"}],"author":[{"embeddable":true,"href":"https:\/\/enikam.com\/de\/wp-json\/wp\/v2\/users\/1"}],"replies":[{"embeddable":true,"href":"https:\/\/enikam.com\/de\/wp-json\/wp\/v2\/comments?post=62"}],"version-history":[{"count":10,"href":"https:\/\/enikam.com\/de\/wp-json\/wp\/v2\/pages\/62\/revisions"}],"predecessor-version":[{"id":11124,"href":"https:\/\/enikam.com\/de\/wp-json\/wp\/v2\/pages\/62\/revisions\/11124"}],"wp:attachment":[{"href":"https:\/\/enikam.com\/de\/wp-json\/wp\/v2\/media?parent=62"}],"curies":[{"name":"wp","href":"https:\/\/api.w.org\/{rel}","templated":true}]}}