{"id":3960,"date":"2021-10-18T17:12:24","date_gmt":"2021-10-18T17:12:24","guid":{"rendered":"https:\/\/enikam.si\/?page_id=3960"},"modified":"2023-01-08T22:22:51","modified_gmt":"2023-01-08T22:22:51","slug":"cookies","status":"publish","type":"page","link":"https:\/\/enikam.com\/de\/bedingungen-richtlinien\/cookies\/","title":{"rendered":"Cookies"},"content":{"rendered":"\t\t<div data-elementor-type=\"wp-page\" data-elementor-id=\"3960\" class=\"elementor elementor-3960\">\n\t\t\t\t\t\t<section class=\"has_eae_slider elementor-section elementor-top-section elementor-element elementor-element-2b5da07 elementor-section-boxed elementor-section-height-default elementor-section-height-default\" data-id=\"2b5da07\" data-element_type=\"section\">\n\t\t\t\t\t\t<div class=\"elementor-container elementor-column-gap-default\">\n\t\t\t\t\t<div class=\"has_eae_slider elementor-column elementor-col-100 elementor-top-column elementor-element elementor-element-0a29d55\" data-id=\"0a29d55\" data-element_type=\"column\">\n\t\t\t<div class=\"elementor-widget-wrap elementor-element-populated\">\n\t\t\t\t\t\t<div class=\"elementor-element elementor-element-6bbf329 elementor-widget elementor-widget-heading\" data-id=\"6bbf329\" data-element_type=\"widget\" data-widget_type=\"heading.default\">\n\t\t\t\t<div class=\"elementor-widget-container\">\n\t\t\t<style>\/*! elementor - v3.21.0 - 26-05-2024 *\/\n.elementor-heading-title{padding:0;margin:0;line-height:1}.elementor-widget-heading .elementor-heading-title[class*=elementor-size-]>a{color:inherit;font-size:inherit;line-height:inherit}.elementor-widget-heading .elementor-heading-title.elementor-size-small{font-size:15px}.elementor-widget-heading .elementor-heading-title.elementor-size-medium{font-size:19px}.elementor-widget-heading .elementor-heading-title.elementor-size-large{font-size:29px}.elementor-widget-heading .elementor-heading-title.elementor-size-xl{font-size:39px}.elementor-widget-heading .elementor-heading-title.elementor-size-xxl{font-size:59px}<\/style><h2 class=\"elementor-heading-title elementor-size-default\">COOKIE-POLITIK<\/h2>\t\t<\/div>\n\t\t\t\t<\/div>\n\t\t\t\t<div class=\"elementor-element elementor-element-a7cc0f8 elementor-widget elementor-widget-text-editor\" data-id=\"a7cc0f8\" data-element_type=\"widget\" data-widget_type=\"text-editor.default\">\n\t\t\t\t<div class=\"elementor-widget-container\">\n\t\t\t<style>\/*! elementor - v3.21.0 - 26-05-2024 *\/\n.elementor-widget-text-editor.elementor-drop-cap-view-stacked .elementor-drop-cap{background-color:#69727d;color:#fff}.elementor-widget-text-editor.elementor-drop-cap-view-framed .elementor-drop-cap{color:#69727d;border:3px solid;background-color:transparent}.elementor-widget-text-editor:not(.elementor-drop-cap-view-default) .elementor-drop-cap{margin-top:8px}.elementor-widget-text-editor:not(.elementor-drop-cap-view-default) .elementor-drop-cap-letter{width:1em;height:1em}.elementor-widget-text-editor .elementor-drop-cap{float:left;text-align:center;line-height:1;font-size:50px}.elementor-widget-text-editor .elementor-drop-cap-letter{display:inline-block}<\/style>\t\t\t\t<p><strong>\u00dcber die Cookie-Politik<\/strong><\/p>\t\t\t\t\t\t<\/div>\n\t\t\t\t<\/div>\n\t\t\t\t<div class=\"elementor-element elementor-element-5511973 elementor-widget elementor-widget-text-editor\" data-id=\"5511973\" data-element_type=\"widget\" data-widget_type=\"text-editor.default\">\n\t\t\t\t<div class=\"elementor-widget-container\">\n\t\t\t\t\t\t\tDiese Cookie-Richtlinie erkl\u00e4rt, was Cookies sind und wie wir sie verwenden, welche Arten von Cookies wir verwenden, welche Informationen wir mit Hilfe von Cookies sammeln, wie wir sie verwenden und wie wir die Cookie-Einstellungen kontrollieren. Weitere Informationen dar\u00fcber, wie wir sie verwenden, speichern und Ihre Daten sch\u00fctzen, finden Sie in unserer Datenschutzrichtlinie.\n\nSie k\u00f6nnen Ihre Zustimmung zu Cookies auf unserer Website jederzeit \u00e4ndern oder widerrufen. Weitere Informationen dar\u00fcber, wer wir sind, wie Sie uns kontaktieren k\u00f6nnen und wie wir Ihre personenbezogenen Daten verarbeiten, finden Sie in unserer Datenschutzrichtlinie.\n\nIhr Einverst\u00e4ndnis gilt f\u00fcr die folgenden Domains: enikam.com\n\nIhr aktueller Status: Cookies akzeptiert. Einwilligung verwalten.\t\t\t\t\t\t<\/div>\n\t\t\t\t<\/div>\n\t\t\t\t<div class=\"elementor-element elementor-element-7ec05ba elementor-widget elementor-widget-text-editor\" data-id=\"7ec05ba\" data-element_type=\"widget\" data-widget_type=\"text-editor.default\">\n\t\t\t\t<div class=\"elementor-widget-container\">\n\t\t\t\t\t\t\t<p><strong>Was sind Cookies?<\/strong><\/p>\t\t\t\t\t\t<\/div>\n\t\t\t\t<\/div>\n\t\t\t\t<div class=\"elementor-element elementor-element-f56e229 elementor-widget elementor-widget-text-editor\" data-id=\"f56e229\" data-element_type=\"widget\" data-widget_type=\"text-editor.default\">\n\t\t\t\t<div class=\"elementor-widget-container\">\n\t\t\t\t\t\t\t<p>Cookies sind kleine Textdateien, die dazu dienen, kleine Informationen zu speichern. Sie werden auf Ihrem Ger\u00e4t gespeichert, wenn eine Webseite in Ihrem Browser geladen wird. Diese Cookies helfen uns, die Leistung der Website zu verbessern, eine bessere Nutzererfahrung zu bieten und zu verstehen, wie die Website funktioniert, wo wir analysieren, was funktioniert und wo Verbesserungen vorgenommen werden m\u00fcssen.<\/p>\t\t\t\t\t\t<\/div>\n\t\t\t\t<\/div>\n\t\t\t\t<div class=\"elementor-element elementor-element-9e9ccab elementor-widget elementor-widget-text-editor\" data-id=\"9e9ccab\" data-element_type=\"widget\" data-widget_type=\"text-editor.default\">\n\t\t\t\t<div class=\"elementor-widget-container\">\n\t\t\t\t\t\t\t<p><strong>Wie verwenden wir Cookies?<\/strong><\/p>\t\t\t\t\t\t<\/div>\n\t\t\t\t<\/div>\n\t\t\t\t<div class=\"elementor-element elementor-element-5f6fd00 elementor-widget elementor-widget-text-editor\" data-id=\"5f6fd00\" data-element_type=\"widget\" data-widget_type=\"text-editor.default\">\n\t\t\t\t<div class=\"elementor-widget-container\">\n\t\t\t\t\t\t\t<p>Wie die meisten Online-Dienste verwendet auch unsere Website Erstanbieter- und Drittanbieter-Cookies f\u00fcr verschiedene Zwecke. Unsere eigenen Cookies sind in den meisten F\u00e4llen f\u00fcr das ordnungsgem\u00e4\u00dfe Funktionieren der Website erforderlich und erheben keine personenbezogenen Daten von Ihnen.\u00a0<\/p>\t\t\t\t\t\t<\/div>\n\t\t\t\t<\/div>\n\t\t\t\t<div class=\"elementor-element elementor-element-9506a2a elementor-widget elementor-widget-text-editor\" data-id=\"9506a2a\" data-element_type=\"widget\" data-widget_type=\"text-editor.default\">\n\t\t\t\t<div class=\"elementor-widget-container\">\n\t\t\t\t\t\t\t<p><strong>Welche Arten von Cookies verwenden wir?<\/strong><\/p>\t\t\t\t\t\t<\/div>\n\t\t\t\t<\/div>\n\t\t\t\t<div class=\"elementor-element elementor-element-92201cd elementor-widget elementor-widget-text-editor\" data-id=\"92201cd\" data-element_type=\"widget\" data-widget_type=\"text-editor.default\">\n\t\t\t\t<div class=\"elementor-widget-container\">\n\t\t\t\t\t\t\t<p>Grundlegend: Einige Cookies sind unerl\u00e4sslich, damit Sie die volle Funktionalit\u00e4t unserer Website nutzen k\u00f6nnen. Sie erm\u00f6glichen es uns, Benutzersitzungen aufrechtzuerhalten und Sicherheitsbedrohungen zu verhindern. Sie erfassen oder speichern keine personenbezogenen Daten. Diese Cookies erm\u00f6glichen es Ihnen zum Beispiel, sich in Ihr Konto einzuloggen, Produkte in Ihren Warenkorb zu legen und sichere Zahlungen zu t\u00e4tigen.<\/p><p>Statistik: Diese Cookies speichern Informationen wie die Anzahl der Besucher der Website, die Anzahl der einzelnen Besucher, welche Seiten der Website sie besucht haben, die Quelle des Besuchs usw. Diese Informationen helfen uns, die Leistung der Website zu verstehen und zu analysieren und Verbesserungen vorzunehmen.<\/p><p>Marketing: Auf unserer Website wird Werbung angezeigt. Diese Cookies werden verwendet, um Anzeigen auf Ihre Bed\u00fcrfnisse zuzuschneiden. Diese Cookies helfen uns, die Wirksamkeit von Werbekampagnen zu \u00fcberwachen. Die in diesen Cookies gespeicherten Informationen k\u00f6nnen auch von unabh\u00e4ngigen Werbeanbietern verwendet werden, um Anzeigen auf anderen Websites in Ihrem Browser zu schalten.<\/p><p>Funktionalit\u00e4t: Diese Cookies erm\u00f6glichen bestimmte nicht wesentliche Funktionalit\u00e4ten unserer Website. Zu diesen Funktionen geh\u00f6ren das Einbetten von Inhalten wie Videos oder das Teilen von Website-Inhalten auf Social-Media-Plattformen.<\/p><p>Einstellungen: Diese Cookies helfen uns, Ihre Pr\u00e4ferenzen und Suchoptionen, wie z. B. Spracheinstellungen, zu speichern, damit Sie bei zuk\u00fcnftigen Besuchen der Website eine bessere und effizientere Erfahrung machen k\u00f6nnen.<\/p><p>Eine Liste mit den auf der Website oxilver.si verwendeten Cookies und deren Beschreibung.\u00a0<\/p>\t\t\t\t\t\t<\/div>\n\t\t\t\t<\/div>\n\t\t\t\t<div class=\"elementor-element elementor-element-9754c6b elementor-widget elementor-widget-text-editor\" data-id=\"9754c6b\" data-element_type=\"widget\" data-widget_type=\"text-editor.default\">\n\t\t\t\t<div class=\"elementor-widget-container\">\n\t\t\t\t\t\t\t<table style=\"width: 100%;\">\n<tbody>\n<tr>\n<td>PI\u0160KOTEK<\/td>\n<td>OPIS<\/td>\n<\/tr>\n<tr>\n<td>CONSENT<\/td>\n<td>\tYouTube sets this cookie via embedded youtube-videos and registers anonymous statistical data.<\/td>\n<\/tr>\n<tr>\n<td>_ga<\/td>\n<td>\tThe _ga cookie, installed by Google Analytics, calculates visitor, session and campaign data and also keeps track of site usage for the site&#8217;s analytics report. The cookie stores information anonymously and assigns a randomly generated number to recognize unique visitors.<\/td>\n<\/tr>\n<tr>\n<td>_ga_MNVZDHT9DT<\/td>\n<td>This cookie is installed by Google Analytics.<\/td>\n<\/tr>\n<tr>\n<td>\t\nyt-remote-connected-devices<\/td>\n<td>YouTube sets this cookie to store the video preferences of the user using embedded YouTube video.<\/td>\n<\/tr>\n<tr>\n<td>yt-remote-device-id<\/td>\n<td>YouTube sets this cookie to store the video preferences of the user using embedded YouTube video.<\/td>\n<\/tr>\n<tr>\n<td>IDE<\/td>\n<td>Google DoubleClick IDE cookies are used to store information about how the user uses the website to present them with relevant ads and according to the user profile.<\/td>\n<\/tr>\n<tr>\n<td>test_cookie<\/td>\n<td>The test_cookie is set by doubleclick.net and is used to determine if the user&#8217;s browser supports cookies.<\/td>\n<\/tr>\n<tr>\n<td>VISITOR_INFO1_LIVE<\/td>\n<td>A cookie set by YouTube to measure bandwidth that determines whether the user gets the new or old player interface.<\/td>\n<\/tr>\n<tr>\n<td>YSC<\/td>\n<td>YSC cookie is set by Youtube and is used to track the views of embedded videos on Youtube pages.<\/td>\n<\/tr>\n<tr>\n<td>fr<\/td>\n<td>Facebook sets this cookie to show relevant advertisements to users by tracking user behaviour across the web, on sites that have Facebook pixel or Facebook social plugin.<\/td>\n<\/tr>\n<tr>\n<td>_fbp<\/td>\n<td>This cookie is set by Facebook to display advertisements when either on Facebook or on a digital platform powered by Facebook advertising, after visiting the website.<\/td>\n<\/tr>\n<tr>\n<td>cookielawinfo-checkbox-advertisement<\/td>\n<td>Set by the GDPR Cookie Consent plugin, this cookie is used to record the user consent for the cookies in the &#8220;Advertisement&#8221; category<\/td>\n<\/tr>\n<tr>\n<td>PH_HPXY_CHECK<\/td>\n<td>This cookie is used to save the information about the current session.<\/td>\n<\/tr>\n<tr>\n<td>cookielawinfo-checkbox-others<\/td>\n<td>This cookie is set by GDPR Cookie Consent plugin. The cookie is used to store the user consent for the cookies in the category &#8220;Other.<\/td>\n<\/tr>\n<tr>\n<td>cookielawinfo-checkbox-analytics<\/td>\n<td>This cookie is set by GDPR Cookie Consent plugin. The cookie is used to store the user consent for the cookies in the category &#8220;Analytics&#8221;.<\/td>\n<\/tr>\n<tr>\n<td>\t\ncookielawinfo-checkbox-performance<\/td>\n<td>This cookie is set by GDPR Cookie Consent plugin. The cookie is used to store the user consent for the cookies in the category &#8220;Performance&#8221;.<\/td>\n<\/tr>\n<tr>\n<td>cookielawinfo-checkbox-functional<\/td>\n<td>The cookie is set by GDPR cookie consent to record the user consent for the cookies in the category &#8220;Functional&#8221;.<\/td>\n<\/tr>\n<tr>\n<td>cookielawinfo-checkbox-necessary<\/td>\n<td>This cookie is set by GDPR Cookie Consent plugin. The cookies is used to store the user consent for the cookies in the category &#8220;Necessary&#8221;.<\/td>\n<\/tr>\n<tr>\n<td>viewed_cookie_policy<\/td>\n<td>The cookie is set by the GDPR Cookie Consent plugin and is used to store whether or not user has consented to the use of cookies. It does not store any personal data.<\/td>\n<\/tr>\n<\/tbody>\n<\/table>\t\t\t\t\t\t<\/div>\n\t\t\t\t<\/div>\n\t\t\t\t<div class=\"elementor-element elementor-element-f27bdc5 elementor-widget elementor-widget-text-editor\" data-id=\"f27bdc5\" data-element_type=\"widget\" data-widget_type=\"text-editor.default\">\n\t\t\t\t<div class=\"elementor-widget-container\">\n\t\t\t\t\t\t\t<p><strong>Wie k\u00f6nnen Sie Ihre Cookie-Einstellungen verwalten?<\/strong><\/p>\t\t\t\t\t\t<\/div>\n\t\t\t\t<\/div>\n\t\t\t\t<div class=\"elementor-element elementor-element-ed1e016 elementor-widget elementor-widget-text-editor\" data-id=\"ed1e016\" data-element_type=\"widget\" data-widget_type=\"text-editor.default\">\n\t\t\t\t<div class=\"elementor-widget-container\">\n\t\t\t\t\t\t\t<p>Wenn Sie Ihre Cookie-Einstellungen \u00e4ndern m\u00f6chten, klicken Sie auf \u201cEinwilligung verwalten\u201d. Es wird erneut ein Hinweis auf die Einwilligung angezeigt, so dass Sie Ihre Einstellungen \u00e4ndern oder Ihre Einwilligung vollst\u00e4ndig zur\u00fcckziehen k\u00f6nnen.<\/p><p>Dar\u00fcber hinaus bieten verschiedene Browser unterschiedliche Methoden zum Blockieren und L\u00f6schen von Cookies auf Websites. Sie k\u00f6nnen Ihre diesbez\u00fcglichen Einstellungen \u00e4ndern. Um mehr \u00fcber die Verwaltung und das L\u00f6schen von Cookies zu erfahren, besuchen Sie bitte wikipedia.org, www.allaboutcookies.org.<\/p>\t\t\t\t\t\t<\/div>\n\t\t\t\t<\/div>\n\t\t\t\t\t<\/div>\n\t\t<\/div>\n\t\t\t\t\t<\/div>\n\t\t<\/section>\n\t\t\t\t<\/div>\n\t\t","protected":false},"excerpt":{"rendered":"<p>COOKIE-POLITIK \u00dcber die Cookie-Politik Diese Cookie-Richtlinie erkl\u00e4rt, was Cookies sind und wie wir sie verwenden, welche Arten von Cookies wir verwenden, welche Informationen wir mit Hilfe von Cookies sammeln, wie wir sie verwenden und wie wir die Cookie-Einstellungen kontrollieren. Weitere Informationen dar\u00fcber, wie wir sie verwenden, speichern und Ihre Daten sch\u00fctzen, finden Sie in unserer [&hellip;]<\/p>\n","protected":false},"author":1,"featured_media":0,"parent":1567,"menu_order":0,"comment_status":"closed","ping_status":"closed","template":"","meta":{"footnotes":""},"class_list":["post-3960","page","type-page","status-publish","hentry","entry","owp-thumbs-layout-horizontal","owp-btn-normal","owp-tabs-layout-horizontal","has-no-thumbnails","has-product-nav"],"_links":{"self":[{"href":"https:\/\/enikam.com\/de\/wp-json\/wp\/v2\/pages\/3960","targetHints":{"allow":["GET"]}}],"collection":[{"href":"https:\/\/enikam.com\/de\/wp-json\/wp\/v2\/pages"}],"about":[{"href":"https:\/\/enikam.com\/de\/wp-json\/wp\/v2\/types\/page"}],"author":[{"embeddable":true,"href":"https:\/\/enikam.com\/de\/wp-json\/wp\/v2\/users\/1"}],"replies":[{"embeddable":true,"href":"https:\/\/enikam.com\/de\/wp-json\/wp\/v2\/comments?post=3960"}],"version-history":[{"count":3,"href":"https:\/\/enikam.com\/de\/wp-json\/wp\/v2\/pages\/3960\/revisions"}],"predecessor-version":[{"id":11034,"href":"https:\/\/enikam.com\/de\/wp-json\/wp\/v2\/pages\/3960\/revisions\/11034"}],"up":[{"embeddable":true,"href":"https:\/\/enikam.com\/de\/wp-json\/wp\/v2\/pages\/1567"}],"wp:attachment":[{"href":"https:\/\/enikam.com\/de\/wp-json\/wp\/v2\/media?parent=3960"}],"curies":[{"name":"wp","href":"https:\/\/api.w.org\/{rel}","templated":true}]}}