{"id":1558,"date":"2021-08-31T06:00:20","date_gmt":"2021-08-31T05:00:20","guid":{"rendered":"https:\/\/enikam.neznano.com\/?page_id=1558"},"modified":"2023-01-08T22:43:21","modified_gmt":"2023-01-08T22:43:21","slug":"bedingungen-fur-gewinnspiele","status":"publish","type":"page","link":"https:\/\/enikam.com\/de\/bedingungen-richtlinien\/bedingungen-fur-gewinnspiele\/","title":{"rendered":"Bedingungen f\u00fcr Gewinnspiele"},"content":{"rendered":"\t\t<div data-elementor-type=\"wp-page\" data-elementor-id=\"1558\" class=\"elementor elementor-1558\">\n\t\t\t\t\t\t<section class=\"has_eae_slider elementor-section elementor-top-section elementor-element elementor-element-7727425 elementor-section-boxed elementor-section-height-default elementor-section-height-default\" data-id=\"7727425\" data-element_type=\"section\">\n\t\t\t\t\t\t<div class=\"elementor-container elementor-column-gap-default\">\n\t\t\t\t\t<div class=\"has_eae_slider elementor-column elementor-col-100 elementor-top-column elementor-element elementor-element-1efe8b9\" data-id=\"1efe8b9\" data-element_type=\"column\">\n\t\t\t<div class=\"elementor-widget-wrap elementor-element-populated\">\n\t\t\t\t\t\t<div class=\"elementor-element elementor-element-2ef3a28 elementor-widget elementor-widget-heading\" data-id=\"2ef3a28\" data-element_type=\"widget\" data-widget_type=\"heading.default\">\n\t\t\t\t<div class=\"elementor-widget-container\">\n\t\t\t<style>\/*! elementor - v3.21.0 - 26-05-2024 *\/\n.elementor-heading-title{padding:0;margin:0;line-height:1}.elementor-widget-heading .elementor-heading-title[class*=elementor-size-]>a{color:inherit;font-size:inherit;line-height:inherit}.elementor-widget-heading .elementor-heading-title.elementor-size-small{font-size:15px}.elementor-widget-heading .elementor-heading-title.elementor-size-medium{font-size:19px}.elementor-widget-heading .elementor-heading-title.elementor-size-large{font-size:29px}.elementor-widget-heading .elementor-heading-title.elementor-size-xl{font-size:39px}.elementor-widget-heading .elementor-heading-title.elementor-size-xxl{font-size:59px}<\/style><h2 class=\"elementor-heading-title elementor-size-default\">BEDINGUNGEN F\u00dcR GEWINNSPIELE<\/h2>\t\t<\/div>\n\t\t\t\t<\/div>\n\t\t\t\t<div class=\"elementor-element elementor-element-0809e47 elementor-widget elementor-widget-text-editor\" data-id=\"0809e47\" data-element_type=\"widget\" data-widget_type=\"text-editor.default\">\n\t\t\t\t<div class=\"elementor-widget-container\">\n\t\t\t<style>\/*! elementor - v3.21.0 - 26-05-2024 *\/\n.elementor-widget-text-editor.elementor-drop-cap-view-stacked .elementor-drop-cap{background-color:#69727d;color:#fff}.elementor-widget-text-editor.elementor-drop-cap-view-framed .elementor-drop-cap{color:#69727d;border:3px solid;background-color:transparent}.elementor-widget-text-editor:not(.elementor-drop-cap-view-default) .elementor-drop-cap{margin-top:8px}.elementor-widget-text-editor:not(.elementor-drop-cap-view-default) .elementor-drop-cap-letter{width:1em;height:1em}.elementor-widget-text-editor .elementor-drop-cap{float:left;text-align:center;line-height:1;font-size:50px}.elementor-widget-text-editor .elementor-drop-cap-letter{display:inline-block}<\/style>\t\t\t\t<strong>1. Allgemeine Bestimmungen<\/strong>\t\t\t\t\t\t<\/div>\n\t\t\t\t<\/div>\n\t\t\t\t<div class=\"elementor-element elementor-element-e830839 elementor-widget elementor-widget-text-editor\" data-id=\"e830839\" data-element_type=\"widget\" data-widget_type=\"text-editor.default\">\n\t\t\t\t<div class=\"elementor-widget-container\">\n\t\t\t\t\t\t\t<p>Die vorliegenden Teilnahmebedingungen regeln die Organisation des \u201cOxilver-Gewinnspiels\u201d. Der Veranstalter des Gewinnspiels ist Enikam d.o.o. (im Folgenden \u201cVeranstalter\u201d genannt), Cesta Andreja Bitenca 118, 1000 Ljubljana, der das Gewinnspiel durchf\u00fchrt, die Verlosung organisiert und f\u00fcr die Preise und deren Zustellung an alle Gewinner sorgt.<\/p><p>Die Verlosung findet zwischen dem 15.12.2020 und dem 22.12.2020 statt. Die Verlosung wird auf www.enikam.com\/de ver\u00f6ffentlicht.\u00a0<\/p>\t\t\t\t\t\t<\/div>\n\t\t\t\t<\/div>\n\t\t\t\t<div class=\"elementor-element elementor-element-258f085 elementor-widget elementor-widget-text-editor\" data-id=\"258f085\" data-element_type=\"widget\" data-widget_type=\"text-editor.default\">\n\t\t\t\t<div class=\"elementor-widget-container\">\n\t\t\t\t\t\t\t<strong>2. Bedingungen f\u00fcr die Teilnahme<\/strong>\t\t\t\t\t\t<\/div>\n\t\t\t\t<\/div>\n\t\t\t\t<div class=\"elementor-element elementor-element-7c0e977 elementor-widget elementor-widget-text-editor\" data-id=\"7c0e977\" data-element_type=\"widget\" data-widget_type=\"text-editor.default\">\n\t\t\t\t<div class=\"elementor-widget-container\">\n\t\t\t\t\t\t\t<p>An der Verlosung k\u00f6nnen vollj\u00e4hrige Personen teilnehmen, die ihren st\u00e4ndigen oder vor\u00fcbergehenden Wohnsitz in der Republik Slowenien haben. Minderj\u00e4hrige (unter 18 Jahren) ben\u00f6tigen f\u00fcr die Teilnahme an der Verlosung die vorherige schriftliche Zustimmung ihrer Eltern oder Erziehungsberechtigten. Ein Kauf ist keine Bedingung f\u00fcr die Teilnahme an der Verlosung und wird vom Veranstalter nicht in Rechnung gestellt. Mit der Teilnahme an der Verlosung erkl\u00e4rt sich die Person mit den unter www.enikam.com\/de aufgef\u00fchrten Bedingungen einverstanden.<\/p><p>Vertragsbedienstete des Gewinnspielveranstalters oder deren unmittelbare Familienangeh\u00f6rige d\u00fcrfen nicht an dem Gewinnspiel teilnehmen. Alle personenbezogenen Daten der Teilnehmer werden gem\u00e4\u00df Artikel 9 (verjetno je mi\u0161ljena to\u010da 7? To\u010dka 8 pa manjka) dieser Regeln und gem\u00e4\u00df den allgemeinen Datenschutzgesetzen des Gewinnspielveranstalters und des Mitveranstalters in \u00dcbereinstimmung mit dem Gesetz zum Schutz personenbezogener Daten und der Allgemeinen Datenschutzverordnung (GDPR) gesch\u00fctzt. Im Falle unvollst\u00e4ndiger, falscher oder unwahrer Angaben (E-Mail-Adresse oder Daten) beh\u00e4lt sich der Veranstalter das Recht vor, die Teilnahme des Teilnehmers am Gewinnspiel zu verweigern oder ihn vom Gewinnspiel auszuschlie\u00dfen.<\/p><p>Ein Teilnehmer verliert das Recht auf den Preis, wenn der Organisator feststellt, dass:<\/p><ul><li>der Teilnehmer hat die Teilnahmebedingungen nicht erf\u00fcllt;<\/li><li>der Teilnehmer gegen die Regeln und Bedingungen des Gewinnspiels versto\u00dfen hat;<\/li><li>der Teilnehmer den Verpflichtungen aus diesen Bedingungen oder den auf der Website ver\u00f6ffentlichten besonderen Bedingungen nicht oder nicht rechtzeitig nachkommen will;<\/li><li>im Falle von Bewerbungen: wenn die Bewerbung in irgendeiner Weise unzureichend ist.<\/li><li>Falls ein Teilnehmer seinen Anspruch auf einen Preis verwirkt, entscheidet der Veranstalter, ob er den Preis an eine andere Person vergibt oder nicht.<\/li><\/ul>\t\t\t\t\t\t<\/div>\n\t\t\t\t<\/div>\n\t\t\t\t<div class=\"elementor-element elementor-element-2309aef elementor-widget elementor-widget-text-editor\" data-id=\"2309aef\" data-element_type=\"widget\" data-widget_type=\"text-editor.default\">\n\t\t\t\t<div class=\"elementor-widget-container\">\n\t\t\t\t\t\t\t<strong>3. Preise<\/strong>\t\t\t\t\t\t<\/div>\n\t\t\t\t<\/div>\n\t\t\t\t<div class=\"elementor-element elementor-element-6f99f66 elementor-widget elementor-widget-text-editor\" data-id=\"6f99f66\" data-element_type=\"widget\" data-widget_type=\"text-editor.default\">\n\t\t\t\t<div class=\"elementor-widget-container\">\n\t\t\t\t\t\t\t<p>Pro Teilnehmer kann nur ein Preis vergeben werden. Wird ein Teilnehmer zweimal oder \u00f6fter gezogen, erh\u00e4lt er den Preis, f\u00fcr den er zuerst gezogen wurde. Die Teilnehmer am Gewinnspiel nehmen an der Verlosung von Preisen teil:<br \/>\u2013 5x Oxilver-Produktpaket<br \/>Die Preise k\u00f6nnen nicht gegen andere Preise eingel\u00f6st, in bar ausgezahlt oder an Dritte \u00fcbertragen werden. Wenn die Preistr\u00e4ger keine, unvollst\u00e4ndige oder falsche Angaben machen und\/oder wenn die Preistr\u00e4ger nicht benachrichtigt werden k\u00f6nnen und\/oder wenn sich herausstellt, dass sie nicht zur Teilnahme an der Verlosung berechtigt sind und\/oder gegen diese Bedingungen versto\u00dfen und\/oder wenn sie sich weigern, ihren Verpflichtungen gem\u00e4\u00df diesen Bedingungen nachzukommen, und zwar innerhalb der vom Veranstalter gesetzten Frist, verliert der Preistr\u00e4ger seinen Anspruch auf den Preis.<br \/>Gewinnwert und Einkommensteuer<\/p><p>Der Wert eines jeden Preises \u00fcbersteigt nicht 42 \u20ac. F\u00fcr Preise bis zu 42 \u20ac ist keine Einkommenssteuer zu entrichten und der Wert des Preises wird nicht in die Steuerbemessungsgrundlage des Empf\u00e4ngers einbezogen.\u00a0<\/p>\t\t\t\t\t\t<\/div>\n\t\t\t\t<\/div>\n\t\t\t\t<div class=\"elementor-element elementor-element-02300c9 elementor-widget elementor-widget-text-editor\" data-id=\"02300c9\" data-element_type=\"widget\" data-widget_type=\"text-editor.default\">\n\t\t\t\t<div class=\"elementor-widget-container\">\n\t\t\t\t\t\t\t<strong>4. Verlosung<\/strong>\t\t\t\t\t\t<\/div>\n\t\t\t\t<\/div>\n\t\t\t\t<div class=\"elementor-element elementor-element-ab44158 elementor-widget elementor-widget-text-editor\" data-id=\"ab44158\" data-element_type=\"widget\" data-widget_type=\"text-editor.default\">\n\t\t\t\t<div class=\"elementor-widget-container\">\n\t\t\t\t\t\t\t<p>F\u00fcr die Organisation, Durchf\u00fchrung und \u00dcberwachung der Verlosung und des Gewinnspiels ist ein Komission zust\u00e4ndig, das sich aus Vertretern des Veranstalters zusammensetzt.<\/p><p>Die Verlosung findet am 23. Dezember 2020 am Sitz des Gewinnspielveranstalters statt. An der Verlosung nehmen diejenigen teil, die das Formular auf www.enikam.si bis zum 22.12.2020, 00.00 Uhr, korrekt ausgef\u00fcllt haben.<\/p><p>Jeder Teilnehmer kann nur einen Preis aus dem Preispool gewinnen. Die Gewinner werden durch einen Zufallsalgorithmus ermittelt.\u00a0<\/p>\t\t\t\t\t\t<\/div>\n\t\t\t\t<\/div>\n\t\t\t\t<div class=\"elementor-element elementor-element-c3b184d elementor-widget elementor-widget-text-editor\" data-id=\"c3b184d\" data-element_type=\"widget\" data-widget_type=\"text-editor.default\">\n\t\t\t\t<div class=\"elementor-widget-container\">\n\t\t\t\t\t\t\t<strong>5. Benachrichtigung der Gewinner<\/strong>\t\t\t\t\t\t<\/div>\n\t\t\t\t<\/div>\n\t\t\t\t<div class=\"elementor-element elementor-element-995681e elementor-widget elementor-widget-text-editor\" data-id=\"995681e\" data-element_type=\"widget\" data-widget_type=\"text-editor.default\">\n\t\t\t\t<div class=\"elementor-widget-container\">\n\t\t\t\t\t\t\t<p>Der Gewinner erh\u00e4lt die Gewinnbenachrichtigung an die zu Beginn des Gewinnspiels auf der Website angegebene E-Mail-Adresse. Mit der Teilnahme an jedem Gewinnspiel erkl\u00e4rt sich der Teilnehmer damit einverstanden, dass im Falle einer Verlosung der Gewinner durch den Veranstalter auf der Website www.enikam.com\/de bekannt gegeben wird. Die Liste der Gewinner wird sp\u00e4testens sieben (7) Tage nach der Verlosung auf www.enikam.com\/de ver\u00f6ffentlicht. Die Ergebnisse der Verlosung sind endg\u00fcltig. Gegen das Ergebnis der Verlosung kann kein Rechtsmittel eingelegt werden.\u00a0<\/p>\t\t\t\t\t\t<\/div>\n\t\t\t\t<\/div>\n\t\t\t\t<div class=\"elementor-element elementor-element-c6bbcd3 elementor-widget elementor-widget-text-editor\" data-id=\"c6bbcd3\" data-element_type=\"widget\" data-widget_type=\"text-editor.default\">\n\t\t\t\t<div class=\"elementor-widget-container\">\n\t\t\t\t\t\t\t<p><strong>6. Sammlung der Preise<\/strong><\/p>\t\t\t\t\t\t<\/div>\n\t\t\t\t<\/div>\n\t\t\t\t<div class=\"elementor-element elementor-element-4b47dc2 elementor-widget elementor-widget-text-editor\" data-id=\"4b47dc2\" data-element_type=\"widget\" data-widget_type=\"text-editor.default\">\n\t\t\t\t<div class=\"elementor-widget-container\">\n\t\t\t\t\t\t\tDer Teilnehmer ist berechtigt, den Preis als Gewinner in Anspruch zu nehmen, wenn er innerhalb der vereinbarten Frist vom Veranstalter \u00fcber den Gewinn benachrichtigt wird. Um den Preis in Anspruch nehmen zu k\u00f6nnen, muss der Preistr\u00e4ger auf schriftliche Anfrage des Veranstalters folgende pers\u00f6nliche Daten angeben: Vor- und Nachname, genaue Wohnanschrift und Wohnort. Der Gewinner muss au\u00dferdem eine Telefonnummer angeben, unter der er zu erreichen ist, wenn er den Gewinn in Anspruch nehmen m\u00f6chte. Der Gewinner ist verpflichtet, innerhalb von 5 Tagen nach der Benachrichtigung \u00fcber den Erhalt des Preises durch den Veranstalter zu antworten. Vor der Inanspruchnahme des Preises ist der Gewinner verpflichtet, eine Erkl\u00e4rung zu unterzeichnen, mit der er den Regeln des Gewinnspiels zustimmt und best\u00e4tigt, dass er den Preis annimmt. Die Unterzeichnung der Erkl\u00e4rung ist eine Bedingung f\u00fcr den Erhalt des Preises.\nWenn der Gewinner die erforderlichen Informationen nicht innerhalb von f\u00fcnf Tagen nach dem Datum der Benachrichtigung \u00fcbermittelt, verf\u00e4llt sein Anspruch auf den Preis ohne jegliche Entsch\u00e4digung.\n Der Organisator des Gewinnspiels informiert den Gewinner schriftlich \u00fcber die Art und Weise der Inanspruchnahme des Preises. Wenn der Gewinner den Preis nicht innerhalb von f\u00fcnf Tagen nach der \u00f6ffentlichen Bekanntgabe der Gewinner in Anspruch nimmt, verf\u00e4llt der Anspruch auf den Preis ohne jegliche Entsch\u00e4digung. \n Um den Preis in Anspruch nehmen zu k\u00f6nnen, m\u00fcssen Personen unter 18 Jahren dem Veranstalter gleichzeitig mit den in Absatz 3 dieses Artikels genannten Angaben, sp\u00e4testens jedoch zum Zeitpunkt der Inanspruchnahme des Preises, die schriftliche Zustimmung ihrer Eltern oder ihres gesetzlichen Vertreters vorlegen.\nDer Veranstalter haftet nicht f\u00fcr Streitigkeiten bez\u00fcglich des Eigentums an den ausgelosten Preisen und ist nicht an diesen beteiligt. Der Preis wird vom Veranstalter an die im Formular auf der Website oder im Brief genannte Person oder an eine offiziell bevollm\u00e4chtigte Person gem\u00e4\u00df den Teilnahmebedingungen ausgeh\u00e4ndigt. Der Veranstalter beh\u00e4lt sich das Recht vor, diese Teilnahmebedingungen zu erg\u00e4nzen und zu \u00e4ndern, und verpflichtet sich, im Falle einer Erg\u00e4nzung oder \u00c4nderung die ge\u00e4nderten Bedingungen auf der Website www.enikam.com\/de\/bedingungen-richtlinien\/bedingungen-fur-gewinnspiele\/ zu ver\u00f6ffentlichen. Der Veranstalter haftet nicht f\u00fcr Sch\u00e4den, die einem Teilnehmer aufgrund von logistischen Schwierigkeiten, technischen Problemen oder anderen Fehlern entstehen.\n\t\t\t\t\t\t<\/div>\n\t\t\t\t<\/div>\n\t\t\t\t<div class=\"elementor-element elementor-element-2435c95 elementor-widget elementor-widget-text-editor\" data-id=\"2435c95\" data-element_type=\"widget\" data-widget_type=\"text-editor.default\">\n\t\t\t\t<div class=\"elementor-widget-container\">\n\t\t\t\t\t\t\t<strong>7. Schutz von Informationen und personenbezogenen Daten<\/strong>\t\t\t\t\t\t<\/div>\n\t\t\t\t<\/div>\n\t\t\t\t<div class=\"elementor-element elementor-element-09f488c elementor-widget elementor-widget-text-editor\" data-id=\"09f488c\" data-element_type=\"widget\" data-widget_type=\"text-editor.default\">\n\t\t\t\t<div class=\"elementor-widget-container\">\n\t\t\t\t\t\t\t<p>Mit der Teilnahme an der Verlosung erlaubt der Teilnehmer der Verlosung dem Veranstalter, die angegebenen personenbezogenen Daten gem\u00e4\u00df dem Gesetz zum Schutz personenbezogener Daten (ZVOP-1, Amtsblatt der RS, Nr. 86\/2004, 67\/2007 UPB1) und der Allgemeinen Datenschutzverordnung (GDPR) zu erheben, zu verwalten, zu verarbeiten und zu speichern. Die erhobenen personenbezogenen Daten sind: mobile Nummer, E-Mail-Adresse, Vor- und Nachname und Adresse des st\u00e4ndigen oder vor\u00fcbergehenden Wohnsitzes. Die gesammelten personenbezogenen Daten werden ausschlie\u00dflich zum Zweck der Verlosung und des Versands des Geschenks an die Gewinner verwendet. Die personenbezogenen Daten d\u00fcrfen vom Veranstalter des Gewinnspiels nur f\u00fcr den Zweck verwendet werden, f\u00fcr den sie erhoben wurden. Die personenbezogenen Daten werden gel\u00f6scht, sobald die Einwilligung f\u00fcr die Zwecke der k\u00fcnftigen Werbung f\u00fcr das betreffende Projekt widerrufen wird oder bis zur Entscheidung \u00fcber die endg\u00fcltige Einstellung des Projekts. Besteht eine betriebliche und\/oder gesetzliche Verpflichtung (z.B. Finanzbuchhaltung, Steuern, etc.) zur Aufbewahrung der Daten, werden die Daten nach 5 Jahren gel\u00f6scht, sofern die Vorschriften nicht ausdr\u00fccklich etwas anderes vorsehen. Gem\u00e4\u00df ZVOP-1 und der Einf\u00fchrung der GDPR haben die Teilnehmer das Recht auf Zugang, Kopie, \u00c4nderung, Berichtigung, Sperrung und L\u00f6schung der sie betreffenden personenbezogenen Daten. Der Teilnehmer an der Verlosung oder sein Vormund oder Vertreter kann jederzeit schriftlich verlangen, dass seine bei der Verlosung erhaltenen personenbezogenen Daten vor\u00fcbergehend oder dauerhaft nicht mehr f\u00fcr Direktmarketingzwecke verwendet werden. Der Antrag ist schriftlich an Enikam d.o.o., Cesta Andreja Bitenca 118, 1000 Ljubljana zu richten. Sp\u00e4testens 15 Tage nach Eingang des Antrags werden die personenbezogenen Daten des Teilnehmers endg\u00fcltig gel\u00f6scht. Der Gewinner erm\u00e4chtigt den Veranstalter, seine pers\u00f6nlichen Daten (Vor- und Nachname) in den Massenmedien, auf der Website www.enikam.com\/de und im Internet zu ver\u00f6ffentlichen, um ihn \u00fcber die Ergebnisse der Verlosung zu informieren oder den Preis abzuholen. Der Veranstalter \u00fcbernimmt keine Verantwortung f\u00fcr den Schutz der Daten auf den Websites, zu denen bestimmte Links auf der Website des Veranstalters f\u00fchren, und haftet auch nicht f\u00fcr Fehler, die infolge der Angabe falscher oder unrichtiger Daten durch die Teilnehmer an der Verlosung auftreten k\u00f6nnen.<\/p>\t\t\t\t\t\t<\/div>\n\t\t\t\t<\/div>\n\t\t\t\t<div class=\"elementor-element elementor-element-015b739 elementor-widget elementor-widget-text-editor\" data-id=\"015b739\" data-element_type=\"widget\" data-widget_type=\"text-editor.default\">\n\t\t\t\t<div class=\"elementor-widget-container\">\n\t\t\t\t\t\t\t<strong>8. Endg\u00fcltige und vorl\u00e4ufige Bestimmungen<\/strong>\t\t\t\t\t\t<\/div>\n\t\t\t\t<\/div>\n\t\t\t\t<div class=\"elementor-element elementor-element-6301d0b elementor-widget elementor-widget-text-editor\" data-id=\"6301d0b\" data-element_type=\"widget\" data-widget_type=\"text-editor.default\">\n\t\t\t\t<div class=\"elementor-widget-container\">\n\t\t\t\t\t\t\t<p>Weitere Informationen zum Gewinnspiel erhalten Sie unter www.enikam.si oder per E-Mail an marketing@enikam-oxy.com.<br \/>Die Regeln des Gewinnspiels treten am 15.12.2020 in Kraft. W\u00e4hrend der Dauer des Gewinnspiels k\u00f6nnen die Regeln auf www.enikam.com\/de\/bedingungen-richtlinien\/bedingungen-fur-gewinnspiele\/ eingesehen werden.<br \/>Der Veranstalter beh\u00e4lt sich das Recht vor, die Bedingungen des Gewinnspiels zu erg\u00e4nzen und zu \u00e4ndern, wenn technische, wirtschaftliche oder \u00f6ffentliche Gr\u00fcnde dies erfordern. Der Veranstalter wird die Teilnehmer \u00fcber \u00c4nderungen und Aktualisierungen des Gewinnspiels durch Ank\u00fcndigungen auf der Website auf dem Laufenden halten.<br \/>Ljubljana, 14. Dezember 2020<br \/>Enikam d.o.o.\u00a0<\/p>\t\t\t\t\t\t<\/div>\n\t\t\t\t<\/div>\n\t\t\t\t\t<\/div>\n\t\t<\/div>\n\t\t\t\t\t<\/div>\n\t\t<\/section>\n\t\t\t\t<\/div>\n\t\t","protected":false},"excerpt":{"rendered":"<p>BEDINGUNGEN F\u00dcR GEWINNSPIELE 1. Allgemeine Bestimmungen Die vorliegenden Teilnahmebedingungen regeln die Organisation des \u201cOxilver-Gewinnspiels\u201d. Der Veranstalter des Gewinnspiels ist Enikam d.o.o. (im Folgenden \u201cVeranstalter\u201d genannt), Cesta Andreja Bitenca 118, 1000 Ljubljana, der das Gewinnspiel durchf\u00fchrt, die Verlosung organisiert und f\u00fcr die Preise und deren Zustellung an alle Gewinner sorgt. Die Verlosung findet zwischen dem 15.12.2020 [&hellip;]<\/p>\n","protected":false},"author":1,"featured_media":0,"parent":1567,"menu_order":0,"comment_status":"closed","ping_status":"closed","template":"","meta":{"footnotes":""},"class_list":["post-1558","page","type-page","status-publish","hentry","entry","owp-thumbs-layout-horizontal","owp-btn-normal","owp-tabs-layout-horizontal","has-no-thumbnails","has-product-nav"],"_links":{"self":[{"href":"https:\/\/enikam.com\/de\/wp-json\/wp\/v2\/pages\/1558","targetHints":{"allow":["GET"]}}],"collection":[{"href":"https:\/\/enikam.com\/de\/wp-json\/wp\/v2\/pages"}],"about":[{"href":"https:\/\/enikam.com\/de\/wp-json\/wp\/v2\/types\/page"}],"author":[{"embeddable":true,"href":"https:\/\/enikam.com\/de\/wp-json\/wp\/v2\/users\/1"}],"replies":[{"embeddable":true,"href":"https:\/\/enikam.com\/de\/wp-json\/wp\/v2\/comments?post=1558"}],"version-history":[{"count":6,"href":"https:\/\/enikam.com\/de\/wp-json\/wp\/v2\/pages\/1558\/revisions"}],"predecessor-version":[{"id":11065,"href":"https:\/\/enikam.com\/de\/wp-json\/wp\/v2\/pages\/1558\/revisions\/11065"}],"up":[{"embeddable":true,"href":"https:\/\/enikam.com\/de\/wp-json\/wp\/v2\/pages\/1567"}],"wp:attachment":[{"href":"https:\/\/enikam.com\/de\/wp-json\/wp\/v2\/media?parent=1558"}],"curies":[{"name":"wp","href":"https:\/\/api.w.org\/{rel}","templated":true}]}}