{"id":1551,"date":"2021-08-31T05:46:21","date_gmt":"2021-08-31T04:46:21","guid":{"rendered":"https:\/\/enikam.neznano.com\/?page_id=1551"},"modified":"2023-12-18T15:01:16","modified_gmt":"2023-12-18T15:01:16","slug":"geschaftsbedingungen","status":"publish","type":"page","link":"https:\/\/enikam.com\/de\/bedingungen-richtlinien\/geschaftsbedingungen\/","title":{"rendered":"Gesch\u00e4ftsbedingungen"},"content":{"rendered":"\t\t<div data-elementor-type=\"wp-page\" data-elementor-id=\"1551\" class=\"elementor elementor-1551\">\n\t\t\t\t\t\t<section class=\"has_eae_slider elementor-section elementor-top-section elementor-element elementor-element-f480edb elementor-section-boxed elementor-section-height-default elementor-section-height-default\" data-id=\"f480edb\" data-element_type=\"section\">\n\t\t\t\t\t\t<div class=\"elementor-container elementor-column-gap-default\">\n\t\t\t\t\t<div class=\"has_eae_slider elementor-column elementor-col-100 elementor-top-column elementor-element elementor-element-9ac331d\" data-id=\"9ac331d\" data-element_type=\"column\">\n\t\t\t<div class=\"elementor-widget-wrap elementor-element-populated\">\n\t\t\t\t\t\t<div class=\"elementor-element elementor-element-3edaa7f elementor-widget elementor-widget-heading\" data-id=\"3edaa7f\" data-element_type=\"widget\" data-widget_type=\"heading.default\">\n\t\t\t\t<div class=\"elementor-widget-container\">\n\t\t\t<style>\/*! elementor - v3.21.0 - 26-05-2024 *\/\n.elementor-heading-title{padding:0;margin:0;line-height:1}.elementor-widget-heading .elementor-heading-title[class*=elementor-size-]>a{color:inherit;font-size:inherit;line-height:inherit}.elementor-widget-heading .elementor-heading-title.elementor-size-small{font-size:15px}.elementor-widget-heading .elementor-heading-title.elementor-size-medium{font-size:19px}.elementor-widget-heading .elementor-heading-title.elementor-size-large{font-size:29px}.elementor-widget-heading .elementor-heading-title.elementor-size-xl{font-size:39px}.elementor-widget-heading .elementor-heading-title.elementor-size-xxl{font-size:59px}<\/style><h2 class=\"elementor-heading-title elementor-size-default\">BEDINGUNGEN UND KONDITIONEN<\/h2>\t\t<\/div>\n\t\t\t\t<\/div>\n\t\t\t\t<div class=\"elementor-element elementor-element-c6c4158 elementor-widget elementor-widget-text-editor\" data-id=\"c6c4158\" data-element_type=\"widget\" data-widget_type=\"text-editor.default\">\n\t\t\t\t<div class=\"elementor-widget-container\">\n\t\t\t<style>\/*! elementor - v3.21.0 - 26-05-2024 *\/\n.elementor-widget-text-editor.elementor-drop-cap-view-stacked .elementor-drop-cap{background-color:#69727d;color:#fff}.elementor-widget-text-editor.elementor-drop-cap-view-framed .elementor-drop-cap{color:#69727d;border:3px solid;background-color:transparent}.elementor-widget-text-editor:not(.elementor-drop-cap-view-default) .elementor-drop-cap{margin-top:8px}.elementor-widget-text-editor:not(.elementor-drop-cap-view-default) .elementor-drop-cap-letter{width:1em;height:1em}.elementor-widget-text-editor .elementor-drop-cap{float:left;text-align:center;line-height:1;font-size:50px}.elementor-widget-text-editor .elementor-drop-cap-letter{display:inline-block}<\/style>\t\t\t\t<p>Der Betreiber der Enikam-Website, die unter <a href=\"https:\/\/enikam.com\/de\/\">https:\/\/enikam.com\/de\/<\/a> abrufbar ist, ist das Unternehmen ENIKAM d.o.o., Cesta Andreja Bitenca 118, 1000 Ljubljana, Slowenien (im Folgenden: &#8222;Anbieter&#8220;).<\/p>\t\t\t\t\t\t<\/div>\n\t\t\t\t<\/div>\n\t\t\t\t<div class=\"elementor-element elementor-element-6ffc807 elementor-widget elementor-widget-text-editor\" data-id=\"6ffc807\" data-element_type=\"widget\" data-widget_type=\"text-editor.default\">\n\t\t\t\t<div class=\"elementor-widget-container\">\n\t\t\t\t\t\t\t<strong>Informationen \u00fcber den Anbieter:<\/strong>\t\t\t\t\t\t<\/div>\n\t\t\t\t<\/div>\n\t\t\t\t<div class=\"elementor-element elementor-element-5d94403 elementor-widget elementor-widget-text-editor\" data-id=\"5d94403\" data-element_type=\"widget\" data-widget_type=\"text-editor.default\">\n\t\t\t\t<div class=\"elementor-widget-container\">\n\t\t\t\t\t\t\t<p>ENIKAM D.O.O.<\/p><p>Cesta Andreja Bitenca 118<br \/>1000 Ljubljana, Slovenia<br \/>Steuernummer: SI15361454<br \/>Registrierungsnummer: 6739946000<br \/>Telefonnummer: +386 31 634 900<br \/>E-Mail:\u00a0<a href=\"mailto:info@enikam-oxy.com\">info@enikam-oxy.com<\/a><\/p>\t\t\t\t\t\t<\/div>\n\t\t\t\t<\/div>\n\t\t\t\t<div class=\"elementor-element elementor-element-6cab7e4 elementor-widget elementor-widget-text-editor\" data-id=\"6cab7e4\" data-element_type=\"widget\" data-widget_type=\"text-editor.default\">\n\t\t\t\t<div class=\"elementor-widget-container\">\n\t\t\t\t\t\t\t<p><strong>Nutzung der Webseite<\/strong><\/p>\t\t\t\t\t\t<\/div>\n\t\t\t\t<\/div>\n\t\t\t\t<div class=\"elementor-element elementor-element-e7d8b3d elementor-widget elementor-widget-text-editor\" data-id=\"e7d8b3d\" data-element_type=\"widget\" data-widget_type=\"text-editor.default\">\n\t\t\t\t<div class=\"elementor-widget-container\">\n\t\t\t\t\t\t\t<p>Der Inhalt von <a href=\"https:\/\/enikam.com\/de\/\">https:\/\/enikam.com\/de\/<\/a> dient zu Informations- und Bildungszwecken und ist nicht als Ersatz f\u00fcr eine medizinische Beratung, Diagnose oder Behandlung geeignet. Wir empfehlen Ihnen, Ihren pers\u00f6nlichen Arzt \u00fcber den Nutzen unserer Ratschl\u00e4ge und Produkte zu befragen.<\/p>\t\t\t\t\t\t<\/div>\n\t\t\t\t<\/div>\n\t\t\t\t<div class=\"elementor-element elementor-element-2eaa329 elementor-widget elementor-widget-text-editor\" data-id=\"2eaa329\" data-element_type=\"widget\" data-widget_type=\"text-editor.default\">\n\t\t\t\t<div class=\"elementor-widget-container\">\n\t\t\t\t\t\t\t<p><strong>Produktangebot und Kauf<\/strong><\/p>\t\t\t\t\t\t<\/div>\n\t\t\t\t<\/div>\n\t\t\t\t<div class=\"elementor-element elementor-element-16ab887 elementor-widget elementor-widget-text-editor\" data-id=\"16ab887\" data-element_type=\"widget\" data-widget_type=\"text-editor.default\">\n\t\t\t\t<div class=\"elementor-widget-container\">\n\t\t\t\t\t\t\t<p>Die Preise der Produkte auf der Webseite sind in Euro angegeben, enthalten die Mehrwertsteuer und sind am Tag der Bestellung g\u00fcltig. Aufgrund der Natur des Gesch\u00e4fts k\u00f6nnen sie ohne vorherige Ank\u00fcndigung ge\u00e4ndert werden.<\/p><p>Die Bestellung erfolgt \u00fcber ein Formular, und der Kunde muss dem Anbieter die richtigen Informationen zur Verf\u00fcgung stellen:<\/p><ul><li>Vor- und Nachname oder Firmenname mit Steuernummer,<\/li><li>die Adresse des Kunden,<\/li><li>Lieferadresse,<\/li><li>Telefonnummer,<\/li><li>E-Mail.<\/li><\/ul><p>Auf dem Bestellformular m\u00fcssen Art und Anzahl der bestellten Produkte sowie die Zahlungsweise angegeben werden.<\/p><p>Die Eink\u00e4ufe k\u00f6nnen mit oder ohne Registrierung auf der Website durchgef\u00fchrt werden. Falls man ohne Benutzerkonto einkauft, muss man bei jedem Kauf alle notwendigen pers\u00f6nlichen Daten erneut eingeben. Mit der Registrierung im Online-Shop erstellt der Kunde einen Benutzernamen und ein Passwort. In Ihrem Account k\u00f6nnen Sie Ihre pers\u00f6nlichen Daten und Ihr Passwort \u00e4ndern, den Status Ihrer Bestellung verfolgen und Ihre fr\u00fcheren Bestellungen einsehen.<\/p>\t\t\t\t\t\t<\/div>\n\t\t\t\t<\/div>\n\t\t\t\t<div class=\"elementor-element elementor-element-c766d44 elementor-widget elementor-widget-text-editor\" data-id=\"c766d44\" data-element_type=\"widget\" data-widget_type=\"text-editor.default\">\n\t\t\t\t<div class=\"elementor-widget-container\">\n\t\t\t\t\t\t\t<p><strong>Kaufverfahren<\/strong><\/p>\t\t\t\t\t\t<\/div>\n\t\t\t\t<\/div>\n\t\t\t\t<div class=\"elementor-element elementor-element-73bab6e elementor-widget elementor-widget-text-editor\" data-id=\"73bab6e\" data-element_type=\"widget\" data-widget_type=\"text-editor.default\">\n\t\t\t\t<div class=\"elementor-widget-container\">\n\t\t\t\t\t\t\t<p>Nach der Bestellung erh\u00e4lt der Kunde eine E-Mail vom Anbieter, die ihn \u00fcber die Annahme der Bestellung informiert. Falls der Kunde die Bestellung nicht widerruft, wird die Bestellung weiterbearbeitet. Nach Erhalt der Bestellung \u00fcberpr\u00fcft der Anbieter die Bestellung, pr\u00fcft die Lieferbarkeit der bestellten Produkte und best\u00e4tigt oder lehnt die Bestellung mit einer Begr\u00fcndung ab. Der Anbieter kann sich auch telefonisch oder auf die vom Kunden genehmigte Weise oder \u00fcber die vom Kunden zum Zeitpunkt des Kaufs angegebenen Kontaktdaten mit dem Kunden in Verbindung setzen, um die Angaben zu \u00fcberpr\u00fcfen oder die Richtigkeit der Lieferung sicherzustellen. Nach Best\u00e4tigung der Bestellung teilt der Anbieter dem Kunden per E-Mail die voraussichtliche Lieferfrist mit. Der Anbieter muss die bestellten Produkte innerhalb der vereinbarten Frist bereitstellen und dem Kunden die Kontaktpersonen f\u00fcr den Fall einer Reklamation oder einer Lieferverz\u00f6gerung angeben.<\/p>\t\t\t\t\t\t<\/div>\n\t\t\t\t<\/div>\n\t\t\t\t<div class=\"elementor-element elementor-element-87cdb55 elementor-widget elementor-widget-text-editor\" data-id=\"87cdb55\" data-element_type=\"widget\" data-widget_type=\"text-editor.default\">\n\t\t\t\t<div class=\"elementor-widget-container\">\n\t\t\t\t\t\t\t<p><strong>Zahlungsweise\u00a0<\/strong><\/p>\t\t\t\t\t\t<\/div>\n\t\t\t\t<\/div>\n\t\t\t\t<div class=\"elementor-element elementor-element-26caa57 elementor-widget elementor-widget-text-editor\" data-id=\"26caa57\" data-element_type=\"widget\" data-widget_type=\"text-editor.default\">\n\t\t\t\t<div class=\"elementor-widget-container\">\n\t\t\t\t\t\t\t<p>Der Kunde kann die bestellten Produkte bezahlen:<\/p><ul><li>per Kredit- oder Debitkarte (Mastercard, Maestro, Visa, Diners) via die Quickpay-App.<\/li><li>via Paypal &#8211; der Betrag wird erst bei Versand der Ware von der Karte abgebucht.<\/li><\/ul>\t\t\t\t\t\t<\/div>\n\t\t\t\t<\/div>\n\t\t\t\t<div class=\"elementor-element elementor-element-2fb60d0 elementor-widget elementor-widget-text-editor\" data-id=\"2fb60d0\" data-element_type=\"widget\" data-widget_type=\"text-editor.default\">\n\t\t\t\t<div class=\"elementor-widget-container\">\n\t\t\t\t\t\t\t<strong>Lieferung <\/strong>\t\t\t\t\t\t<\/div>\n\t\t\t\t<\/div>\n\t\t\t\t<div class=\"elementor-element elementor-element-92c4cb8 elementor-widget elementor-widget-text-editor\" data-id=\"92c4cb8\" data-element_type=\"widget\" data-widget_type=\"text-editor.default\">\n\t\t\t\t<div class=\"elementor-widget-container\">\n\t\t\t\t\t\t\t<p>Der Anbieter liefert die bestellten Produkte dem Nutzer (Kunde) innerhalb des vereinbarten Zeitrahmens. Vertragspartner des Anbieters f\u00fcr die Lieferung der G\u00fcter ist GLS. Die H\u00f6he der Versandkosten h\u00e4ngt von dem Land ab, in das die Bestellung versandt wird. Der Anbieter ist berechtigt, einen anderen Lieferdienst zu w\u00e4hlen, wenn er dadurch die Bestellung effizienter ausf\u00fchren kann. Wir erm\u00f6glichen die Lieferung in alle europ\u00e4ischen L\u00e4nder.<\/p>\t\t\t\t\t\t<\/div>\n\t\t\t\t<\/div>\n\t\t\t\t<div class=\"elementor-element elementor-element-5e9cdb5 elementor-widget elementor-widget-text-editor\" data-id=\"5e9cdb5\" data-element_type=\"widget\" data-widget_type=\"text-editor.default\">\n\t\t\t\t<div class=\"elementor-widget-container\">\n\t\t\t\t\t\t\t<p><strong>Kostenloser Versand<\/strong><\/p>\t\t\t\t\t\t<\/div>\n\t\t\t\t<\/div>\n\t\t\t\t<div class=\"elementor-element elementor-element-2a808fe elementor-widget elementor-widget-text-editor\" data-id=\"2a808fe\" data-element_type=\"widget\" data-widget_type=\"text-editor.default\">\n\t\t\t\t<div class=\"elementor-widget-container\">\n\t\t\t\t\t\t\t<p>\u00dcbersteigt der Gesamtwert der Produkte im Warenkorb die angegebene Grenze von 80,00 EUR, ist der Versand kostenlos. Der Gesamtbetrag der Produkte wird unter Ber\u00fccksichtigung aller verwendeten Rabattgutscheine berechnet, was bedeutet, dass der Endpreis der Produkte einschlie\u00dflich aller angewandten Rabatte ber\u00fccksichtigt wird, um die Bedingung des kostenlosen Versands zu erf\u00fcllen.<\/p><p>Andere zus\u00e4tzliche Kosten, wie z. B. die Kosten f\u00fcr Zahlungsmethoden oder Produkte, die nach dem urspr\u00fcnglichen Abschluss des Kaufs hinzugef\u00fcgt werden, sind nicht im Gesamtbetrag der Bestellung f\u00fcr die Zwecke des kostenlosen Versandes enthalten.<\/p>\t\t\t\t\t\t<\/div>\n\t\t\t\t<\/div>\n\t\t\t\t<div class=\"elementor-element elementor-element-c445a79 elementor-widget elementor-widget-text-editor\" data-id=\"c445a79\" data-element_type=\"widget\" data-widget_type=\"text-editor.default\">\n\t\t\t\t<div class=\"elementor-widget-container\">\n\t\t\t\t\t\t\t<strong>Produktgarantie<\/strong> \t\t\t\t\t\t<\/div>\n\t\t\t\t<\/div>\n\t\t\t\t<div class=\"elementor-element elementor-element-5ae5638 elementor-widget elementor-widget-text-editor\" data-id=\"5ae5638\" data-element_type=\"widget\" data-widget_type=\"text-editor.default\">\n\t\t\t\t<div class=\"elementor-widget-container\">\n\t\t\t\t\t\t\t<p>Bei den auf <u>www.enikam.com<\/u>\u00a0verkauften Produkten handelt es sich nicht um technische G\u00fcter, deswegen gibt es keine Garantiekarte f\u00fcr sie. Die Produktlinien OROXID und OXILVER geh\u00f6ren zur Gruppe der oralen Medizinprodukte und Kosmetika. Die Produkte liegen in Form einer L\u00f6sung, eines Sprays oder eines Gels vor und sind daher keine Instrumente, Ger\u00e4te oder Vorrichtungen, die eine Garantiekarte erfordern.<\/p><p>Der Anbieter garantiert, dass das Produkt wie vorgesehen funktioniert, wenn der Benutzer\/K\u00e4ufer die mitgelieferten Anweisungen befolgt. Bei Fragen k\u00f6nnen Sie den professionellen Support unter der Telefonnummer +386 31 634 900 anrufen: oder eine E-Mail an dominika@enikam-oxy.com senden, wie auf der Website www.enikam.com angegeben.<\/p>\t\t\t\t\t\t<\/div>\n\t\t\t\t<\/div>\n\t\t\t\t<div class=\"elementor-element elementor-element-70b5448 elementor-widget elementor-widget-text-editor\" data-id=\"70b5448\" data-element_type=\"widget\" data-widget_type=\"text-editor.default\">\n\t\t\t\t<div class=\"elementor-widget-container\">\n\t\t\t\t\t\t\t<p><strong>Widerrufsrecht und R\u00fcckgabe von Produkten<\/strong><\/p>\t\t\t\t\t\t<\/div>\n\t\t\t\t<\/div>\n\t\t\t\t<div class=\"elementor-element elementor-element-6bd79ba elementor-widget elementor-widget-text-editor\" data-id=\"6bd79ba\" data-element_type=\"widget\" data-widget_type=\"text-editor.default\">\n\t\t\t\t<div class=\"elementor-widget-container\">\n\t\t\t\t\t\t\t<p>Nach Artikel 43 des Verbraucherschutzgesetzes hat der K\u00e4ufer das Recht, ohne Angabe von Gr\u00fcnden von der Bestellung zur\u00fcckzutreten. Alle Versandkosten, die im Falle einer R\u00fccksendung der Ware anfallen, gehen zu Lasten des K\u00e4ufers.<\/p><p>Der K\u00e4ufer ist verpflichtet, den Anbieter innerhalb von 14 Tagen nach Erhalt der Ware schriftlich zu benachrichtigen und die Ware zusammen mit einer Kopie der Rechnung unbesch\u00e4digt und unbenutzt innerhalb von 30 Tagen nach R\u00fccktritt von der Bestellung zur\u00fcckzusenden. Die Ware muss in der Originalverpackung, unbesch\u00e4digt und unbenutzt an ENIKAM d.o.o., P.E. Stegne 33, 1000 Ljubljana, Slowenien, zur\u00fcckgeschickt werden.<\/p><p>Bei der R\u00fccksendung der Ware muss der K\u00e4ufer die Nummer des Bankkontos angeben, auf das der Anbieter den Kaufpreis innerhalb von f\u00fcnf Werktagen nach Erhalt der zur\u00fcckgesandten Ware \u00fcberweisen wird.\u00a0<\/p>\t\t\t\t\t\t<\/div>\n\t\t\t\t<\/div>\n\t\t\t\t<div class=\"elementor-element elementor-element-bad5dfb elementor-widget elementor-widget-text-editor\" data-id=\"bad5dfb\" data-element_type=\"widget\" data-widget_type=\"text-editor.default\">\n\t\t\t\t<div class=\"elementor-widget-container\">\n\t\t\t\t\t\t\t<strong>Beanstandungen<\/strong>\t\t\t\t\t\t<\/div>\n\t\t\t\t<\/div>\n\t\t\t\t<div class=\"elementor-element elementor-element-77ff590 elementor-widget elementor-widget-text-editor\" data-id=\"77ff590\" data-element_type=\"widget\" data-widget_type=\"text-editor.default\">\n\t\t\t\t<div class=\"elementor-widget-container\">\n\t\t\t\t\t\t\t<p>Der Anbieter h\u00e4lt sich an die geltende Verbraucherschutzgesetzgebung. Der K\u00e4ufer kann eine Reklamation bez\u00fcglich seiner Bestellung an den Anbieter schriftlich an die folgende E-Mail-Adresse richten: info@enikam-oxy.com. Das Beschwerdeverfahren ist vertraulich.<\/p><p>Innerhalb von 5 Arbeitstagen best\u00e4tigt der Anbieter den Eingang der Beschwerde und teilt dem Kunden mit, wie lange die Bearbeitung der Beschwerde dauern wird, wobei er den Kunden w\u00e4hrend des gesamten Prozesses auf dem Laufenden h\u00e4lt. Der Anbieter wird sich nach besten Kr\u00e4ften bem\u00fchen, etwaige Streitigkeiten g\u00fctlich beizulegen. Kommt keine g\u00fctliche Einigung zustande, so ist f\u00fcr die Beilegung aller Streitigkeiten zwischen dem Anbieter und dem Erwerber ausschlie\u00dflich das Zivilgericht in Ljubljana zust\u00e4ndig. Der Anbieter und der Abnehmer erkennen als Teilnehmer am elektronischen Gesch\u00e4ftsverkehr gegenseitig die G\u00fcltigkeit elektronischer Nachrichten vor Gericht an.\u00a0<\/p>\t\t\t\t\t\t<\/div>\n\t\t\t\t<\/div>\n\t\t\t\t<div class=\"elementor-element elementor-element-8d5ba00 elementor-widget elementor-widget-text-editor\" data-id=\"8d5ba00\" data-element_type=\"widget\" data-widget_type=\"text-editor.default\">\n\t\t\t\t<div class=\"elementor-widget-container\">\n\t\t\t\t\t\t\t<strong>Datenschutzbestimmungen <\/strong>\t\t\t\t\t\t<\/div>\n\t\t\t\t<\/div>\n\t\t\t\t<div class=\"elementor-element elementor-element-64556e8 elementor-widget elementor-widget-text-editor\" data-id=\"64556e8\" data-element_type=\"widget\" data-widget_type=\"text-editor.default\">\n\t\t\t\t<div class=\"elementor-widget-container\">\n\t\t\t\t\t\t\tDie Datenschutzrichtlinie ist ebenfalls Teil dieser Allgemeinen Gesch\u00e4ftsbedingungen und kann hier eingesehen werden.\t\t\t\t\t\t<\/div>\n\t\t\t\t<\/div>\n\t\t\t\t<div class=\"elementor-element elementor-element-a5b64c3 elementor-widget elementor-widget-text-editor\" data-id=\"a5b64c3\" data-element_type=\"widget\" data-widget_type=\"text-editor.default\">\n\t\t\t\t<div class=\"elementor-widget-container\">\n\t\t\t\t\t\t\t<strong>Haftung f\u00fcr Fehler<\/strong>\t\t\t\t\t\t<\/div>\n\t\t\t\t<\/div>\n\t\t\t\t<div class=\"elementor-element elementor-element-7043898 elementor-widget elementor-widget-text-editor\" data-id=\"7043898\" data-element_type=\"widget\" data-widget_type=\"text-editor.default\">\n\t\t\t\t<div class=\"elementor-widget-container\">\n\t\t\t\t\t\t\t<p>Wir bem\u00fchen uns, nur gepr\u00fcfte und korrekte Informationen auf www.enikam.com zu ver\u00f6ffentlichen. Wenn Sie unwahre oder unangemessene Informationen auf unserer Website finden, kontaktieren Sie uns bitte unter info@enikam-oxy.com.<\/p><p>Die Produktfotos auf der Website wurden sorgf\u00e4ltig ausgew\u00e4hlt, sind jedoch nur symbolisch zu verstehen und stellen keine Garantie f\u00fcr die Qualit\u00e4t des Produkts dar.<\/p><p>Als Anbieter verpflichten wir uns zur vertragsgem\u00e4\u00dfen Lieferung der Produkte. Wir haften f\u00fcr Sachm\u00e4ngel an den Produkten nach dem Konsumentenschutzgesetz. Der K\u00e4ufer kann sich auf einen Mangel des Produkts berufen, wenn er uns den Mangel innerhalb von zwei Monaten nach der Entdeckung des Mangels, sp\u00e4testens jedoch innerhalb von zwei Jahren nach der Lieferung des Produkts mitteilt.<\/p>\t\t\t\t\t\t<\/div>\n\t\t\t\t<\/div>\n\t\t\t\t<div class=\"elementor-element elementor-element-56ab333 elementor-widget elementor-widget-text-editor\" data-id=\"56ab333\" data-element_type=\"widget\" data-widget_type=\"text-editor.default\">\n\t\t\t\t<div class=\"elementor-widget-container\">\n\t\t\t\t\t\t\t<p><strong>Anwendung des Gesetzes<\/strong><\/p>\t\t\t\t\t\t<\/div>\n\t\t\t\t<\/div>\n\t\t\t\t<div class=\"elementor-element elementor-element-3c0d3e7 elementor-widget elementor-widget-text-editor\" data-id=\"3c0d3e7\" data-element_type=\"widget\" data-widget_type=\"text-editor.default\">\n\t\t\t\t<div class=\"elementor-widget-container\">\n\t\t\t\t\t\t\t<p>Die Bestimmungen des Obligationenrechts, des Gesetzes \u00fcber den elektronischen Gesch\u00e4ftsverkehr, des Gesetzes \u00fcber den Schutz personenbezogener Daten und des Gesetzes \u00fcber den Verbraucherschutz gelten sinngem\u00e4\u00df f\u00fcr alle Beziehungen und Rechte und Pflichten, die nicht in den Allgemeinen Gesch\u00e4ftsbedingungen geregelt sind.\u00a0<\/p>\t\t\t\t\t\t<\/div>\n\t\t\t\t<\/div>\n\t\t\t\t<div class=\"elementor-element elementor-element-58e3e2d elementor-widget elementor-widget-text-editor\" data-id=\"58e3e2d\" data-element_type=\"widget\" data-widget_type=\"text-editor.default\">\n\t\t\t\t<div class=\"elementor-widget-container\">\n\t\t\t\t\t\t\t<p><strong>\u00c4nderungen <\/strong><strong>der Allgemeinen Gesch\u00e4ftsbedingungen\u00a0<\/strong><\/p>\t\t\t\t\t\t<\/div>\n\t\t\t\t<\/div>\n\t\t\t\t<div class=\"elementor-element elementor-element-b5dbb34 elementor-widget elementor-widget-text-editor\" data-id=\"b5dbb34\" data-element_type=\"widget\" data-widget_type=\"text-editor.default\">\n\t\t\t\t<div class=\"elementor-widget-container\">\n\t\t\t\t\t\t\t<p>Die Gesch\u00e4ftsbedingungen k\u00f6nnen sich aufgrund der Vorschriften \u00fcber den Betrieb von Websites, den Datenschutz und im Falle einer \u00c4nderung der Gesch\u00e4ftspolitik des Anbieters \u00e4ndern.<\/p><p>Der Anbieter informiert seine Kunden \u00fcber \u00c4nderungen der Allgemeinen Gesch\u00e4ftsbedingungen, indem er sie auf www.enikam.si ver\u00f6ffentlicht. \u00c4nderungen oder Erg\u00e4nzungen der Allgemeinen Gesch\u00e4ftsbedingungen treten unmittelbar nach Ver\u00f6ffentlichung auf der Website des Anbieters in Kraft.<\/p><p>Die Bedingungen wurden von Dominika Tompa Majcen, CEO von Enikam d.o.o., am 14. Dezember 2020 angenommen.<\/p><p>16.09.2022 \u2013 \u00c4nderungsantrag Nr. 1<\/p>\t\t\t\t\t\t<\/div>\n\t\t\t\t<\/div>\n\t\t\t\t\t<\/div>\n\t\t<\/div>\n\t\t\t\t\t<\/div>\n\t\t<\/section>\n\t\t\t\t<\/div>\n\t\t","protected":false},"excerpt":{"rendered":"<p>\/*! elementor &#8211; v3.11.2 &#8211; 22-02-2023 *\/ .elementor-heading-title{padding:0;margin:0;line-height:1}.elementor-widget-heading .elementor-heading-title[class*=elementor-size-]&gt;a{color:inherit;font-size:inherit;line-height:inherit}.elementor-widget-heading .elementor-heading-title.elementor-size-small{font-size:15px}.elementor-widget-heading .elementor-heading-title.elementor-size-medium{font-size:19px}.elementor-widget-heading .elementor-heading-title.elementor-size-large{font-size:29px}.elementor-widget-heading .elementor-heading-title.elementor-size-xl{font-size:39px}.elementor-widget-heading .elementor-heading-title.elementor-size-xxl{font-size:59px} BEDINGUNGEN UND KONDITIONEN Der Betreiber der Enikam-Website, die unter https:\/\/enikam.com\/de\/ abrufbar ist, ist das Unternehmen ENIKAM d.o.o., Cesta Andreja Bitenca 118, 1000 Ljubljana, Slowenien (im Folgenden: &#8222;Anbieter&#8220;). Informationen \u00fcber den Anbieter: ENIKAM D.O.O. Cesta Andreja Bitenca 1181000 Ljubljana, SloveniaSteuernummer: SI15361454Registrierungsnummer: 6739946000Telefonnummer: [&hellip;]<\/p>\n","protected":false},"author":1,"featured_media":0,"parent":1567,"menu_order":0,"comment_status":"closed","ping_status":"closed","template":"","meta":{"footnotes":""},"class_list":["post-1551","page","type-page","status-publish","hentry","entry","owp-thumbs-layout-horizontal","owp-btn-normal","owp-tabs-layout-horizontal","has-no-thumbnails","has-product-nav"],"_links":{"self":[{"href":"https:\/\/enikam.com\/de\/wp-json\/wp\/v2\/pages\/1551","targetHints":{"allow":["GET"]}}],"collection":[{"href":"https:\/\/enikam.com\/de\/wp-json\/wp\/v2\/pages"}],"about":[{"href":"https:\/\/enikam.com\/de\/wp-json\/wp\/v2\/types\/page"}],"author":[{"embeddable":true,"href":"https:\/\/enikam.com\/de\/wp-json\/wp\/v2\/users\/1"}],"replies":[{"embeddable":true,"href":"https:\/\/enikam.com\/de\/wp-json\/wp\/v2\/comments?post=1551"}],"version-history":[{"count":24,"href":"https:\/\/enikam.com\/de\/wp-json\/wp\/v2\/pages\/1551\/revisions"}],"predecessor-version":[{"id":12188,"href":"https:\/\/enikam.com\/de\/wp-json\/wp\/v2\/pages\/1551\/revisions\/12188"}],"up":[{"embeddable":true,"href":"https:\/\/enikam.com\/de\/wp-json\/wp\/v2\/pages\/1567"}],"wp:attachment":[{"href":"https:\/\/enikam.com\/de\/wp-json\/wp\/v2\/media?parent=1551"}],"curies":[{"name":"wp","href":"https:\/\/api.w.org\/{rel}","templated":true}]}}