{"id":11965,"date":"2023-08-01T06:46:17","date_gmt":"2023-08-01T06:46:17","guid":{"rendered":"https:\/\/enikam.com\/de\/?page_id=11965"},"modified":"2023-08-01T07:18:37","modified_gmt":"2023-08-01T07:18:37","slug":"dominika-tompa-majcen","status":"publish","type":"page","link":"https:\/\/enikam.com\/de\/dominika-tompa-majcen\/","title":{"rendered":"Dominika Tompa Majcen"},"content":{"rendered":"\t\t<div data-elementor-type=\"wp-page\" data-elementor-id=\"11965\" class=\"elementor elementor-11965\">\n\t\t\t\t\t\t<section class=\"has_eae_slider elementor-section elementor-top-section elementor-element elementor-element-3df9a55 elementor-section-boxed elementor-section-height-default elementor-section-height-default\" data-id=\"3df9a55\" data-element_type=\"section\">\n\t\t\t\t\t\t<div class=\"elementor-container elementor-column-gap-default\">\n\t\t\t\t\t<div class=\"has_eae_slider elementor-column elementor-col-100 elementor-top-column elementor-element elementor-element-6850333\" data-id=\"6850333\" data-element_type=\"column\">\n\t\t\t<div class=\"elementor-widget-wrap elementor-element-populated\">\n\t\t\t\t\t\t<section class=\"has_eae_slider elementor-section elementor-inner-section elementor-element elementor-element-cb8ef72 elementor-section-boxed elementor-section-height-default elementor-section-height-default\" data-id=\"cb8ef72\" data-element_type=\"section\">\n\t\t\t\t\t\t<div class=\"elementor-container elementor-column-gap-default\">\n\t\t\t\t\t<div class=\"has_eae_slider elementor-column elementor-col-50 elementor-inner-column elementor-element elementor-element-2d982ba\" data-id=\"2d982ba\" data-element_type=\"column\">\n\t\t\t<div class=\"elementor-widget-wrap elementor-element-populated\">\n\t\t\t\t\t\t<div class=\"elementor-element elementor-element-4a26415 elementor-hidden-mobile elementor-widget elementor-widget-image\" data-id=\"4a26415\" data-element_type=\"widget\" data-widget_type=\"image.default\">\n\t\t\t\t<div class=\"elementor-widget-container\">\n\t\t\t<style>\/*! elementor - v3.21.0 - 26-05-2024 *\/\n.elementor-widget-image{text-align:center}.elementor-widget-image a{display:inline-block}.elementor-widget-image a img[src$=\".svg\"]{width:48px}.elementor-widget-image img{vertical-align:middle;display:inline-block}<\/style>\t\t\t\t\t\t\t\t\t\t<img decoding=\"async\" src=\"http:\/\/enikam.neznano.com\/wp-content\/uploads\/2021\/08\/2021-06-08_12-03.png\" title=\"\" alt=\"\" loading=\"lazy\" \/>\t\t\t\t\t\t\t\t\t\t\t\t\t<\/div>\n\t\t\t\t<\/div>\n\t\t\t\t<div class=\"elementor-element elementor-element-60ac820 elementor-hidden-mobile elementor-widget elementor-widget-image\" data-id=\"60ac820\" data-element_type=\"widget\" data-widget_type=\"image.default\">\n\t\t\t\t<div class=\"elementor-widget-container\">\n\t\t\t\t\t\t\t\t\t\t\t\t\t<img decoding=\"async\" src=\"https:\/\/enikam.com\/wp-content\/uploads\/2021\/12\/2021-06-08_12-03.png\" title=\"\" alt=\"\" loading=\"lazy\" \/>\t\t\t\t\t\t\t\t\t\t\t\t\t<\/div>\n\t\t\t\t<\/div>\n\t\t\t\t\t<\/div>\n\t\t<\/div>\n\t\t\t\t<div class=\"has_eae_slider elementor-column elementor-col-50 elementor-inner-column elementor-element elementor-element-9899f16\" data-id=\"9899f16\" data-element_type=\"column\">\n\t\t\t<div class=\"elementor-widget-wrap elementor-element-populated\">\n\t\t\t\t\t\t<div class=\"elementor-element elementor-element-b8e8588 elementor-widget elementor-widget-text-editor\" data-id=\"b8e8588\" data-element_type=\"widget\" data-widget_type=\"text-editor.default\">\n\t\t\t\t<div class=\"elementor-widget-container\">\n\t\t\t<style>\/*! elementor - v3.21.0 - 26-05-2024 *\/\n.elementor-widget-text-editor.elementor-drop-cap-view-stacked .elementor-drop-cap{background-color:#69727d;color:#fff}.elementor-widget-text-editor.elementor-drop-cap-view-framed .elementor-drop-cap{color:#69727d;border:3px solid;background-color:transparent}.elementor-widget-text-editor:not(.elementor-drop-cap-view-default) .elementor-drop-cap{margin-top:8px}.elementor-widget-text-editor:not(.elementor-drop-cap-view-default) .elementor-drop-cap-letter{width:1em;height:1em}.elementor-widget-text-editor .elementor-drop-cap{float:left;text-align:center;line-height:1;font-size:50px}.elementor-widget-text-editor .elementor-drop-cap-letter{display:inline-block}<\/style>\t\t\t\t<p>Gr\u00fcnderin und Gesch\u00e4ftsf\u00fchrerin:<\/p><p><strong>Dominika Tompa Majcen, M.Pharm.<\/strong><br \/><strong>Slowenische Innovatorin<\/strong><\/p><p>&#8211; Leiterin der Forschung und Entwicklung<br \/>&#8211; CEO: Registrierung, Management, Verkauf und Vertrieb<br \/>&#8211; Verwaltung von ISO-, CE- und MD- und anderen Normen und Zertifizierungen<br \/>&#8211; 22 Jahre Erfahrung in f\u00fchrenden internationalen Pharmaunternehmen<\/p><p>Dominika Tompa Majcen hat sich schon in jungen Jahren f\u00fcr medizinische und pharmazeutische Themen interessiert. Sie entschied sich f\u00fcr ein Studium an der Fakult\u00e4t f\u00fcr Pharmazie in Ljubljana, doch der unerf\u00fcllte Wunsch nach Kontakt mit der Medizin veranlasste sie, ihre Doktorarbeit am Institut f\u00fcr Pathophysiologie an der medizinischen Fakult\u00e4t in Ljubljana zu schreiben. Am Tag nach ihrem Abschluss begann sie ihre 22-j\u00e4hrige Karriere in multinationalen Pharmaunternehmen, die sie durch verschiedene medizinische Bereiche und Behandlungen f\u00fchrte. Nachdem sie jahrelang gearbeitet und vielf\u00e4ltige Erfahrungen gesammelt hatte, ergab sich die Gelegenheit und Herausforderung, ihr eigenes Unternehmen zu gr\u00fcnden. So entstand im Dezember 2014 das Forschungs- und Entwicklungsunternehmen ENIKAM mit eigenen Produkten auf Basis von aktiven Sauerstoffverbindungen. Es folgte eine Zeit intensiver Forschung, Rezepturentwicklung, Suche nach geeigneten Partnern f\u00fcr Entwicklung und Produktion. Das Ergebnis ist das einzige in Europa registrierte und patentierte Produkt auf Basis von aktiven Sauerstoffverbindungen.<\/p><p><strong>Pers\u00f6nliches Motto<\/strong>: &#8220;F\u00fcr mich geht es darum, Dinge zu tun, die mir Freude machen, Gutes zu tun und den Menschen so zu dienen, dass sie davon profitieren und ihnen helfen. Es kommt nicht darauf an, wie lange und wie viel M\u00fche man sich gibt, um sein Ziel zu erreichen. Wenn man mit Herzblut bei der Sache ist und etwas N\u00fctzliches f\u00fcr die Menschen tut, ist alles m\u00f6glich und alles machbar. Wenn das Motto lautet: gute Absicht, Anstrengung und Wissen, dann gibt es meiner Meinung nach keine Hindernisse auf dem Weg zum Erfolg.&#8221;<\/p><p>\u00a0<\/p>\t\t\t\t\t\t<\/div>\n\t\t\t\t<\/div>\n\t\t\t\t<div class=\"elementor-element elementor-element-628bbe8 elementor-hidden-desktop elementor-hidden-tablet elementor-widget elementor-widget-image\" data-id=\"628bbe8\" data-element_type=\"widget\" data-widget_type=\"image.default\">\n\t\t\t\t<div class=\"elementor-widget-container\">\n\t\t\t\t\t\t\t\t\t\t\t\t\t<img decoding=\"async\" src=\"https:\/\/enikam.com\/wp-content\/uploads\/2021\/12\/2021-06-08_12-03.png\" title=\"\" alt=\"\" loading=\"lazy\" \/>\t\t\t\t\t\t\t\t\t\t\t\t\t<\/div>\n\t\t\t\t<\/div>\n\t\t\t\t\t<\/div>\n\t\t<\/div>\n\t\t\t\t\t<\/div>\n\t\t<\/section>\n\t\t\t\t\t<\/div>\n\t\t<\/div>\n\t\t\t\t\t<\/div>\n\t\t<\/section>\n\t\t\t\t<\/div>\n\t\t","protected":false},"excerpt":{"rendered":"<p>Gr\u00fcnderin und Gesch\u00e4ftsf\u00fchrerin: Dominika Tompa Majcen, M.Pharm.Slowenische Innovatorin &#8211; Leiterin der Forschung und Entwicklung&#8211; CEO: Registrierung, Management, Verkauf und Vertrieb&#8211; Verwaltung von ISO-, CE- und MD- und anderen Normen und Zertifizierungen&#8211; 22 Jahre Erfahrung in f\u00fchrenden internationalen Pharmaunternehmen Dominika Tompa Majcen hat sich schon in jungen Jahren f\u00fcr medizinische und pharmazeutische Themen interessiert. Sie entschied [&hellip;]<\/p>\n","protected":false},"author":1,"featured_media":0,"parent":0,"menu_order":0,"comment_status":"closed","ping_status":"closed","template":"","meta":{"footnotes":""},"class_list":["post-11965","page","type-page","status-publish","hentry","entry","owp-thumbs-layout-horizontal","owp-btn-normal","owp-tabs-layout-horizontal","has-no-thumbnails","has-product-nav"],"_links":{"self":[{"href":"https:\/\/enikam.com\/de\/wp-json\/wp\/v2\/pages\/11965","targetHints":{"allow":["GET"]}}],"collection":[{"href":"https:\/\/enikam.com\/de\/wp-json\/wp\/v2\/pages"}],"about":[{"href":"https:\/\/enikam.com\/de\/wp-json\/wp\/v2\/types\/page"}],"author":[{"embeddable":true,"href":"https:\/\/enikam.com\/de\/wp-json\/wp\/v2\/users\/1"}],"replies":[{"embeddable":true,"href":"https:\/\/enikam.com\/de\/wp-json\/wp\/v2\/comments?post=11965"}],"version-history":[{"count":7,"href":"https:\/\/enikam.com\/de\/wp-json\/wp\/v2\/pages\/11965\/revisions"}],"predecessor-version":[{"id":12115,"href":"https:\/\/enikam.com\/de\/wp-json\/wp\/v2\/pages\/11965\/revisions\/12115"}],"wp:attachment":[{"href":"https:\/\/enikam.com\/de\/wp-json\/wp\/v2\/media?parent=11965"}],"curies":[{"name":"wp","href":"https:\/\/api.w.org\/{rel}","templated":true}]}}